{"id":13,"date":"2026-03-19T06:42:57","date_gmt":"2026-03-19T06:42:57","guid":{"rendered":"https:\/\/products.pap.com.vn\/?page_id=13"},"modified":"2026-03-22T08:35:56","modified_gmt":"2026-03-22T08:35:56","slug":"cart","status":"publish","type":"page","link":"https:\/\/products.pap.com.vn\/?page_id=13","title":{"rendered":"Cart"},"content":{"rendered":"\n<div data-block-name=\"woocommerce\/cart\" class=\"wp-block-woocommerce-cart alignwide is-loading\">\n<div data-block-name=\"woocommerce\/filled-cart-block\" class=\"wp-block-woocommerce-filled-cart-block\">\n<div data-block-name=\"woocommerce\/cart-items-block\" class=\"wp-block-woocommerce-cart-items-block\">\n<div data-block-name=\"woocommerce\/cart-line-items-block\" class=\"wp-block-woocommerce-cart-line-items-block\"><\/div>\n\n\n<\/div>\n\n\n\n\n<div data-block-name=\"woocommerce\/cart-totals-block\" class=\"wp-block-woocommerce-cart-totals-block\">\n<div data-block-name=\"woocommerce\/cart-order-summary-block\" class=\"wp-block-woocommerce-cart-order-summary-block\">\n<div data-block-name=\"woocommerce\/cart-order-summary-heading-block\" class=\"wp-block-woocommerce-cart-order-summary-heading-block\"><\/div><div data-block-name=\"woocommerce\/cart-order-summary-coupon-form-block\" class=\"wp-block-woocommerce-cart-order-summary-coupon-form-block\"><\/div><div data-block-name=\"woocommerce\/cart-order-summary-totals-block\" class=\"wp-block-woocommerce-cart-order-summary-totals-block\">\n<div data-block-name=\"woocommerce\/cart-order-summary-subtotal-block\" class=\"wp-block-woocommerce-cart-order-summary-subtotal-block\"><\/div>\n<div data-block-name=\"woocommerce\/cart-order-summary-discount-block\" class=\"wp-block-woocommerce-cart-order-summary-discount-block\"><\/div>\n<div data-block-name=\"woocommerce\/cart-order-summary-fee-block\" class=\"wp-block-woocommerce-cart-order-summary-fee-block\"><\/div>\n<div data-block-name=\"woocommerce\/cart-order-summary-shipping-block\" class=\"wp-block-woocommerce-cart-order-summary-shipping-block\"><\/div>\n<div data-block-name=\"woocommerce\/cart-order-summary-taxes-block\" class=\"wp-block-woocommerce-cart-order-summary-taxes-block\"><\/div><\/div>\n<\/div>\n\n\n\n<div data-block-name=\"woocommerce\/cart-express-payment-block\" class=\"wp-block-woocommerce-cart-express-payment-block\"><\/div>\n\n\n\n<div data-block-name=\"woocommerce\/proceed-to-checkout-block\" class=\"wp-block-woocommerce-proceed-to-checkout-block\"><\/div>\n\n\n\n<div data-block-name=\"woocommerce\/cart-accepted-payment-methods-block\" class=\"wp-block-woocommerce-cart-accepted-payment-methods-block\"><\/div>\n<\/div>\n<\/div>\n\n\n\n<div data-block-name=\"woocommerce\/empty-cart-block\" class=\"wp-block-woocommerce-empty-cart-block\">\n<h2 class=\"wp-block-heading has-text-align-center with-empty-cart-icon wc-block-cart__empty-cart__title\">Your cart is currently empty!<\/h2>\n\n\n\n<hr class=\"wp-block-separator has-alpha-channel-opacity is-style-dots\"\/>\n\n\n\n<h2 class=\"wp-block-heading has-text-align-center\">New in store<\/h2>\n\n\n<div data-block-name=\"woocommerce\/product-new\" data-columns=\"4\" data-rows=\"1\" class=\"wc-block-grid wp-block-product-new wp-block-woocommerce-product-new wc-block-product-new has-4-columns\"><ul class=\"wc-block-grid__products\"><li class=\"wc-block-grid__product\">\n\t\t\t\t<a href=\"https:\/\/products.pap.com.vn\/?product=bep-au-4-hong-co-lo-nuong\" class=\"wc-block-grid__product-link\">\n\t\t\t\t\t\n\t\t\t\t\t<div class=\"wc-block-grid__product-image\"><img fetchpriority=\"high\" decoding=\"async\" width=\"300\" height=\"300\" src=\"https:\/\/products.pap.com.vn\/wp-content\/uploads\/2026\/04\/Bep-Au-Kingbetter-1-300x300.jpg\" class=\"attachment-woocommerce_thumbnail size-woocommerce_thumbnail\" alt=\"B\u1ebfp \u00c2u 4 h\u1ecdng c\u00f3 l\u00f2 n\u01b0\u1edbng\" srcset=\"https:\/\/products.pap.com.vn\/wp-content\/uploads\/2026\/04\/Bep-Au-Kingbetter-1-300x300.jpg 300w, https:\/\/products.pap.com.vn\/wp-content\/uploads\/2026\/04\/Bep-Au-Kingbetter-1-150x150.jpg 150w, https:\/\/products.pap.com.vn\/wp-content\/uploads\/2026\/04\/Bep-Au-Kingbetter-1-600x600.jpg 600w, https:\/\/products.pap.com.vn\/wp-content\/uploads\/2026\/04\/Bep-Au-Kingbetter-1-100x100.jpg 100w, https:\/\/products.pap.com.vn\/wp-content\/uploads\/2026\/04\/Bep-Au-Kingbetter-1-64x64.jpg 64w, https:\/\/products.pap.com.vn\/wp-content\/uploads\/2026\/04\/Bep-Au-Kingbetter-1.jpg 625w\" sizes=\"(max-width: 300px) 100vw, 300px\" \/><\/div>\n\t\t\t\t\t<div class=\"wc-block-grid__product-title\">B\u1ebfp \u00c2u 4 h\u1ecdng c\u00f3 l\u00f2 n\u01b0\u1edbng KingBetter XKE-RQB-700<\/div>\n\t\t\t\t<\/a>\n\t\t\t\t<div class=\"wc-block-grid__product-price price\"><span class=\"woocommerce-Price-amount amount\">0&nbsp;<span class=\"woocommerce-Price-currencySymbol\">&#8363;<\/span><\/span><\/div>\n\t\t\t\t\n\t\t\t\t<div class=\"wp-block-button wc-block-grid__product-add-to-cart\"><a href=\"\/index.php?rest_route=%2Fwp%2Fv2%2Fpages%2F13&#038;add-to-cart=1111\" aria-label=\"Add to cart: &ldquo;B\u1ebfp \u00c2u 4 h\u1ecdng c\u00f3 l\u00f2 n\u01b0\u1edbng KingBetter XKE-RQB-700&rdquo;\" data-quantity=\"1\" data-product_id=\"1111\" data-product_sku=\"\" data-price=\"0\" rel=\"nofollow\" class=\"wp-block-button__link  add_to_cart_button ajax_add_to_cart\">Add to cart<\/a><\/div>\n\t\t\t<\/li><li class=\"wc-block-grid__product\">\n\t\t\t\t<a href=\"https:\/\/products.pap.com.vn\/?product=may-rua-chen-cua-day\" class=\"wc-block-grid__product-link\">\n\t\t\t\t\t\n\t\t\t\t\t<div class=\"wc-block-grid__product-image\"><img decoding=\"async\" width=\"300\" height=\"300\" src=\"https:\/\/products.pap.com.vn\/wp-content\/uploads\/2026\/04\/May-rua-chen-cua-day-WinterHalter-P50-300x300.jpg\" class=\"attachment-woocommerce_thumbnail size-woocommerce_thumbnail\" alt=\"M\u00e1y r\u1eeda ch\u00e9n c\u1eeda \u0111\u1ea9y WinterHalter P50\" srcset=\"https:\/\/products.pap.com.vn\/wp-content\/uploads\/2026\/04\/May-rua-chen-cua-day-WinterHalter-P50-300x300.jpg 300w, https:\/\/products.pap.com.vn\/wp-content\/uploads\/2026\/04\/May-rua-chen-cua-day-WinterHalter-P50-150x150.jpg 150w, https:\/\/products.pap.com.vn\/wp-content\/uploads\/2026\/04\/May-rua-chen-cua-day-WinterHalter-P50-768x768.jpg 768w, https:\/\/products.pap.com.vn\/wp-content\/uploads\/2026\/04\/May-rua-chen-cua-day-WinterHalter-P50-600x600.jpg 600w, https:\/\/products.pap.com.vn\/wp-content\/uploads\/2026\/04\/May-rua-chen-cua-day-WinterHalter-P50-100x100.jpg 100w, https:\/\/products.pap.com.vn\/wp-content\/uploads\/2026\/04\/May-rua-chen-cua-day-WinterHalter-P50-64x64.jpg 64w, https:\/\/products.pap.com.vn\/wp-content\/uploads\/2026\/04\/May-rua-chen-cua-day-WinterHalter-P50.jpg 875w\" sizes=\"(max-width: 300px) 100vw, 300px\" \/><\/div>\n\t\t\t\t\t<div class=\"wc-block-grid__product-title\">M\u00e1y r\u1eeda ch\u00e9n c\u1eeda \u0111\u1ea9y WinterHalter P50<\/div>\n\t\t\t\t<\/a>\n\t\t\t\t<div class=\"wc-block-grid__product-price price\"><span class=\"woocommerce-Price-amount amount\">0&nbsp;<span class=\"woocommerce-Price-currencySymbol\">&#8363;<\/span><\/span><\/div>\n\t\t\t\t\n\t\t\t\t<div class=\"wp-block-button wc-block-grid__product-add-to-cart\"><a href=\"\/index.php?rest_route=%2Fwp%2Fv2%2Fpages%2F13&#038;add-to-cart=1103\" aria-label=\"Add to cart: &ldquo;M\u00e1y r\u1eeda ch\u00e9n c\u1eeda \u0111\u1ea9y WinterHalter P50&rdquo;\" data-quantity=\"1\" data-product_id=\"1103\" data-product_sku=\"\" data-price=\"0\" rel=\"nofollow\" class=\"wp-block-button__link  add_to_cart_button ajax_add_to_cart\">Add to cart<\/a><\/div>\n\t\t\t<\/li><li class=\"wc-block-grid__product\">\n\t\t\t\t<a href=\"https:\/\/products.pap.com.vn\/?product=bep-au-4-hong-1\" class=\"wc-block-grid__product-link\">\n\t\t\t\t\t\n\t\t\t\t\t<div class=\"wc-block-grid__product-image\"><img decoding=\"async\" width=\"300\" height=\"300\" src=\"https:\/\/products.pap.com.vn\/wp-content\/uploads\/2026\/04\/Bep-Au-Kingbetter-300x300.jpg\" class=\"attachment-woocommerce_thumbnail size-woocommerce_thumbnail\" alt=\"B\u1ebfp \u00c2u 4 h\u1ecdng d\u00f9ng gas KingBetter E-RQB-700X\" srcset=\"https:\/\/products.pap.com.vn\/wp-content\/uploads\/2026\/04\/Bep-Au-Kingbetter-300x300.jpg 300w, https:\/\/products.pap.com.vn\/wp-content\/uploads\/2026\/04\/Bep-Au-Kingbetter-150x150.jpg 150w, https:\/\/products.pap.com.vn\/wp-content\/uploads\/2026\/04\/Bep-Au-Kingbetter-768x768.jpg 768w, https:\/\/products.pap.com.vn\/wp-content\/uploads\/2026\/04\/Bep-Au-Kingbetter-600x600.jpg 600w, https:\/\/products.pap.com.vn\/wp-content\/uploads\/2026\/04\/Bep-Au-Kingbetter-100x100.jpg 100w, https:\/\/products.pap.com.vn\/wp-content\/uploads\/2026\/04\/Bep-Au-Kingbetter-64x64.jpg 64w, https:\/\/products.pap.com.vn\/wp-content\/uploads\/2026\/04\/Bep-Au-Kingbetter.jpg 875w\" sizes=\"(max-width: 300px) 100vw, 300px\" \/><\/div>\n\t\t\t\t\t<div class=\"wc-block-grid__product-title\">B\u1ebfp \u00c2u 4 h\u1ecdng d\u00f9ng gas KingBetter E-RQB-700X<\/div>\n\t\t\t\t<\/a>\n\t\t\t\t<div class=\"wc-block-grid__product-price price\"><span class=\"woocommerce-Price-amount amount\">0&nbsp;<span class=\"woocommerce-Price-currencySymbol\">&#8363;<\/span><\/span><\/div>\n\t\t\t\t\n\t\t\t\t<div class=\"wp-block-button wc-block-grid__product-add-to-cart\"><a href=\"\/index.php?rest_route=%2Fwp%2Fv2%2Fpages%2F13&#038;add-to-cart=1094\" aria-label=\"Add to cart: &ldquo;B\u1ebfp \u00c2u 4 h\u1ecdng d\u00f9ng gas KingBetter E-RQB-700X&rdquo;\" data-quantity=\"1\" data-product_id=\"1094\" data-product_sku=\"\" data-price=\"0\" rel=\"nofollow\" class=\"wp-block-button__link  add_to_cart_button ajax_add_to_cart\">Add to cart<\/a><\/div>\n\t\t\t<\/li><li class=\"wc-block-grid__product\">\n\t\t\t\t<a href=\"https:\/\/products.pap.com.vn\/?product=tu-dong-cong-nghiep-finocool-fnurf2d\" class=\"wc-block-grid__product-link\">\n\t\t\t\t\t\n\t\t\t\t\t<div class=\"wc-block-grid__product-image\"><img loading=\"lazy\" decoding=\"async\" width=\"300\" height=\"300\" src=\"https:\/\/products.pap.com.vn\/wp-content\/uploads\/2026\/04\/Tu-lanh-cong-nghiep-2-cua-Finocool-FN-URC2D-300x300.jpg\" class=\"attachment-woocommerce_thumbnail size-woocommerce_thumbnail\" alt=\"t\u1ee7 \u0111\u00f4ng c\u00f4ng nghi\u1ec7p Finocool FN-URF2D\" srcset=\"https:\/\/products.pap.com.vn\/wp-content\/uploads\/2026\/04\/Tu-lanh-cong-nghiep-2-cua-Finocool-FN-URC2D-300x300.jpg 300w, https:\/\/products.pap.com.vn\/wp-content\/uploads\/2026\/04\/Tu-lanh-cong-nghiep-2-cua-Finocool-FN-URC2D-150x150.jpg 150w, https:\/\/products.pap.com.vn\/wp-content\/uploads\/2026\/04\/Tu-lanh-cong-nghiep-2-cua-Finocool-FN-URC2D-600x600.jpg 600w, https:\/\/products.pap.com.vn\/wp-content\/uploads\/2026\/04\/Tu-lanh-cong-nghiep-2-cua-Finocool-FN-URC2D-100x100.jpg 100w, https:\/\/products.pap.com.vn\/wp-content\/uploads\/2026\/04\/Tu-lanh-cong-nghiep-2-cua-Finocool-FN-URC2D-64x64.jpg 64w, https:\/\/products.pap.com.vn\/wp-content\/uploads\/2026\/04\/Tu-lanh-cong-nghiep-2-cua-Finocool-FN-URC2D.jpg 625w\" sizes=\"(max-width: 300px) 100vw, 300px\" \/><\/div>\n\t\t\t\t\t<div class=\"wc-block-grid__product-title\">T\u1ee7 \u0111\u00f4ng c\u00f4ng nghi\u1ec7p 2 c\u00e1nh FinoCool FN-URF2D<\/div>\n\t\t\t\t<\/a>\n\t\t\t\t<div class=\"wc-block-grid__product-price price\"><span class=\"woocommerce-Price-amount amount\">0&nbsp;<span class=\"woocommerce-Price-currencySymbol\">&#8363;<\/span><\/span><\/div>\n\t\t\t\t\n\t\t\t\t<div class=\"wp-block-button wc-block-grid__product-add-to-cart\"><a href=\"\/index.php?rest_route=%2Fwp%2Fv2%2Fpages%2F13&#038;add-to-cart=1052\" aria-label=\"Add to cart: &ldquo;T\u1ee7 \u0111\u00f4ng c\u00f4ng nghi\u1ec7p 2 c\u00e1nh FinoCool FN-URF2D&rdquo;\" data-quantity=\"1\" data-product_id=\"1052\" data-product_sku=\"\" data-price=\"0\" rel=\"nofollow\" class=\"wp-block-button__link  add_to_cart_button ajax_add_to_cart\">Add to cart<\/a><\/div>\n\t\t\t<\/li><\/ul><\/div><\/div>\n<\/div>\n","protected":false},"excerpt":{"rendered":"","protected":false},"author":1,"featured_media":0,"parent":0,"menu_order":0,"comment_status":"closed","ping_status":"closed","template":"","meta":{"footnotes":""},"class_list":["post-13","page","type-page","status-publish","hentry"],"_links":{"self":[{"href":"https:\/\/products.pap.com.vn\/index.php?rest_route=\/wp\/v2\/pages\/13","targetHints":{"allow":["GET"]}}],"collection":[{"href":"https:\/\/products.pap.com.vn\/index.php?rest_route=\/wp\/v2\/pages"}],"about":[{"href":"https:\/\/products.pap.com.vn\/index.php?rest_route=\/wp\/v2\/types\/page"}],"author":[{"embeddable":true,"href":"https:\/\/products.pap.com.vn\/index.php?rest_route=\/wp\/v2\/users\/1"}],"replies":[{"embeddable":true,"href":"https:\/\/products.pap.com.vn\/index.php?rest_route=%2Fwp%2Fv2%2Fcomments&post=13"}],"version-history":[{"count":1,"href":"https:\/\/products.pap.com.vn\/index.php?rest_route=\/wp\/v2\/pages\/13\/revisions"}],"predecessor-version":[{"id":17,"href":"https:\/\/products.pap.com.vn\/index.php?rest_route=\/wp\/v2\/pages\/13\/revisions\/17"}],"wp:attachment":[{"href":"https:\/\/products.pap.com.vn\/index.php?rest_route=%2Fwp%2Fv2%2Fmedia&parent=13"}],"curies":[{"name":"wp","href":"https:\/\/api.w.org\/{rel}","templated":true}]}}