{"id":1036,"date":"2026-04-08T09:36:06","date_gmt":"2026-04-08T09:36:06","guid":{"rendered":"https:\/\/products.pap.com.vn\/?post_type=product&#038;p=1036"},"modified":"2026-04-08T09:36:07","modified_gmt":"2026-04-08T09:36:07","slug":"bep-a-2-hong","status":"publish","type":"product","link":"https:\/\/products.pap.com.vn\/?product=bep-a-2-hong","title":{"rendered":"B\u1ebfp \u00c1 2 h\u1ecdng c\u00f3 qu\u1ea1t th\u1ed5i KingBetter YDSS-2000"},"content":{"rendered":"<p>B\u1ebfp \u00c1 2 h\u1ecdng c\u00f3 qu\u1ea1t th\u1ed5i KingBetter YDSS-2000 \u0111\u01b0\u1ee3c thi\u1ebft k\u1ebf ph\u00f9 h\u1ee3p v\u1edbi c\u00e1c khu b\u1ebfp c\u00f4ng nghi\u1ec7p c\u00f3 t\u1ea7n su\u1ea5t n\u1ea5u n\u01b0\u1edbng cao nh\u01b0 nh\u00e0 h\u00e0ng, kh\u00e1ch s\u1ea1n, b\u1ebfp \u0103n t\u1eadp th\u1ec3 v\u00e0 qu\u00e1n \u0103n quy m\u00f4 l\u1edbn. S\u1ea3n ph\u1ea9m trang b\u1ecb h\u1ec7 th\u1ed1ng qu\u1ea1t th\u1ed5i m\u1ea1nh m\u1ebd gi\u00fap t\u0103ng l\u01b0\u1ee3ng oxy v\u00e0o bu\u1ed3ng \u0111\u1ed1t, t\u1ea1o ng\u1ecdn l\u1eeda l\u1edbn v\u00e0 t\u1eadp trung, t\u1eeb \u0111\u00f3 r\u00fat ng\u1eafn th\u1eddi gian ch\u1ebf bi\u1ebfn v\u00e0 n\u00e2ng cao hi\u1ec7u su\u1ea5t n\u1ea5u n\u01b0\u1edbng.<\/p>\n<h1>Th\u00f4ng s\u1ed1 k\u1ef9 thu\u1eadt c\u1ee7a b\u1ebfp \u00e1 2 h\u1ecdng c\u00f3 qu\u1ea1t th\u1ed5i KingBetter YDSS-2000<\/h1>\n<table>\n<thead>\n<tr>\n<th>H\u1ea1ng m\u1ee5c<\/th>\n<th>Th\u00f4ng s\u1ed1<\/th>\n<\/tr>\n<\/thead>\n<tbody>\n<tr>\n<td>T\u00ean s\u1ea3n ph\u1ea9m<\/td>\n<td>B\u1ebfp \u00c1 2 h\u1ecdng c\u00f3 qu\u1ea1t th\u1ed5i KingBetter YDSS-2000<\/td>\n<\/tr>\n<tr>\n<td>K\u00edch th\u01b0\u1edbc<\/td>\n<td>2000 x 1000 x 800\/350\/100 mm<\/td>\n<\/tr>\n<tr>\n<td>S\u1ed1 h\u1ecdng \u0111\u1ed1t<\/td>\n<td>2 h\u1ecdng<\/td>\n<\/tr>\n<tr>\n<td>H\u1ec7 th\u1ed1ng qu\u1ea1t th\u1ed5i<\/td>\n<td>2 qu\u1ea1t th\u1ed5i<\/td>\n<\/tr>\n<tr>\n<td>Th\u1ed1 n\u01b0\u1edbc<\/td>\n<td>2 th\u1ed1 n\u01b0\u1edbc<\/td>\n<\/tr>\n<tr>\n<td>Ch\u1ea5t li\u1ec7u<\/td>\n<td>Inox 304 b\u1ec1 m\u1eb7t<\/td>\n<\/tr>\n<tr>\n<td>C\u00f4ng su\u1ea5t qu\u1ea1t<\/td>\n<td>500W<\/td>\n<\/tr>\n<tr>\n<td>\u1ee8ng d\u1ee5ng<\/td>\n<td>Nh\u00e0 h\u00e0ng, kh\u00e1ch s\u1ea1n, b\u1ebfp \u0103n c\u00f4ng nghi\u1ec7p, qu\u00e1n \u0103n quy m\u00f4 l\u1edbn<\/td>\n<\/tr>\n<\/tbody>\n<\/table>\n<p data-section-id=\"yvlt9m\" data-start=\"992\" data-end=\"1054\"><img fetchpriority=\"high\" decoding=\"async\" class=\"aligncenter wp-image-1038 size-large\" src=\"https:\/\/products.pap.com.vn\/wp-content\/uploads\/2026\/04\/Bep-a-xao-2-hong-Kingbetter-2-1024x569.jpg\" alt=\"B\u1ebfp \u00c1 2 h\u1ecdng c\u00f3 qu\u1ea1t th\u1ed5i KingBetter YDSS-2000\" width=\"800\" height=\"445\" srcset=\"https:\/\/products.pap.com.vn\/wp-content\/uploads\/2026\/04\/Bep-a-xao-2-hong-Kingbetter-2-1024x569.jpg 1024w, https:\/\/products.pap.com.vn\/wp-content\/uploads\/2026\/04\/Bep-a-xao-2-hong-Kingbetter-2-300x167.jpg 300w, https:\/\/products.pap.com.vn\/wp-content\/uploads\/2026\/04\/Bep-a-xao-2-hong-Kingbetter-2-768x427.jpg 768w, https:\/\/products.pap.com.vn\/wp-content\/uploads\/2026\/04\/Bep-a-xao-2-hong-Kingbetter-2-600x333.jpg 600w, https:\/\/products.pap.com.vn\/wp-content\/uploads\/2026\/04\/Bep-a-xao-2-hong-Kingbetter-2-64x36.jpg 64w, https:\/\/products.pap.com.vn\/wp-content\/uploads\/2026\/04\/Bep-a-xao-2-hong-Kingbetter-2.jpg 1125w\" sizes=\"(max-width: 800px) 100vw, 800px\" \/><\/p>\n<h2 data-section-id=\"yvlt9m\" data-start=\"992\" data-end=\"1054\"><span role=\"text\">B\u1ebfp \u00c1 2 h\u1ecdng c\u00f3 qu\u1ea1t th\u1ed5i <strong data-start=\"1021\" data-end=\"1045\">KingBetter YDSS-2000<\/strong> kh\u00e1c g\u00ec?<\/span><\/h2>\n<h3 data-section-id=\"13psf1s\" data-start=\"1056\" data-end=\"1108\">1) C\u1ea5u h\u00ecnh m\u1ea1nh v\u00e0 \u0111\u1ed3ng b\u1ed9 h\u01a1n nh\u00f3m ph\u1ed5 th\u00f4ng<\/h3>\n<ul data-start=\"1109\" data-end=\"1328\">\n<li data-section-id=\"108xo72\" data-start=\"1109\" data-end=\"1220\">Trang b\u1ecb <strong data-start=\"1120\" data-end=\"1148\">2 qu\u1ea1t th\u1ed5i + 2 th\u1ed1 n\u01b0\u1edbc<\/strong>, gi\u00fap t\u0103ng l\u01b0\u1ee3ng oxy v\u00e0o bu\u1ed3ng \u0111\u1ed1t, t\u1ea1o ng\u1ecdn l\u1eeda m\u1ea1nh v\u00e0 \u1ed5n \u0111\u1ecbnh h\u01a1n.<\/li>\n<li data-section-id=\"70l78x\" data-start=\"1221\" data-end=\"1328\">C\u00f4ng su\u1ea5t qu\u1ea1t kho\u1ea3ng <strong data-start=\"1245\" data-end=\"1257\">500\u2013550W<\/strong>, cao h\u01a1n nhi\u1ec1u m\u1eabu ti\u00eau chu\u1ea9n.<\/li>\n<\/ul>\n<h3 data-section-id=\"l41jjj\" data-start=\"1451\" data-end=\"1497\">2) K\u00edch th\u01b0\u1edbc chu\u1ea9n b\u1ebfp c\u00f4ng nghi\u1ec7p (2m)<\/h3>\n<ul data-start=\"1498\" data-end=\"1648\">\n<li data-section-id=\"1m8qh0b\" data-start=\"1498\" data-end=\"1648\">K\u00edch th\u01b0\u1edbc kho\u1ea3ng 2000 x 1000 x 800 mm \u2014 \u0111\u00e2y l\u00e0 size ti\u00eau chu\u1ea9n cho b\u1ebfp nh\u00e0 h\u00e0ng l\u1edbn ho\u1eb7c b\u1ebfp trung t\u00e2m.<\/li>\n<\/ul>\n<p><a href=\"http:\/\/products.pap.com.vn\">===&gt;&gt;&gt;&gt;&gt;&gt;Tham kh\u1ea3o th\u00eam c\u00e1c s\u1ea3n ph\u1ea9m c\u1ee7a ch\u00fang t\u00f4i t\u1ea1i \u0111\u00e2y<\/a><\/p>\n<h3 data-section-id=\"16ke78y\" data-start=\"1746\" data-end=\"1797\">3) \u0110\u1ed9 b\u1ec1n v\u00e0 \u0111\u1ed9 \u1ed5n \u0111\u1ecbnh cao h\u01a1n d\u00f2ng gi\u00e1 th\u1ea5p<\/h3>\n<p data-start=\"1798\" data-end=\"1845\">\u0110i\u1ec3m kh\u00e1c bi\u1ec7t th\u01b0\u1eddng th\u1ea5y c\u1ee7a d\u00f2ng KingBetter:<\/p>\n<ul data-start=\"1847\" data-end=\"1963\">\n<li data-section-id=\"6hsm3s\" data-start=\"1847\" data-end=\"1883\">Khung inox d\u00e0y v\u00e0 ho\u00e0n thi\u1ec7n t\u1ed1t<\/li>\n<li data-section-id=\"1tdrebe\" data-start=\"1884\" data-end=\"1923\">H\u1ec7 th\u1ed1ng \u0111\u00e1nh l\u1eeda v\u00e0 ch\u1ed1ng ph\u1ef1c l\u1eeda<\/li>\n<li data-section-id=\"tw2wh8\" data-start=\"1924\" data-end=\"1963\">Thi\u1ebft k\u1ebf d\u00e0nh cho v\u1eadn h\u00e0nh li\u00ean t\u1ee5c<\/li>\n<\/ul>\n<p data-start=\"1965\" data-end=\"2131\">M\u1ed9t s\u1ed1 model c\u00f9ng d\u00f2ng c\u00f2n t\u00edch h\u1ee3p \u0111\u00e1nh l\u1eeda \u0111i\u1ec7n t\u1eed v\u00e0 c\u01a1 ch\u1ebf an to\u00e0n, gi\u00fap gi\u1ea3m r\u1ee7i ro trong m\u00f4i tr\u01b0\u1eddng b\u1ebfp c\u00f4ng nghi\u1ec7p.<\/p>\n<h2 data-section-id=\"aklx0m\" data-start=\"125\" data-end=\"184\">T\u1ea1i sao n\u00ean ch\u1ecdn mua thi\u1ebft b\u1ecb b\u1ebfp c\u00f4ng nghi\u1ec7p t\u1ea1i P.A.P?<\/h2>\n<p data-start=\"186\" data-end=\"571\"><strong data-start=\"186\" data-end=\"247\">V\u1edbi h\u01a1n 20 n\u0103m kinh nghi\u1ec7m trong l\u0129nh v\u1ef1c b\u1ebfp c\u00f4ng nghi\u1ec7p<\/strong>, P.A.P kh\u00f4ng ch\u1ec9 cung c\u1ea5p thi\u1ebft b\u1ecb m\u00e0 c\u00f2n mang \u0111\u1ebfn gi\u1ea3i ph\u00e1p t\u1ed5ng th\u1ec3, \u0111\u00e1p \u1ee9ng nhu c\u1ea7u v\u1eadn h\u00e0nh th\u1ef1c t\u1ebf c\u1ee7a nh\u00e0 h\u00e0ng, kh\u00e1ch s\u1ea1n, b\u1ebfp \u0103n c\u00f4ng nghi\u1ec7p v\u00e0 c\u00e1c m\u00f4 h\u00ecnh F&amp;B chuy\u00ean nghi\u1ec7p. Th\u00e2m ni\u00ean l\u00e2u n\u0103m trong ngh\u1ec1 l\u00e0 n\u1ec1n t\u1ea3ng gi\u00fap P.A.P am hi\u1ec3u s\u00e2u v\u1ec1 k\u1ef9 thu\u1eadt, ti\u00eau chu\u1ea9n an to\u00e0n v\u00e0 quy tr\u00ecnh v\u1eadn h\u00e0nh c\u1ee7a t\u1eebng lo\u1ea1i h\u00ecnh b\u1ebfp.<\/p>\n<p data-start=\"573\" data-end=\"898\">Trong su\u1ed1t qu\u00e1 tr\u00ecnh ph\u00e1t tri\u1ec3n, P.A.P \u0111\u00e3 <strong data-start=\"615\" data-end=\"681\">th\u1ef1c hi\u1ec7n v\u00e0 tri\u1ec3n khai th\u00e0nh c\u00f4ng nhi\u1ec1u d\u1ef1 \u00e1n b\u1ebfp c\u00f4ng nghi\u1ec7p<\/strong> t\u1ea1i nh\u00e0 h\u00e0ng, resort, kh\u00e1ch s\u1ea1n, khu c\u00f4ng nghi\u1ec7p v\u00e0 tr\u01b0\u1eddng h\u1ecdc. M\u1ed7i d\u1ef1 \u00e1n l\u00e0 m\u1ed9t minh ch\u1ee9ng cho n\u0103ng l\u1ef1c thi\u1ebft k\u1ebf, s\u1ea3n xu\u1ea5t v\u00e0 thi c\u00f4ng \u0111\u1ed3ng b\u1ed9, \u0111\u1ea3m b\u1ea3o ti\u1ebfn \u0111\u1ed9, ch\u1ea5t l\u01b0\u1ee3ng v\u00e0 hi\u1ec7u qu\u1ea3 s\u1eed d\u1ee5ng l\u00e2u d\u00e0i cho kh\u00e1ch h\u00e0ng.<\/p>\n<h3 data-section-id=\"bwkdc\" data-start=\"900\" data-end=\"951\">Nh\u1eefng l\u00fd do kh\u00e1ch h\u00e0ng tin t\u01b0\u1edfng l\u1ef1a ch\u1ecdn P.A.P<\/h3>\n<p data-start=\"953\" data-end=\"1142\"><strong data-start=\"953\" data-end=\"990\">1) Kinh nghi\u1ec7m th\u1ef1c t\u1ebf h\u01a1n 20 n\u0103m<\/strong><br data-start=\"990\" data-end=\"993\" \/>Hi\u1ec3u r\u00f5 \u0111\u1eb7c th\u00f9 t\u1eebng m\u00f4 h\u00ecnh b\u1ebfp, t\u1eeb b\u1ebfp nh\u00e0 h\u00e0ng nh\u1ecf \u0111\u1ebfn b\u1ebfp c\u00f4ng nghi\u1ec7p quy m\u00f4 l\u1edbn, gi\u00fap t\u01b0 v\u1ea5n \u0111\u00fang thi\u1ebft b\u1ecb, \u0111\u00fang c\u00f4ng su\u1ea5t v\u00e0 ph\u00f9 h\u1ee3p ng\u00e2n s\u00e1ch.<\/p>\n<p data-start=\"1144\" data-end=\"1317\"><strong data-start=\"1144\" data-end=\"1184\">2) \u0110\u00e3 tri\u1ec3n khai nhi\u1ec1u d\u1ef1 \u00e1n \u0111a d\u1ea1ng<\/strong><br data-start=\"1184\" data-end=\"1187\" \/>T\u00edch l\u0169y kinh nghi\u1ec7m t\u1eeb th\u1ef1c t\u1ebf v\u1eadn h\u00e0nh, gi\u00fap t\u1ed1i \u01b0u c\u00f4ng n\u0103ng, b\u1ed1 tr\u00ed thi\u1ebft b\u1ecb h\u1ee3p l\u00fd v\u00e0 h\u1ea1n ch\u1ebf r\u1ee7i ro trong qu\u00e1 tr\u00ecnh s\u1eed d\u1ee5ng.<\/p>\n<p data-start=\"1319\" data-end=\"1499\"><strong data-start=\"1319\" data-end=\"1369\">3) Gi\u1ea3i ph\u00e1p tr\u1ecdn g\u00f3i t\u1eeb thi\u1ebft k\u1ebf \u0111\u1ebfn thi c\u00f4ng<\/strong><br data-start=\"1369\" data-end=\"1372\" \/>Kh\u00f4ng ch\u1ec9 b\u00e1n thi\u1ebft b\u1ecb, P.A.P c\u00f2n cung c\u1ea5p d\u1ecbch v\u1ee5 kh\u1ea3o s\u00e1t, thi\u1ebft k\u1ebf layout b\u1ebfp, s\u1ea3n xu\u1ea5t thi\u1ebft b\u1ecb inox v\u00e0 l\u1eafp \u0111\u1eb7t ho\u00e0n ch\u1ec9nh.<\/p>\n<p data-start=\"1501\" data-end=\"1670\"><strong data-start=\"1501\" data-end=\"1549\">4) Ch\u1ee7 \u0111\u1ed9ng s\u1ea3n xu\u1ea5t v\u00e0 ki\u1ec3m so\u00e1t ch\u1ea5t l\u01b0\u1ee3ng<\/strong><br data-start=\"1549\" data-end=\"1552\" \/>S\u1edf h\u1eefu x\u01b0\u1edfng gia c\u00f4ng v\u1edbi \u0111\u1ed9i ng\u0169 k\u1ef9 thu\u1eadt l\u00e0nh ngh\u1ec1, gi\u00fap \u0111\u1ea3m b\u1ea3o \u0111\u1ed9 ho\u00e0n thi\u1ec7n cao, ti\u1ebfn \u0111\u1ed9 nhanh v\u00e0 chi ph\u00ed h\u1ee3p l\u00fd.<\/p>\n<p data-start=\"1672\" data-end=\"1815\"><strong data-start=\"1672\" data-end=\"1713\">5) D\u1ecbch v\u1ee5 h\u1eadu m\u00e3i v\u00e0 h\u1ed7 tr\u1ee3 k\u1ef9 thu\u1eadt<\/strong><br data-start=\"1713\" data-end=\"1716\" \/>\u0110\u1ed3ng h\u00e0nh c\u00f9ng kh\u00e1ch h\u00e0ng trong su\u1ed1t qu\u00e1 tr\u00ecnh s\u1eed d\u1ee5ng, b\u1ea3o tr\u00ec v\u00e0 n\u00e2ng c\u1ea5p thi\u1ebft b\u1ecb khi c\u1ea7n thi\u1ebft.<\/p>\n<p data-start=\"1822\" data-end=\"2004\" data-is-last-node=\"\" data-is-only-node=\"\"><a href=\"http:\/\/pap.com.vn\" target=\"_blank\" rel=\"noopener\">P.A.P \u2013 \u0110\u1ed1i t\u00e1c tin c\u1eady cho m\u1ecdi d\u1ef1 \u00e1n b\u1ebfp c\u00f4ng nghi\u1ec7p,<\/a> v\u1edbi n\u1ec1n t\u1ea3ng kinh nghi\u1ec7m v\u1eefng ch\u1eafc, n\u0103ng l\u1ef1c tri\u1ec3n khai th\u1ef1c t\u1ebf v\u00e0 cam k\u1ebft ch\u1ea5t l\u01b0\u1ee3ng trong t\u1eebng s\u1ea3n ph\u1ea9m, t\u1eebng c\u00f4ng tr\u00ecnh.<\/p>\n","protected":false},"excerpt":{"rendered":"<p>B\u1ebfp \u00c1 2 h\u1ecdng c\u00f3 qu\u1ea1t th\u1ed5i KingBetter YDSS-2000:<\/p>\n<ul>\n<li>K\u00edch th\u01b0\u1edbc: 2000*1000*800*350*100 mm<\/li>\n<li>2 qu\u1ea1t th\u1ed5i<\/li>\n<li>2 th\u1ed1 n\u01b0\u1edbc<\/li>\n<li>Inox 304 b\u1ec1 m\u1eb7t<\/li>\n<li>c\u00f4ng su\u1ea5t 500W<\/li>\n<\/ul>\n","protected":false},"featured_media":1037,"comment_status":"open","ping_status":"closed","template":"","meta":[],"product_brand":[25],"product_cat":[17,49],"product_tag":[],"class_list":{"0":"post-1036","1":"product","2":"type-product","3":"status-publish","4":"has-post-thumbnail","6":"product_brand-kingbetter","7":"product_cat-thiet-bi-bep","8":"product_cat-bep-a","10":"first","11":"instock","12":"taxable","13":"shipping-taxable","14":"purchasable","15":"product-type-simple"},"_links":{"self":[{"href":"https:\/\/products.pap.com.vn\/index.php?rest_route=\/wp\/v2\/product\/1036","targetHints":{"allow":["GET"]}}],"collection":[{"href":"https:\/\/products.pap.com.vn\/index.php?rest_route=\/wp\/v2\/product"}],"about":[{"href":"https:\/\/products.pap.com.vn\/index.php?rest_route=\/wp\/v2\/types\/product"}],"replies":[{"embeddable":true,"href":"https:\/\/products.pap.com.vn\/index.php?rest_route=%2Fwp%2Fv2%2Fcomments&post=1036"}],"version-history":[{"count":1,"href":"https:\/\/products.pap.com.vn\/index.php?rest_route=\/wp\/v2\/product\/1036\/revisions"}],"predecessor-version":[{"id":1039,"href":"https:\/\/products.pap.com.vn\/index.php?rest_route=\/wp\/v2\/product\/1036\/revisions\/1039"}],"wp:featuredmedia":[{"embeddable":true,"href":"https:\/\/products.pap.com.vn\/index.php?rest_route=\/wp\/v2\/media\/1037"}],"wp:attachment":[{"href":"https:\/\/products.pap.com.vn\/index.php?rest_route=%2Fwp%2Fv2%2Fmedia&parent=1036"}],"wp:term":[{"taxonomy":"product_brand","embeddable":true,"href":"https:\/\/products.pap.com.vn\/index.php?rest_route=%2Fwp%2Fv2%2Fproduct_brand&post=1036"},{"taxonomy":"product_cat","embeddable":true,"href":"https:\/\/products.pap.com.vn\/index.php?rest_route=%2Fwp%2Fv2%2Fproduct_cat&post=1036"},{"taxonomy":"product_tag","embeddable":true,"href":"https:\/\/products.pap.com.vn\/index.php?rest_route=%2Fwp%2Fv2%2Fproduct_tag&post=1036"}],"curies":[{"name":"wp","href":"https:\/\/api.w.org\/{rel}","templated":true}]}}