{"id":1052,"date":"2026-04-09T07:18:34","date_gmt":"2026-04-09T07:18:34","guid":{"rendered":"https:\/\/products.pap.com.vn\/?post_type=product&#038;p=1052"},"modified":"2026-04-09T07:27:50","modified_gmt":"2026-04-09T07:27:50","slug":"tu-dong-cong-nghiep-finocool-fnurf2d","status":"publish","type":"product","link":"https:\/\/products.pap.com.vn\/?product=tu-dong-cong-nghiep-finocool-fnurf2d","title":{"rendered":"T\u1ee7 \u0111\u00f4ng c\u00f4ng nghi\u1ec7p 2 c\u00e1nh FinoCool FN-URF2D"},"content":{"rendered":"<p>T\u1ee7 \u0111\u00f4ng c\u00f4ng nghi\u1ec7p 2 c\u00e1nh FinoCool FN-URF2D, thi\u1ebft k\u1ebf 2 c\u00e1nh \u0111\u1ee9ng nh\u1ecf g\u1ecdn, ph\u00f9 h\u1ee3p v\u1edbi nhi\u1ec1u kh\u00f4ng gian b\u1ebfp c\u00f4ng nghi\u1ec7p, Dung t\u00edch 450L\u0111\u00e1p \u1ee9ng nhu c\u1ea7u l\u01b0u tr\u1eef th\u1ef1c ph\u1ea9m \u0111\u00f4ng l\u1ea1nh s\u1ed1 l\u01b0\u1ee3ng l\u1edbn. H\u1ec7 th\u1ed1ng l\u00e0m l\u1ea1nh s\u00e2u -22 ~ -18\u00b0C, gi\u00fap b\u1ea3o qu\u1ea3n th\u1ecbt, c\u00e1, h\u1ea3i s\u1ea3n trong th\u1eddi gian d\u00e0i.<\/p>\n<h2 data-section-id=\"17wi43y\" data-start=\"181\" data-end=\"298\">T\u1ee7 \u0111\u00f4ng c\u00f4ng nghi\u1ec7p 2 c\u00e1nh FinoCool FN-URF2D \u2013 Gi\u1ea3i ph\u00e1p b\u1ea3o qu\u1ea3n th\u1ef1c ph\u1ea9m \u0111\u00f4ng l\u1ea1nh hi\u1ec7u qu\u1ea3 cho b\u1ebfp c\u00f4ng nghi\u1ec7p<\/h2>\n<p data-start=\"300\" data-end=\"718\">Trong m\u00f4i tr\u01b0\u1eddng b\u1ebfp nh\u00e0 h\u00e0ng, kh\u00e1ch s\u1ea1n hay b\u1ebfp \u0103n c\u00f4ng nghi\u1ec7p, vi\u1ec7c b\u1ea3o qu\u1ea3n th\u1ef1c ph\u1ea9m \u0111\u00f4ng l\u1ea1nh \u1ed5n \u0111\u1ecbnh l\u00e0 y\u1ebfu t\u1ed1 quan tr\u1ecdng \u0111\u1ec3 \u0111\u1ea3m b\u1ea3o ch\u1ea5t l\u01b0\u1ee3ng nguy\u00ean li\u1ec7u v\u00e0 t\u1ed1i \u01b0u v\u1eadn h\u00e0nh. C\u00e1c d\u00f2ng t\u1ee7 \u0111\u00f4ng c\u00f4ng nghi\u1ec7p 2 c\u00e1nh \u0111\u01b0\u1ee3c thi\u1ebft k\u1ebf v\u1edbi dung t\u00edch l\u1edbn, kh\u1ea3 n\u0103ng l\u00e0m l\u1ea1nh s\u00e2u v\u00e0 v\u1eadn h\u00e0nh b\u1ec1n b\u1ec9, gi\u00fap l\u01b0u tr\u1eef th\u1ef1c ph\u1ea9m s\u1ed1 l\u01b0\u1ee3ng l\u1edbn trong th\u1eddi gian d\u00e0i m\u00e0 v\u1eabn gi\u1eef \u0111\u01b0\u1ee3c \u0111\u1ed9 t\u01b0\u01a1i ngon.<\/p>\n<p data-start=\"720\" data-end=\"954\">T\u1ee7 \u0111\u00f4ng c\u00f4ng nghi\u1ec7p 2 c\u00e1nh FinoCool FN-URF2D l\u00e0 d\u00f2ng thi\u1ebft b\u1ecb ph\u00f9 h\u1ee3p cho c\u00e1c m\u00f4 h\u00ecnh kinh doanh v\u1eeba v\u00e0 l\u1edbn, v\u1edbi h\u1ec7 th\u1ed1ng l\u00e0m l\u1ea1nh hi\u1ec7n \u0111\u1ea1i, linh ki\u1ec7n ch\u1ea5t l\u01b0\u1ee3ng cao v\u00e0 kh\u1ea3 n\u0103ng v\u1eadn h\u00e0nh \u1ed5n \u0111\u1ecbnh trong m\u00f4i tr\u01b0\u1eddng l\u00e0m vi\u1ec7c li\u00ean t\u1ee5c.<\/p>\n<p data-start=\"720\" data-end=\"954\"><img fetchpriority=\"high\" decoding=\"async\" class=\"aligncenter wp-image-1064 size-full\" src=\"https:\/\/products.pap.com.vn\/wp-content\/uploads\/2026\/04\/Tu-lanh-cong-nghiep-2-cua-Finocool-FN-URC2D-4.jpg\" alt=\"t\u1ee7 \u0111\u00f4ng c\u00f4ng nghi\u1ec7p Finocool FN-URF2D\" width=\"625\" height=\"625\" srcset=\"https:\/\/products.pap.com.vn\/wp-content\/uploads\/2026\/04\/Tu-lanh-cong-nghiep-2-cua-Finocool-FN-URC2D-4.jpg 625w, https:\/\/products.pap.com.vn\/wp-content\/uploads\/2026\/04\/Tu-lanh-cong-nghiep-2-cua-Finocool-FN-URC2D-4-300x300.jpg 300w, https:\/\/products.pap.com.vn\/wp-content\/uploads\/2026\/04\/Tu-lanh-cong-nghiep-2-cua-Finocool-FN-URC2D-4-150x150.jpg 150w, https:\/\/products.pap.com.vn\/wp-content\/uploads\/2026\/04\/Tu-lanh-cong-nghiep-2-cua-Finocool-FN-URC2D-4-600x600.jpg 600w, https:\/\/products.pap.com.vn\/wp-content\/uploads\/2026\/04\/Tu-lanh-cong-nghiep-2-cua-Finocool-FN-URC2D-4-100x100.jpg 100w, https:\/\/products.pap.com.vn\/wp-content\/uploads\/2026\/04\/Tu-lanh-cong-nghiep-2-cua-Finocool-FN-URC2D-4-64x64.jpg 64w\" sizes=\"(max-width: 625px) 100vw, 625px\" \/><\/p>\n<p data-start=\"720\" data-end=\"954\"><a href=\"http:\/\/products.pap.com.vn\">Tham kh\u1ea3o th\u00eam c\u00e1c thi\u1ebft b\u1ecb b\u1ebfp t\u1ea1i \u0111\u00e2y<\/a><\/p>\n<h2 data-start=\"720\" data-end=\"954\">Th\u00f4ng s\u1ed1 k\u1ef9 thu\u1eadt c\u1ee7a T\u1ee7 \u0111\u00f4ng c\u00f4ng nghi\u1ec7p 2 c\u00e1nh FinoCool FN-URF2D<\/h2>\n<table>\n<thead>\n<tr>\n<th>Th\u00f4ng s\u1ed1<\/th>\n<th>Chi ti\u1ebft<\/th>\n<\/tr>\n<\/thead>\n<tbody>\n<tr>\n<td>Model<\/td>\n<td>FN-URC2D<\/td>\n<\/tr>\n<tr>\n<td>K\u00edch th\u01b0\u1edbc (Dimension)<\/td>\n<td>610 x 800 x 1980 mm<\/td>\n<\/tr>\n<tr>\n<td>\u0110i\u1ec7n \u00e1p (Voltage)<\/td>\n<td>220V \/ 50Hz<\/td>\n<\/tr>\n<tr>\n<td>C\u00f4ng su\u1ea5t (Power)<\/td>\n<td>400 W<\/td>\n<\/tr>\n<tr>\n<td>Dung t\u00edch (Capacity)<\/td>\n<td>450 L<\/td>\n<\/tr>\n<tr>\n<td>Nhi\u1ec7t \u0111\u1ed9 (Temperature)<\/td>\n<td>-22 ~ -18 \u00baC<\/td>\n<\/tr>\n<tr>\n<td>X\u1ea3 \u0111\u00e1 (Defrost)<\/td>\n<td>T\u1ef1 \u0111\u1ed9ng (Automatic)<\/td>\n<\/tr>\n<tr>\n<td>S\u1ed1 c\u1eeda (Doors)<\/td>\n<td>2 c\u1eeda<\/td>\n<\/tr>\n<tr>\n<td>M\u00e1y n\u00e9n (Compressor)<\/td>\n<td>Embraco<\/td>\n<\/tr>\n<tr>\n<td>B\u1ed9 \u0111i\u1ec1u khi\u1ec3n (Controller)<\/td>\n<td>Dixell<\/td>\n<\/tr>\n<tr>\n<td>M\u00f4i ch\u1ea5t l\u1ea1nh (Refrigerant)<\/td>\n<td>R290<\/td>\n<\/tr>\n<\/tbody>\n<\/table>\n<ul>\n<li data-section-id=\"1p1hge4\" data-start=\"1031\" data-end=\"1114\">T\u1ee7 \u0111\u00f4ng c\u00f4ng nghi\u1ec7p Thi\u1ebft k\u1ebf 2 c\u00e1nh \u0111\u1ee9ng nh\u1ecf g\u1ecdn, ph\u00f9 h\u1ee3p v\u1edbi nhi\u1ec1u kh\u00f4ng gian b\u1ebfp c\u00f4ng nghi\u1ec7p.<\/li>\n<li data-section-id=\"1dqas93\" data-start=\"1115\" data-end=\"1196\">Dung t\u00edch 450L, \u0111\u00e1p \u1ee9ng nhu c\u1ea7u l\u01b0u tr\u1eef th\u1ef1c ph\u1ea9m \u0111\u00f4ng l\u1ea1nh s\u1ed1 l\u01b0\u1ee3ng l\u1edbn.<\/li>\n<li data-section-id=\"1qctgtt\" data-start=\"1197\" data-end=\"1292\">H\u1ec7 th\u1ed1ng l\u00e0m l\u1ea1nh s\u00e2u -22 ~ -18\u00b0C, gi\u00fap b\u1ea3o qu\u1ea3n th\u1ecbt, c\u00e1, h\u1ea3i s\u1ea3n trong th\u1eddi gian d\u00e0i.<\/li>\n<li data-section-id=\"d9s5og\" data-start=\"1293\" data-end=\"1358\">S\u1eed d\u1ee5ng m\u00e1y n\u00e9n Embraco n\u1ed5i ti\u1ebfng v\u1ec1 \u0111\u1ed9 b\u1ec1n v\u00e0 hi\u1ec7u su\u1ea5t.<\/li>\n<li data-section-id=\"1gys30m\" data-start=\"1359\" data-end=\"1432\">B\u1ed9 \u0111i\u1ec1u khi\u1ec3n nhi\u1ec7t \u0111\u1ed9 Dixell gi\u00fap v\u1eadn h\u00e0nh ch\u00ednh x\u00e1c v\u00e0 \u1ed5n \u0111\u1ecbnh.<\/li>\n<li data-section-id=\"ojm59t\" data-start=\"1433\" data-end=\"1509\">Trang b\u1ecb ch\u1ee9c n\u0103ng x\u1ea3 \u0111\u00e1 t\u1ef1 \u0111\u1ed9ng, gi\u1ea3m th\u1eddi gian b\u1ea3o tr\u00ec v\u00e0 v\u1ec7 sinh.<\/li>\n<li data-section-id=\"1h9klkn\" data-start=\"1510\" data-end=\"1591\">S\u1eed d\u1ee5ng m\u00f4i ch\u1ea5t l\u1ea1nh R290, th\u00e2n thi\u1ec7n m\u00f4i tr\u01b0\u1eddng v\u00e0 ti\u1ebft ki\u1ec7m \u0111i\u1ec7n n\u0103ng.<\/li>\n<\/ul>\n<h3>T\u1ea1i sao n\u00ean ch\u1ecdn thi\u1ebft b\u1ecb l\u1ea1nh t\u1ee7 \u0111\u00f4ng c\u00f4ng nghi\u1ec7p v\u00e0 b\u1ebfp c\u00f4ng nghi\u1ec7p t\u1ea1i P.A.P<\/h3>\n<p>L\u1ef1a ch\u1ecdn T\u1ee7 \u0111\u00f4ng c\u00f4ng nghi\u1ec7p FinoCool t\u1ea1i P.A.P kh\u00f4ng ch\u1ec9 l\u00e0 \u0111\u1ea7u t\u01b0 v\u00e0o m\u1ed9t thi\u1ebft b\u1ecb b\u1ea3o qu\u1ea3n th\u1ef1c ph\u1ea9m, m\u00e0 c\u00f2n l\u00e0 l\u1ef1a ch\u1ecdn m\u1ed9t \u0111\u01a1n v\u1ecb cung c\u1ea5p uy t\u00edn v\u00e0 \u0111\u1ed3ng h\u00e0nh l\u00e2u d\u00e0i trong qu\u00e1 tr\u00ecnh v\u1eadn h\u00e0nh b\u1ebfp. P.A.P cam k\u1ebft cung c\u1ea5p s\u1ea3n ph\u1ea9m ch\u00ednh h\u00e3ng, ngu\u1ed3n g\u1ed1c r\u00f5 r\u00e0ng, \u0111\u1ea3m b\u1ea3o ti\u00eau chu\u1ea9n ch\u1ea5t l\u01b0\u1ee3ng v\u00e0 \u0111\u1ed9 b\u1ec1n trong m\u00f4i tr\u01b0\u1eddng l\u00e0m vi\u1ec7c c\u01b0\u1eddng \u0111\u1ed9 cao. B\u00ean c\u1ea1nh \u0111\u00f3, \u0111\u1ed9i ng\u0169 k\u1ef9 thu\u1eadt c\u00f3 kinh nghi\u1ec7m th\u1ef1c t\u1ebf trong nhi\u1ec1u d\u1ef1 \u00e1n b\u1ebfp c\u00f4ng nghi\u1ec7p s\u1ebd t\u01b0 v\u1ea5n gi\u1ea3i ph\u00e1p ph\u00f9 h\u1ee3p v\u1edbi t\u1eebng m\u00f4 h\u00ecnh kinh doanh, t\u1eeb nh\u00e0 h\u00e0ng, kh\u00e1ch s\u1ea1n \u0111\u1ebfn b\u1ebfp \u0103n t\u1eadp th\u1ec3. Quy tr\u00ecnh l\u1eafp \u0111\u1eb7t \u0111\u01b0\u1ee3c th\u1ef1c hi\u1ec7n chuy\u00ean nghi\u1ec7p, nhanh ch\u00f3ng, c\u00f9ng ch\u00ednh s\u00e1ch b\u1ea3o h\u00e0nh v\u00e0 d\u1ecbch v\u1ee5 h\u1eadu m\u00e3i k\u1ecbp th\u1eddi, gi\u00fap thi\u1ebft b\u1ecb lu\u00f4n ho\u1ea1t \u0111\u1ed9ng \u1ed5n \u0111\u1ecbnh, h\u1ea1n ch\u1ebf gi\u00e1n \u0111o\u1ea1n v\u00e0 t\u1ed1i \u01b0u hi\u1ec7u qu\u1ea3 s\u1eed d\u1ee5ng l\u00e2u d\u00e0i.<\/p>\n<p><img decoding=\"async\" class=\"alignnone wp-image-636 size-full\" src=\"https:\/\/products.pap.com.vn\/wp-content\/uploads\/2026\/04\/P.A.P-PERFECT-AS-POSSIBLE-1080-x-1500-px-A2-Ngang-scaled.jpg\" alt=\"Thi\u1ebft b\u1ecb l\u1ea1nh c\u00f4ng nghi\u1ec7p Finocool\" width=\"2560\" height=\"1810\" srcset=\"https:\/\/products.pap.com.vn\/wp-content\/uploads\/2026\/04\/P.A.P-PERFECT-AS-POSSIBLE-1080-x-1500-px-A2-Ngang-scaled.jpg 2560w, https:\/\/products.pap.com.vn\/wp-content\/uploads\/2026\/04\/P.A.P-PERFECT-AS-POSSIBLE-1080-x-1500-px-A2-Ngang-300x212.jpg 300w, https:\/\/products.pap.com.vn\/wp-content\/uploads\/2026\/04\/P.A.P-PERFECT-AS-POSSIBLE-1080-x-1500-px-A2-Ngang-1024x724.jpg 1024w, https:\/\/products.pap.com.vn\/wp-content\/uploads\/2026\/04\/P.A.P-PERFECT-AS-POSSIBLE-1080-x-1500-px-A2-Ngang-768x543.jpg 768w, https:\/\/products.pap.com.vn\/wp-content\/uploads\/2026\/04\/P.A.P-PERFECT-AS-POSSIBLE-1080-x-1500-px-A2-Ngang-1536x1086.jpg 1536w, https:\/\/products.pap.com.vn\/wp-content\/uploads\/2026\/04\/P.A.P-PERFECT-AS-POSSIBLE-1080-x-1500-px-A2-Ngang-2048x1448.jpg 2048w, https:\/\/products.pap.com.vn\/wp-content\/uploads\/2026\/04\/P.A.P-PERFECT-AS-POSSIBLE-1080-x-1500-px-A2-Ngang-600x424.jpg 600w\" sizes=\"(max-width: 2560px) 100vw, 2560px\" \/><\/p>\n<p data-start=\"60\" data-end=\"577\"><strong data-start=\"60\" data-end=\"119\">Kinh nghi\u1ec7m trong ngh\u1ec1 \u2013 tri\u1ec3n khai nhi\u1ec1u d\u1ef1 \u00e1n th\u1ef1c t\u1ebf<\/strong> l\u00e0 m\u1ed9t trong <a href=\"http:\/\/pap.com.vn\" target=\"_blank\" rel=\"noopener\">nh\u1eefng l\u1ee3i th\u1ebf quan tr\u1ecdng c\u1ee7a P.A.P.<\/a> Tr\u1ea3i qua qu\u00e1 tr\u00ecnh tham gia v\u00e0 ho\u00e0n thi\u1ec7n nhi\u1ec1u d\u1ef1 \u00e1n b\u1ebfp c\u00f4ng nghi\u1ec7p v\u1edbi quy m\u00f4 v\u00e0 m\u00f4 h\u00ecnh kh\u00e1c nhau, P.A.P hi\u1ec3u r\u00f5 \u0111\u1eb7c th\u00f9 v\u1eadn h\u00e0nh c\u1ee7a t\u1eebng khu b\u1ebfp, t\u1eeb nh\u00e0 h\u00e0ng, kh\u00e1ch s\u1ea1n \u0111\u1ebfn b\u1ebfp \u0103n t\u1eadp th\u1ec3. Nh\u1edd \u0111\u00f3, vi\u1ec7c l\u1ef1a ch\u1ecdn thi\u1ebft b\u1ecb cho kh\u00e1ch h\u00e0ng lu\u00f4n d\u1ef1a tr\u00ean nhu c\u1ea7u s\u1eed d\u1ee5ng th\u1ef1c t\u1ebf, c\u00f4ng su\u1ea5t v\u1eadn h\u00e0nh v\u00e0 hi\u1ec7u qu\u1ea3 \u0111\u1ea7u t\u01b0 l\u00e2u d\u00e0i, gi\u00fap h\u1ea1n ch\u1ebf ph\u00e1t sinh chi ph\u00ed v\u00e0 \u0111\u1ea3m b\u1ea3o t\u00ednh \u1ed5n \u0111\u1ecbnh trong qu\u00e1 tr\u00ecnh s\u1eed d\u1ee5ng.<\/p>\n<p data-start=\"60\" data-end=\"577\"><a href=\"https:\/\/pap.com.vn\/du-an\/\" target=\"_blank\" rel=\"noopener\">=&gt;&gt;&gt;&gt; T\u00ecm hi\u1ec3u th\u00eam c\u00e1c d\u1ef1 \u00e1n t\u1ea1i P.A.P<\/a><\/p>\n<p data-start=\"579\" data-end=\"1029\" data-is-last-node=\"\" data-is-only-node=\"\">B\u00ean c\u1ea1nh \u0111\u00f3, \u0111\u1ed9i ng\u0169 k\u1ef9 thu\u1eadt chuy\u00ean m\u00f4n cao c\u1ee7a P.A.P lu\u00f4n s\u1eb5n s\u00e0ng h\u1ed7 tr\u1ee3 t\u1eeb kh\u00e2u t\u01b0 v\u1ea5n, l\u1eafp \u0111\u1eb7t \u0111\u1ebfn v\u1eadn h\u00e0nh v\u00e0 b\u1ea3o tr\u00ec thi\u1ebft b\u1ecb. Quy tr\u00ecnh l\u00e0m vi\u1ec7c \u0111\u01b0\u1ee3c th\u1ef1c hi\u1ec7n b\u00e0i b\u1ea3n, \u0111\u1ea3m b\u1ea3o \u0111\u00fang k\u1ef9 thu\u1eadt v\u00e0 an to\u00e0n trong su\u1ed1t qu\u00e1 tr\u00ecnh s\u1eed d\u1ee5ng. \u0110\u1eb7c bi\u1ec7t, d\u1ecbch v\u1ee5 h\u1eadu m\u00e3i v\u00e0 h\u1ed7 tr\u1ee3 k\u1ef9 thu\u1eadt 24\/7 gi\u00fap kh\u00e1ch h\u00e0ng y\u00ean t\u00e2m khi thi\u1ebft b\u1ecb g\u1eb7p s\u1ef1 c\u1ed1, gi\u1ea3m thi\u1ec3u th\u1eddi gian gi\u00e1n \u0111o\u1ea1n ho\u1ea1t \u0111\u1ed9ng v\u00e0 duy tr\u00ec hi\u1ec7u su\u1ea5t v\u1eadn h\u00e0nh \u1ed5n \u0111\u1ecbnh cho to\u00e0n b\u1ed9 h\u1ec7 th\u1ed1ng b\u1ebfp.<\/p>\n<p>Facebook:\u00a0<a href=\"https:\/\/www.facebook.com\/PAPCommercialKitchenSupplier\" target=\"_blank\" rel=\"noopener\">Commercial Kitchen Equipment and stainless steel by PAP<\/a><\/p>\n<p>Pinterest:\u00a0<a href=\"https:\/\/www.pinterest.com\/PAPKITCHEN2025\/\" target=\"_blank\" rel=\"noopener\">C\u00f4ng Ty TNHH Th\u01b0\u01a1ng M\u1ea1i V\u00e0 D\u1ecbch V\u1ee5 P.A.P<\/a><\/p>\n","protected":false},"excerpt":{"rendered":"<p>T\u1ee7 \u0111\u00f4ng c\u00f4ng nghi\u1ec7p 2 c\u00e1nh FinoCool FN-URF2D:<\/p>\n<ul>\n<li>K\u00edch th\u01b0\u1edbc: 610 x 800 x 1980 mm<\/li>\n<li>Dung t\u00edch: 450 L\u00edt<\/li>\n<li>Nhi\u1ec7t \u0111\u1ed9: -22 ~ -18 \u0111\u1ed9<\/li>\n<li>C\u00f4ng su\u1ea5t: 220V \/ 50 Hz<\/li>\n<li>S\u1ed1 c\u1eeda: 2<\/li>\n<li>M\u00e1y n\u00e9n Embraco ( Brazil )<\/li>\n<li>B\u1ed9 \u0111i\u1ec1u khi\u1ec3n: Dixell ( Italy)<\/li>\n<\/ul>\n","protected":false},"featured_media":1061,"comment_status":"open","ping_status":"closed","template":"","meta":[],"product_brand":[24],"product_cat":[17,75],"product_tag":[],"class_list":{"0":"post-1052","1":"product","2":"type-product","3":"status-publish","4":"has-post-thumbnail","6":"product_brand-finocool","7":"product_cat-thiet-bi-bep","8":"product_cat-thiet-bi-lanh","10":"first","11":"instock","12":"taxable","13":"shipping-taxable","14":"purchasable","15":"product-type-simple"},"_links":{"self":[{"href":"https:\/\/products.pap.com.vn\/index.php?rest_route=\/wp\/v2\/product\/1052","targetHints":{"allow":["GET"]}}],"collection":[{"href":"https:\/\/products.pap.com.vn\/index.php?rest_route=\/wp\/v2\/product"}],"about":[{"href":"https:\/\/products.pap.com.vn\/index.php?rest_route=\/wp\/v2\/types\/product"}],"replies":[{"embeddable":true,"href":"https:\/\/products.pap.com.vn\/index.php?rest_route=%2Fwp%2Fv2%2Fcomments&post=1052"}],"version-history":[{"count":6,"href":"https:\/\/products.pap.com.vn\/index.php?rest_route=\/wp\/v2\/product\/1052\/revisions"}],"predecessor-version":[{"id":1073,"href":"https:\/\/products.pap.com.vn\/index.php?rest_route=\/wp\/v2\/product\/1052\/revisions\/1073"}],"wp:featuredmedia":[{"embeddable":true,"href":"https:\/\/products.pap.com.vn\/index.php?rest_route=\/wp\/v2\/media\/1061"}],"wp:attachment":[{"href":"https:\/\/products.pap.com.vn\/index.php?rest_route=%2Fwp%2Fv2%2Fmedia&parent=1052"}],"wp:term":[{"taxonomy":"product_brand","embeddable":true,"href":"https:\/\/products.pap.com.vn\/index.php?rest_route=%2Fwp%2Fv2%2Fproduct_brand&post=1052"},{"taxonomy":"product_cat","embeddable":true,"href":"https:\/\/products.pap.com.vn\/index.php?rest_route=%2Fwp%2Fv2%2Fproduct_cat&post=1052"},{"taxonomy":"product_tag","embeddable":true,"href":"https:\/\/products.pap.com.vn\/index.php?rest_route=%2Fwp%2Fv2%2Fproduct_tag&post=1052"}],"curies":[{"name":"wp","href":"https:\/\/api.w.org\/{rel}","templated":true}]}}