{"id":1094,"date":"2026-04-13T08:02:48","date_gmt":"2026-04-13T08:02:48","guid":{"rendered":"https:\/\/products.pap.com.vn\/?post_type=product&#038;p=1094"},"modified":"2026-04-13T08:05:48","modified_gmt":"2026-04-13T08:05:48","slug":"bep-au-4-hong-1","status":"publish","type":"product","link":"https:\/\/products.pap.com.vn\/?product=bep-au-4-hong-1","title":{"rendered":"B\u1ebfp \u00c2u 4 h\u1ecdng d\u00f9ng gas KingBetter E-RQB-700X"},"content":{"rendered":"<section class=\"text-token-text-primary w-full focus:outline-none [--shadow-height:45px] has-data-writing-block:pointer-events-none has-data-writing-block:-mt-(--shadow-height) has-data-writing-block:pt-(--shadow-height) [&amp;:has([data-writing-block])&gt;*]:pointer-events-auto scroll-mt-(--header-height)\" dir=\"auto\" data-turn-id=\"6949bbf9-a822-411a-87c8-1f38e98c6ee6\" data-testid=\"conversation-turn-1\" data-scroll-anchor=\"false\" data-turn=\"user\"><\/section>\n<section class=\"text-token-text-primary w-full focus:outline-none [--shadow-height:45px] has-data-writing-block:pointer-events-none has-data-writing-block:-mt-(--shadow-height) has-data-writing-block:pt-(--shadow-height) [&amp;:has([data-writing-block])&gt;*]:pointer-events-auto scroll-mt-[calc(var(--header-height)+min(200px,max(70px,20svh)))]\" dir=\"auto\" data-turn-id=\"request-WEB:5872c7ef-397e-4e66-afe1-124ccff057bb-0\" data-testid=\"conversation-turn-2\" data-scroll-anchor=\"true\" data-turn=\"assistant\">\n<div class=\"text-base my-auto mx-auto pb-10 [--thread-content-margin:var(--thread-content-margin-xs,calc(var(--spacing)*4))] @w-sm\/main:[--thread-content-margin:var(--thread-content-margin-sm,calc(var(--spacing)*6))] @w-lg\/main:[--thread-content-margin:var(--thread-content-margin-lg,calc(var(--spacing)*16))] px-(--thread-content-margin)\">\n<div class=\"[--thread-content-max-width:40rem] @w-lg\/main:[--thread-content-max-width:48rem] mx-auto max-w-(--thread-content-max-width) flex-1 group\/turn-messages focus-visible:outline-hidden relative flex w-full min-w-0 flex-col agent-turn\">\n<div class=\"flex max-w-full flex-col gap-4 grow\">\n<div class=\"min-h-8 text-message relative flex w-full flex-col items-end gap-2 text-start break-words whitespace-normal outline-none keyboard-focused:focus-ring [.text-message+&amp;]:mt-1\" dir=\"auto\" tabindex=\"0\" data-message-author-role=\"assistant\" data-message-id=\"2b2f615e-03b8-454f-9a07-e7fa71c0acf5\" data-message-model-slug=\"gpt-5-3\" data-turn-start-message=\"true\">\n<div class=\"flex w-full flex-col gap-1 empty:hidden\">\n<div class=\"markdown prose dark:prose-invert w-full wrap-break-word dark markdown-new-styling\">\n<p data-start=\"0\" data-end=\"500\" data-is-last-node=\"\" data-is-only-node=\"\">B\u1ebfp \u00c2u 4 h\u1ecdng d\u00f9ng gas KingBetter E-RQB-700X l\u00e0 d\u00f2ng thi\u1ebft b\u1ecb b\u1ebfp c\u00f4ng nghi\u1ec7p \u0111\u01b0\u1ee3c nh\u1eadp kh\u1ea9u tr\u1ef1c ti\u1ebfp b\u1edfi P.A.P, \u0111\u00e1p \u1ee9ng nhu c\u1ea7u n\u1ea5u n\u01b0\u1edbng \u0111a d\u1ea1ng trong nh\u00e0 h\u00e0ng, kh\u00e1ch s\u1ea1n v\u00e0 b\u1ebfp \u0103n chuy\u00ean nghi\u1ec7p. S\u1ea3n ph\u1ea9m \u0111\u01b0\u1ee3c thi\u1ebft k\u1ebf ch\u1eafc ch\u1eafn, hi\u1ec7u su\u1ea5t \u0111\u1ed1t cao, gi\u00fap t\u1ed1i \u01b0u th\u1eddi gian ch\u1ebf bi\u1ebfn v\u00e0 ti\u1ebft ki\u1ec7m nhi\u00ean li\u1ec7u. V\u1edbi m\u1ee9c gi\u00e1 c\u1ea1nh tranh c\u00f9ng ch\u1ea5t l\u01b0\u1ee3ng \u1ed5n \u0111\u1ecbnh, KingBetter E-RQB-700X l\u00e0 l\u1ef1a ch\u1ecdn ph\u00f9 h\u1ee3p cho c\u00e1c \u0111\u01a1n v\u1ecb c\u1ea7n thi\u1ebft b\u1ecb b\u1ec1n b\u1ec9, v\u1eadn h\u00e0nh hi\u1ec7u qu\u1ea3 v\u00e0 an to\u00e0n trong m\u00f4i tr\u01b0\u1eddng b\u1ebfp c\u00f4ng nghi\u1ec7p.<\/p>\n<h1 data-start=\"0\" data-end=\"500\">Th\u00f4ng s\u1ed1 k\u1ef9 thu\u1eadt c\u1ee7a B\u1ebfp \u00c2u 4 h\u1ecdng d\u00f9ng gas KingBetter E-RQB-700X<\/h1>\n<table>\n<thead>\n<tr>\n<th><strong>Th\u00f4ng tin<\/strong><\/th>\n<th><strong>Chi ti\u1ebft<\/strong><\/th>\n<\/tr>\n<\/thead>\n<tbody>\n<tr>\n<td>T\u00ean s\u1ea3n ph\u1ea9m<\/td>\n<td>B\u1ebfp gas c\u00f4ng nghi\u1ec7p 4 h\u1ecdng<\/td>\n<\/tr>\n<tr>\n<td>S\u1ed1 l\u01b0\u1ee3ng b\u1ebfp n\u1ea5u<\/td>\n<td>4 h\u1ecdng gas (Four-Cooker Cooktop)<\/td>\n<\/tr>\n<tr>\n<td>Th\u01b0\u01a1ng hi\u1ec7u<\/td>\n<td>KingBetter<\/td>\n<\/tr>\n<tr>\n<td>Lo\u1ea1i gas s\u1eed d\u1ee5ng<\/td>\n<td>Kh\u00ed thi\u00ean nhi\u00ean (NG) ho\u1eb7c kh\u00ed h\u00f3a l\u1ecfng (LPG)<\/td>\n<\/tr>\n<tr>\n<td>C\u00f4ng su\u1ea5t<\/td>\n<td>25 kW<\/td>\n<\/tr>\n<tr>\n<td>Ch\u1ea5t li\u1ec7u b\u1ec1 m\u1eb7t<\/td>\n<td>Inox (Th\u00e9p kh\u00f4ng g\u1ec9)<\/td>\n<\/tr>\n<tr>\n<td>Ch\u1ebf \u0111\u1ed9 \u0111\u00e1nh l\u1eeda<\/td>\n<td>\u0110\u00e1nh l\u1eeda \u0111i\u1ec7n t\u1eed (Electronic Ignition)<\/td>\n<\/tr>\n<tr>\n<td>Ch\u1ebf \u0111\u1ed9 b\u1ea3o v\u1ec7<\/td>\n<td>Ng\u1eaft gas t\u1ef1 \u0111\u1ed9ng khi t\u1eaft l\u1eeda (Flameout Protection)<\/td>\n<\/tr>\n<tr>\n<td>Ki\u1ec3u l\u1eafp \u0111\u1eb7t<\/td>\n<td>D\u1ea1ng \u0111\u1ec3 b\u00e0n (Tabletop)<\/td>\n<\/tr>\n<tr>\n<td>K\u00edch th\u01b0\u1edbc<\/td>\n<td>800 \u00d7 700 \u00d7 420 mm<\/td>\n<\/tr>\n<tr>\n<td>B\u1ea3o h\u00e0nh<\/td>\n<td>1 n\u0103m<\/td>\n<\/tr>\n<\/tbody>\n<\/table>\n<h2><a href=\"https:\/\/products.pap.com.vn\/wp-content\/uploads\/2026\/04\/Bep-Au-Kingbetter-5.jpg\"><img fetchpriority=\"high\" decoding=\"async\" class=\"aligncenter size-full wp-image-1098\" src=\"https:\/\/products.pap.com.vn\/wp-content\/uploads\/2026\/04\/Bep-Au-Kingbetter-5.jpg\" alt=\"B\u1ebfp \u00c2u 4 h\u1ecdng d\u00f9ng gas KingBetter E-RQB-700X\" width=\"875\" height=\"875\" srcset=\"https:\/\/products.pap.com.vn\/wp-content\/uploads\/2026\/04\/Bep-Au-Kingbetter-5.jpg 875w, https:\/\/products.pap.com.vn\/wp-content\/uploads\/2026\/04\/Bep-Au-Kingbetter-5-300x300.jpg 300w, https:\/\/products.pap.com.vn\/wp-content\/uploads\/2026\/04\/Bep-Au-Kingbetter-5-150x150.jpg 150w, https:\/\/products.pap.com.vn\/wp-content\/uploads\/2026\/04\/Bep-Au-Kingbetter-5-768x768.jpg 768w, https:\/\/products.pap.com.vn\/wp-content\/uploads\/2026\/04\/Bep-Au-Kingbetter-5-600x600.jpg 600w, https:\/\/products.pap.com.vn\/wp-content\/uploads\/2026\/04\/Bep-Au-Kingbetter-5-100x100.jpg 100w, https:\/\/products.pap.com.vn\/wp-content\/uploads\/2026\/04\/Bep-Au-Kingbetter-5-64x64.jpg 64w\" sizes=\"(max-width: 875px) 100vw, 875px\" \/><\/a>\u0110\u1eb7c \u0111i\u1ec3m c\u1ee7a B\u1ebfp \u00c2u 4 h\u1ecdng d\u00f9ng gas KingBetter E-RQB-700X<\/h2>\n<p data-start=\"0\" data-end=\"422\">B\u1ebfp gas c\u00f4ng nghi\u1ec7p 4 h\u1ecdng Kingbetter E-RQB-700X (c\u00f2n \u0111\u01b0\u1ee3c g\u1ecdi l\u00e0 <em data-start=\"70\" data-end=\"92\" data-is-only-node=\"\">Commercial Gas Range<\/em> ho\u1eb7c <em data-start=\"98\" data-end=\"111\">Gas Cooktop<\/em>) l\u00e0 thi\u1ebft b\u1ecb b\u1ebfp c\u00f4ng nghi\u1ec7p chuy\u00ean d\u1ee5ng, \u0111\u01b0\u1ee3c thi\u1ebft k\u1ebf d\u1ea1ng \u0111\u1ec3 b\u00e0n ho\u1eb7c c\u00f3 ch\u00e2n \u0111\u1ee9ng t\u00f9y theo nhu c\u1ea7u l\u1eafp \u0111\u1eb7t. S\u1ea3n ph\u1ea9m \u0111\u01b0\u1ee3c trang b\u1ecb 4 h\u1ecdng \u0111\u1ed1t ho\u1ea1t \u0111\u1ed9ng \u0111\u1ed9c l\u1eadp, s\u1eed d\u1ee5ng nhi\u00ean li\u1ec7u gas gi\u00fap gia nhi\u1ec7t nhanh, ki\u1ec3m so\u00e1t nhi\u1ec7t \u0111\u1ed9 linh ho\u1ea1t v\u00e0 \u0111\u00e1p \u1ee9ng hi\u1ec7u qu\u1ea3 nhi\u1ec1u ph\u01b0\u01a1ng ph\u00e1p ch\u1ebf bi\u1ebfn trong b\u1ebfp \u00c2u v\u00e0 b\u1ebfp \u00c1.<\/p>\n<p data-start=\"424\" data-end=\"636\" data-is-last-node=\"\" data-is-only-node=\"\">K\u00fd hi\u1ec7u \u201c700X\u201d th\u1ec3 hi\u1ec7n chi\u1ec1u s\u00e2u thi\u1ebft b\u1ecb kho\u1ea3ng 700mm, ph\u00f9 h\u1ee3p v\u1edbi ti\u00eau chu\u1ea9n modul b\u1ebfp c\u00f4ng nghi\u1ec7p, gi\u00fap d\u1ec5 d\u00e0ng b\u1ed1 tr\u00ed \u0111\u1ed3ng b\u1ed9 trong h\u1ec7 th\u1ed1ng b\u1ebfp chuy\u00ean nghi\u1ec7p, t\u1ed1i \u01b0u kh\u00f4ng gian v\u00e0 c\u00f4ng n\u0103ng s\u1eed d\u1ee5ng.<\/p>\n<p data-start=\"424\" data-end=\"636\" data-is-last-node=\"\" data-is-only-node=\"\">B\u1ebfp \u00c2u 4 h\u1ecdng d\u00f9ng gas \u0111\u01b0\u1ee3c thi\u1ebft k\u1ebf v\u1edbi h\u1ec7 th\u1ed1ng qu\u1ea1t th\u1ed5i ph\u00eda sau, c\u00f3 t\u00e1c d\u1ee5ng l\u01b0u th\u00f4ng kh\u00f4ng kh\u00ed v\u00e0 gi\u1ea3m nhi\u1ec7t t\u00edch t\u1ee5 trong khu v\u1ef1c th\u00e2n b\u1ebfp trong qu\u00e1 tr\u00ecnh v\u1eadn h\u00e0nh li\u00ean t\u1ee5c. C\u1ea5u t\u1ea1o n\u00e0y gi\u00fap thi\u1ebft b\u1ecb ho\u1ea1t \u0111\u1ed9ng \u1ed5n \u0111\u1ecbnh h\u01a1n, h\u1ea1n ch\u1ebf t\u00ecnh tr\u1ea1ng qu\u00e1 nhi\u1ec7t v\u00e0 t\u0103ng \u0111\u1ed9 b\u1ec1n cho c\u00e1c linh ki\u1ec7n b\u00ean trong.<\/p>\n<h3 data-start=\"424\" data-end=\"636\"><\/h3>\n<p><img decoding=\"async\" class=\"aligncenter size-full wp-image-1097\" src=\"https:\/\/products.pap.com.vn\/wp-content\/uploads\/2026\/04\/Bep-Au-Kingbetter-4.jpg\" alt=\"B\u1ebfp \u00c2u 4 h\u1ecdng d\u00f9ng gas KingBetter E-RQB-700X\" width=\"875\" height=\"875\" srcset=\"https:\/\/products.pap.com.vn\/wp-content\/uploads\/2026\/04\/Bep-Au-Kingbetter-4.jpg 875w, https:\/\/products.pap.com.vn\/wp-content\/uploads\/2026\/04\/Bep-Au-Kingbetter-4-300x300.jpg 300w, https:\/\/products.pap.com.vn\/wp-content\/uploads\/2026\/04\/Bep-Au-Kingbetter-4-150x150.jpg 150w, https:\/\/products.pap.com.vn\/wp-content\/uploads\/2026\/04\/Bep-Au-Kingbetter-4-768x768.jpg 768w, https:\/\/products.pap.com.vn\/wp-content\/uploads\/2026\/04\/Bep-Au-Kingbetter-4-600x600.jpg 600w, https:\/\/products.pap.com.vn\/wp-content\/uploads\/2026\/04\/Bep-Au-Kingbetter-4-100x100.jpg 100w, https:\/\/products.pap.com.vn\/wp-content\/uploads\/2026\/04\/Bep-Au-Kingbetter-4-64x64.jpg 64w\" sizes=\"(max-width: 875px) 100vw, 875px\" \/><\/p>\n<h3 data-start=\"424\" data-end=\"636\">T\u1ea1i sao n\u00ean ch\u1ecdn thi\u1ebft b\u1ecb b\u1ebfp c\u00f4ng nghi\u1ec7p &#8211; B\u1ebfp \u00c2u 4 h\u1ecdng d\u00f9ng gas t\u1ea1i P.A.P<\/h3>\n<p data-start=\"82\" data-end=\"460\"><strong data-start=\"82\" data-end=\"149\">1. Kinh nghi\u1ec7m th\u1ef1c t\u1ebf nhi\u1ec1u n\u0103m trong l\u0129nh v\u1ef1c b\u1ebfp c\u00f4ng nghi\u1ec7p<\/strong><br data-start=\"149\" data-end=\"152\" \/>P.A.P c\u00f3 nhi\u1ec1u n\u0103m kinh nghi\u1ec7m thi\u1ebft k\u1ebf, thi c\u00f4ng v\u00e0 cung c\u1ea5p thi\u1ebft b\u1ecb cho \u0111a d\u1ea1ng m\u00f4 h\u00ecnh nh\u01b0 nh\u00e0 h\u00e0ng, kh\u00e1ch s\u1ea1n, resort, b\u1ebfp \u0103n c\u00f4ng nghi\u1ec7p v\u00e0 qu\u1ea7y bar. Vi\u1ec7c \u0111\u00e3 tri\u1ec3n khai nhi\u1ec1u d\u1ef1 \u00e1n l\u1edbn nh\u1ecf gi\u00fap \u0111\u01a1n v\u1ecb hi\u1ec3u r\u00f5 nhu c\u1ea7u v\u1eadn h\u00e0nh th\u1ef1c t\u1ebf, t\u1eeb \u0111\u00f3 t\u01b0 v\u1ea5n \u0111\u00fang lo\u1ea1i b\u1ebfp ph\u00f9 h\u1ee3p v\u1edbi c\u00f4ng su\u1ea5t v\u00e0 quy m\u00f4 s\u1eed d\u1ee5ng.<\/p>\n<p data-start=\"462\" data-end=\"798\"><strong data-start=\"462\" data-end=\"517\">2. L\u1ef1a ch\u1ecdn thi\u1ebft b\u1ecb ph\u00f9 h\u1ee3p, t\u1ed1i \u01b0u chi ph\u00ed \u0111\u1ea7u t\u01b0<\/strong><br data-start=\"517\" data-end=\"520\" \/>Kh\u00f4ng ch\u1ec9 cung c\u1ea5p s\u1ea3n ph\u1ea9m, P.A.P t\u1eadp trung v\u00e0o gi\u1ea3i ph\u00e1p t\u1ed5ng th\u1ec3 cho h\u1ec7 th\u1ed1ng b\u1ebfp. \u0110\u1ed9i ng\u0169 k\u1ef9 thu\u1eadt s\u1ebd \u0111\u00e1nh gi\u00e1 th\u1ef1c t\u1ebf nhu c\u1ea7u n\u1ea5u n\u01b0\u1edbng, t\u1ea7n su\u1ea5t s\u1eed d\u1ee5ng v\u00e0 kh\u00f4ng gian b\u1ebfp \u0111\u1ec3 \u0111\u1ec1 xu\u1ea5t d\u00f2ng <strong data-start=\"713\" data-end=\"739\">b\u1ebfp \u00c2u 4 h\u1ecdng d\u00f9ng gas<\/strong> c\u00f3 c\u00f4ng su\u1ea5t ph\u00f9 h\u1ee3p, tr\u00e1nh l\u00e3ng ph\u00ed ho\u1eb7c thi\u1ebfu c\u00f4ng n\u0103ng.<\/p>\n<p data-start=\"800\" data-end=\"1115\"><strong data-start=\"800\" data-end=\"851\">3. Ch\u1ea5t l\u01b0\u1ee3ng thi\u1ebft b\u1ecb \u1ed5n \u0111\u1ecbnh, v\u1eadt li\u1ec7u b\u1ec1n b\u1ec9<\/strong><br data-start=\"851\" data-end=\"854\" \/>C\u00e1c d\u00f2ng b\u1ebfp \u00c2u \u0111\u01b0\u1ee3c cung c\u1ea5p b\u1edfi P.A.P s\u1eed d\u1ee5ng inox ch\u1ea5t l\u01b0\u1ee3ng cao, thi\u1ebft k\u1ebf ch\u1eafc ch\u1eafn, ch\u1ecbu nhi\u1ec7t t\u1ed1t v\u00e0 ph\u00f9 h\u1ee3p v\u1edbi m\u00f4i tr\u01b0\u1eddng b\u1ebfp c\u00f4ng nghi\u1ec7p ho\u1ea1t \u0111\u1ed9ng li\u00ean t\u1ee5c. Thi\u1ebft b\u1ecb \u0111\u01b0\u1ee3c ki\u1ec3m tra k\u1ef9 tr\u01b0\u1edbc khi b\u00e0n giao, \u0111\u1ea3m b\u1ea3o \u0111\u1ed9 an to\u00e0n v\u00e0 hi\u1ec7u su\u1ea5t v\u1eadn h\u00e0nh l\u00e2u d\u00e0i.<\/p>\n<p data-start=\"1117\" data-end=\"1418\"><strong data-start=\"1117\" data-end=\"1165\">4. D\u1ecbch v\u1ee5 k\u1ef9 thu\u1eadt v\u00e0 h\u1eadu m\u00e3i chuy\u00ean nghi\u1ec7p<\/strong><br data-start=\"1165\" data-end=\"1168\" \/>P.A.P ch\u00fa tr\u1ecdng d\u1ecbch v\u1ee5 sau b\u00e1n h\u00e0ng v\u1edbi \u0111\u1ed9i ng\u0169 k\u1ef9 thu\u1eadt s\u1eb5n s\u00e0ng h\u1ed7 tr\u1ee3 l\u1eafp \u0111\u1eb7t, h\u01b0\u1edbng d\u1eabn v\u1eadn h\u00e0nh v\u00e0 b\u1ea3o tr\u00ec thi\u1ebft b\u1ecb. Vi\u1ec7c b\u1ea3o h\u00e0nh v\u00e0 h\u1ed7 tr\u1ee3 k\u1ef9 thu\u1eadt k\u1ecbp th\u1eddi gi\u00fap kh\u00e1ch h\u00e0ng y\u00ean t\u00e2m trong qu\u00e1 tr\u00ecnh s\u1eed d\u1ee5ng, h\u1ea1n ch\u1ebf gi\u00e1n \u0111o\u1ea1n ho\u1ea1t \u0111\u1ed9ng c\u1ee7a b\u1ebfp.<\/p>\n<p data-start=\"1420\" data-end=\"1723\" data-is-last-node=\"\" data-is-only-node=\"\"><strong data-start=\"1420\" data-end=\"1481\">5. \u0110\u1ed3ng b\u1ed9 thi\u1ebft b\u1ecb v\u00e0 gi\u1ea3i ph\u00e1p cho to\u00e0n b\u1ed9 h\u1ec7 th\u1ed1ng b\u1ebfp<\/strong><br data-start=\"1481\" data-end=\"1484\" \/>Ngo\u00e0i b\u1ebfp \u00c2u 4 h\u1ecdng d\u00f9ng gas, P.A.P c\u00f3 kh\u1ea3 n\u0103ng cung c\u1ea5p \u0111\u1ea7y \u0111\u1ee7 c\u00e1c thi\u1ebft b\u1ecb b\u1ebfp c\u00f4ng nghi\u1ec7p kh\u00e1c nh\u01b0 b\u00e0n inox, t\u1ee7 l\u1ea1nh, h\u1ec7 th\u1ed1ng h\u00fat kh\u00f3i, thi\u1ebft b\u1ecb s\u01a1 ch\u1ebf\u2026 gi\u00fap kh\u00e1ch h\u00e0ng x\u00e2y d\u1ef1ng h\u1ec7 th\u1ed1ng b\u1ebfp \u0111\u1ed3ng b\u1ed9, v\u1eadn h\u00e0nh hi\u1ec7u qu\u1ea3 v\u00e0 chuy\u00ean nghi\u1ec7p.<\/p>\n<p data-start=\"1420\" data-end=\"1723\" data-is-last-node=\"\" data-is-only-node=\"\">T\u00ecm hi\u1ec3u th\u00eam th\u00f4ng tin v\u1ec1:<\/p>\n<ul>\n<li data-start=\"1420\" data-end=\"1723\"><a href=\"https:\/\/products.pap.com.vn\/?product=bep-a-1-hong-kingbetter\">B\u1ebfp \u00c1 \u0111\u01a1n c\u00f4ng nghi\u1ec7p Kingbetter<\/a><\/li>\n<li data-start=\"1420\" data-end=\"1723\"><a href=\"https:\/\/products.pap.com.vn\/?product=bep-a-2-hong\">B\u1ebfp \u00c1 \u0111\u00f4i c\u00f4ng nghi\u1ec7p Kingbetter<\/a><\/li>\n<li data-start=\"1420\" data-end=\"1723\"><a href=\"https:\/\/products.pap.com.vn\/\">T\u1ed5ng h\u1ee3p c\u00e1c thi\u1ebft b\u1ecb t\u1ea1i P.A.P<\/a><\/li>\n<li data-start=\"1420\" data-end=\"1723\"><a href=\"https:\/\/pap.com.vn\/\" target=\"_blank\" rel=\"noopener\">C\u00e1c d\u1ef1 \u00e1n c\u1ee7a P.A.P\u00a0<\/a><\/li>\n<\/ul>\n<\/div>\n<\/div>\n<\/div>\n<\/div>\n<\/div>\n<\/div>\n<\/section>\n","protected":false},"excerpt":{"rendered":"<p>B\u1ebfp \u00c2u 4 h\u1ecdng d\u00f9ng gas KingBetter E-RQB-700X<\/p>\n<ul>\n<li>K\u00edch th\u01b0\u1edbc: 800*700*420 mm<\/li>\n<li>C\u00f4ng su\u1ea5t: 25 Kw<\/li>\n<li>Gas LPG<\/li>\n<li>M\u1eb7t Inox 304, th\u00e2n Inox 201<\/li>\n<\/ul>\n","protected":false},"featured_media":1099,"comment_status":"open","ping_status":"closed","template":"","meta":[],"product_brand":[25],"product_cat":[17,48],"product_tag":[],"class_list":{"0":"post-1094","1":"product","2":"type-product","3":"status-publish","4":"has-post-thumbnail","6":"product_brand-kingbetter","7":"product_cat-thiet-bi-bep","8":"product_cat-bep-au","10":"first","11":"instock","12":"taxable","13":"shipping-taxable","14":"purchasable","15":"product-type-simple"},"_links":{"self":[{"href":"https:\/\/products.pap.com.vn\/index.php?rest_route=\/wp\/v2\/product\/1094","targetHints":{"allow":["GET"]}}],"collection":[{"href":"https:\/\/products.pap.com.vn\/index.php?rest_route=\/wp\/v2\/product"}],"about":[{"href":"https:\/\/products.pap.com.vn\/index.php?rest_route=\/wp\/v2\/types\/product"}],"replies":[{"embeddable":true,"href":"https:\/\/products.pap.com.vn\/index.php?rest_route=%2Fwp%2Fv2%2Fcomments&post=1094"}],"version-history":[{"count":3,"href":"https:\/\/products.pap.com.vn\/index.php?rest_route=\/wp\/v2\/product\/1094\/revisions"}],"predecessor-version":[{"id":1102,"href":"https:\/\/products.pap.com.vn\/index.php?rest_route=\/wp\/v2\/product\/1094\/revisions\/1102"}],"wp:featuredmedia":[{"embeddable":true,"href":"https:\/\/products.pap.com.vn\/index.php?rest_route=\/wp\/v2\/media\/1099"}],"wp:attachment":[{"href":"https:\/\/products.pap.com.vn\/index.php?rest_route=%2Fwp%2Fv2%2Fmedia&parent=1094"}],"wp:term":[{"taxonomy":"product_brand","embeddable":true,"href":"https:\/\/products.pap.com.vn\/index.php?rest_route=%2Fwp%2Fv2%2Fproduct_brand&post=1094"},{"taxonomy":"product_cat","embeddable":true,"href":"https:\/\/products.pap.com.vn\/index.php?rest_route=%2Fwp%2Fv2%2Fproduct_cat&post=1094"},{"taxonomy":"product_tag","embeddable":true,"href":"https:\/\/products.pap.com.vn\/index.php?rest_route=%2Fwp%2Fv2%2Fproduct_tag&post=1094"}],"curies":[{"name":"wp","href":"https:\/\/api.w.org\/{rel}","templated":true}]}}