{"id":1162,"date":"2026-04-21T09:58:56","date_gmt":"2026-04-21T09:58:56","guid":{"rendered":"https:\/\/products.pap.com.vn\/?post_type=product&#038;p=1162"},"modified":"2026-04-21T09:58:57","modified_gmt":"2026-04-21T09:58:57","slug":"bottle-cooler-3-cua-finocool","status":"publish","type":"product","link":"https:\/\/products.pap.com.vn\/?product=bottle-cooler-3-cua-finocool","title":{"rendered":"Bottle Cooler 3 c\u1eeda FinoCool FN-BC3D"},"content":{"rendered":"<p>Bottle Cooler 3 c\u1eeda FinoCool FN-BC3D l\u00e0 thi\u1ebft b\u1ecb l\u00fd t\u01b0\u1edfng \u0111\u1ec3 tr\u01b0ng b\u00e0y chai v\u00e0 c\u00e1c lo\u1ea1i \u0111\u1ed3 u\u1ed1ng t\u1ea1i qu\u1ea7y bar, \u0111\u1eb7c bi\u1ec7t ph\u00f9 h\u1ee3p cho khu v\u1ef1c FOH (Front of House). S\u1ea3n ph\u1ea9m kh\u00f4ng ch\u1ec9 gi\u00fap kh\u00f4ng gian F&amp;B tr\u1edf n\u00ean chuy\u00ean nghi\u1ec7p, sang tr\u1ecdng h\u01a1n m\u00e0 c\u00f2n h\u1ed7 tr\u1ee3 t\u1ed1i \u01b0u quy tr\u00ecnh v\u1eadn h\u00e0nh, gi\u00fap ph\u1ee5c v\u1ee5 nhanh ch\u00f3ng v\u00e0 n\u00e2ng cao tr\u1ea3i nghi\u1ec7m kh\u00e1ch h\u00e0ng.<\/p>\n<h1>Th\u00f4ng s\u1ed1 k\u1ef9 thu\u1eadt Bottle Cooler 3 c\u1eeda FinoCool FN-BC3D<\/h1>\n<table>\n<thead>\n<tr>\n<th><strong>Th\u00f4ng s\u1ed1<\/strong><\/th>\n<th><strong>BC3D (FN-BC3D)<\/strong><\/th>\n<\/tr>\n<\/thead>\n<tbody>\n<tr>\n<td>Model<\/td>\n<td>FN-BC3D<\/td>\n<\/tr>\n<tr>\n<td>K\u00edch th\u01b0\u1edbc (DxRxC)<\/td>\n<td>1335 x 508 x 850 mm<\/td>\n<\/tr>\n<tr>\n<td>\u0110i\u1ec7n \u00e1p<\/td>\n<td>220V \/ 50Hz<\/td>\n<\/tr>\n<tr>\n<td>C\u00f4ng su\u1ea5t<\/td>\n<td>264 W<\/td>\n<\/tr>\n<tr>\n<td>Dung t\u00edch<\/td>\n<td>254 L<\/td>\n<\/tr>\n<tr>\n<td>Nhi\u1ec7t \u0111\u1ed9 b\u1ea3o qu\u1ea3n<\/td>\n<td>2 ~ 10\u00b0C<\/td>\n<\/tr>\n<tr>\n<td>S\u1ed1 c\u1eeda<\/td>\n<td>3 c\u1eeda k\u00ednh<\/td>\n<\/tr>\n<tr>\n<td>M\u00e1y n\u00e9n<\/td>\n<td>Embraco<\/td>\n<\/tr>\n<tr>\n<td>B\u1ed9 \u0111i\u1ec1u khi\u1ec3n<\/td>\n<td>Dixell<\/td>\n<\/tr>\n<tr>\n<td>M\u00f4i ch\u1ea5t l\u00e0m l\u1ea1nh<\/td>\n<td>R134a<\/td>\n<\/tr>\n<\/tbody>\n<\/table>\n<p>=&gt;&gt;&gt;&gt;&gt;&gt; T<a href=\"http:\/\/products.pap.com.vn\/\">ham kh\u1ea3o th\u00eam c\u00e1c s\u1ea3n ph\u1ea9m c\u1ee7a ch\u00fang t\u00f4i t\u1ea1i \u0111\u00e2y<\/a><\/p>\n<h2>\u01afu \u0111i\u1ec3m c\u1ee7a Bottle Cooler 3 c\u1eeda trong FOH &#8211; Bottle Cooler 3 c\u1eeda FinoCool FN-BC3D<\/h2>\n<p data-start=\"74\" data-end=\"386\"><strong data-start=\"74\" data-end=\"128\">1. T\u1ed1i \u01b0u kh\u1ea3 n\u0103ng tr\u01b0ng b\u00e0y v\u00e0 thu h\u00fat kh\u00e1ch h\u00e0ng<\/strong><br data-start=\"128\" data-end=\"131\" \/>Bottle Cooler 3 c\u1eeda v\u1edbi thi\u1ebft k\u1ebf c\u1eeda k\u00ednh trong su\u1ed1t gi\u00fap tr\u01b0ng b\u00e0y \u0111a d\u1ea1ng c\u00e1c lo\u1ea1i \u0111\u1ed3 u\u1ed1ng m\u1ed9t c\u00e1ch tr\u1ef1c quan, khoa h\u1ecdc. S\u1ea3n ph\u1ea9m g\u00f3p ph\u1ea7n t\u1ea1o n\u00ean qu\u1ea7y bar chuy\u00ean nghi\u1ec7p, t\u0103ng t\u00ednh th\u1ea9m m\u1ef9 v\u00e0 n\u00e2ng cao tr\u1ea3i nghi\u1ec7m c\u1ee7a kh\u00e1ch h\u00e0ng ngay t\u1ea1i khu v\u1ef1c ph\u1ee5c v\u1ee5.<\/p>\n<p data-start=\"74\" data-end=\"386\"><a href=\"https:\/\/products.pap.com.vn\/wp-content\/uploads\/2026\/04\/bottle-cooler-Finocool-FN-BC3D.jpg\"><img fetchpriority=\"high\" decoding=\"async\" class=\"aligncenter size-full wp-image-1163\" src=\"https:\/\/products.pap.com.vn\/wp-content\/uploads\/2026\/04\/bottle-cooler-Finocool-FN-BC3D.jpg\" alt=\"Bottle Cooler 3 c\u1eeda FinoCool FN-BC3D\" width=\"625\" height=\"625\" srcset=\"https:\/\/products.pap.com.vn\/wp-content\/uploads\/2026\/04\/bottle-cooler-Finocool-FN-BC3D.jpg 625w, https:\/\/products.pap.com.vn\/wp-content\/uploads\/2026\/04\/bottle-cooler-Finocool-FN-BC3D-300x300.jpg 300w, https:\/\/products.pap.com.vn\/wp-content\/uploads\/2026\/04\/bottle-cooler-Finocool-FN-BC3D-150x150.jpg 150w, https:\/\/products.pap.com.vn\/wp-content\/uploads\/2026\/04\/bottle-cooler-Finocool-FN-BC3D-600x600.jpg 600w, https:\/\/products.pap.com.vn\/wp-content\/uploads\/2026\/04\/bottle-cooler-Finocool-FN-BC3D-100x100.jpg 100w, https:\/\/products.pap.com.vn\/wp-content\/uploads\/2026\/04\/bottle-cooler-Finocool-FN-BC3D-64x64.jpg 64w\" sizes=\"(max-width: 625px) 100vw, 625px\" \/><\/a><\/p>\n<p data-start=\"388\" data-end=\"701\"><strong data-start=\"388\" data-end=\"433\">2. T\u0103ng t\u1ed1c \u0111\u1ed9 ph\u1ee5c v\u1ee5 trong gi\u1edd cao \u0111i\u1ec3m<\/strong><br data-start=\"433\" data-end=\"436\" \/>Dung t\u00edch l\u1edbn c\u00f9ng thi\u1ebft k\u1ebf 3 c\u00e1nh c\u1eeda cho ph\u00e9p nh\u00e2n vi\u00ean d\u1ec5 d\u00e0ng s\u1eafp x\u1ebfp v\u00e0 l\u1ea5y \u0111\u1ed3 u\u1ed1ng nhanh ch\u00f3ng, h\u1ea1n ch\u1ebf t\u00ecnh tr\u1ea1ng m\u1edf t\u1ee7 qu\u00e1 l\u00e2u ho\u1eb7c ph\u1ea3i di chuy\u1ec3n nhi\u1ec1u. \u0110i\u1ec1u n\u00e0y gi\u00fap t\u1ed1i \u01b0u quy tr\u00ecnh v\u1eadn h\u00e0nh v\u00e0 \u0111\u1ea3m b\u1ea3o t\u1ed1c \u0111\u1ed9 ph\u1ee5c v\u1ee5 \u1ed5n \u0111\u1ecbnh trong c\u00e1c khung gi\u1edd cao \u0111i\u1ec3m. &#8211; T\u00ecm hi\u1ec3u the<\/p>\n<p data-start=\"703\" data-end=\"1025\"><strong data-start=\"703\" data-end=\"761\">3. Duy tr\u00ec nhi\u1ec7t \u0111\u1ed9 \u1ed5n \u0111\u1ecbnh, b\u1ea3o qu\u1ea3n \u0111\u1ed3 u\u1ed1ng hi\u1ec7u qu\u1ea3<\/strong><br data-start=\"761\" data-end=\"764\" \/>H\u1ec7 th\u1ed1ng l\u00e0m l\u1ea1nh m\u1ea1nh m\u1ebd v\u00e0 b\u1ed9 \u0111i\u1ec1u khi\u1ec3n nhi\u1ec7t \u0111\u1ed9 ch\u00ednh x\u00e1c gi\u00fap duy tr\u00ec m\u1ee9c nhi\u1ec7t \u1ed5n \u0111\u1ecbnh, \u0111\u1ea3m b\u1ea3o ch\u1ea5t l\u01b0\u1ee3ng \u0111\u1ed3 u\u1ed1ng lu\u00f4n \u0111\u1ea1t ti\u00eau chu\u1ea9n ph\u1ee5c v\u1ee5. \u0110\u00e2y l\u00e0 y\u1ebfu t\u1ed1 quan tr\u1ecdng trong m\u00f4i tr\u01b0\u1eddng F&amp;B, n\u01a1i t\u00ednh nh\u1ea5t qu\u00e1n v\u1ec1 ch\u1ea5t l\u01b0\u1ee3ng s\u1ea3n ph\u1ea9m \u0111\u01b0\u1ee3c \u0111\u1eb7t l\u00ean h\u00e0ng \u0111\u1ea7u.<\/p>\n<p data-start=\"1027\" data-end=\"1312\"><strong data-start=\"1027\" data-end=\"1074\">4. Ph\u00f9 h\u1ee3p v\u1edbi nhi\u1ec1u m\u00f4 h\u00ecnh kinh doanh F&amp;B<\/strong><br data-start=\"1074\" data-end=\"1077\" \/>Bottle Cooler 3 c\u1eeda l\u00e0 l\u1ef1a ch\u1ecdn linh ho\u1ea1t cho c\u00e1c qu\u1ea7y bar, nh\u00e0 h\u00e0ng, kh\u00e1ch s\u1ea1n, lounge ho\u1eb7c qu\u00e1n c\u00e0 ph\u00ea c\u00f3 l\u01b0u l\u01b0\u1ee3ng kh\u00e1ch l\u1edbn. Thi\u1ebft b\u1ecb \u0111\u00e1p \u1ee9ng t\u1ed1t nhu c\u1ea7u l\u01b0u tr\u1eef v\u00e0 tr\u01b0ng b\u00e0y s\u1ed1 l\u01b0\u1ee3ng l\u1edbn \u0111\u1ed3 u\u1ed1ng trong kh\u00f4ng gian ph\u1ee5c v\u1ee5 tr\u1ef1c ti\u1ebfp.<\/p>\n<p data-start=\"1314\" data-end=\"1581\" data-is-last-node=\"\" data-is-only-node=\"\"><strong data-start=\"1314\" data-end=\"1376\">5. G\u00f3p ph\u1ea7n x\u00e2y d\u1ef1ng h\u00ecnh \u1ea3nh kh\u00f4ng gian F&amp;B chuy\u00ean nghi\u1ec7p<\/strong><br data-start=\"1376\" data-end=\"1379\" \/>M\u1ed9t thi\u1ebft b\u1ecb tr\u01b0ng b\u00e0y hi\u1ec7n \u0111\u1ea1i, v\u1eadn h\u00e0nh \u1ed5n \u0111\u1ecbnh kh\u00f4ng ch\u1ec9 h\u1ed7 tr\u1ee3 ho\u1ea1t \u0111\u1ed9ng kinh doanh m\u00e0 c\u00f2n th\u1ec3 hi\u1ec7n s\u1ef1 \u0111\u1ea7u t\u01b0 b\u00e0i b\u1ea3n c\u1ee7a doanh nghi\u1ec7p v\u00e0o ch\u1ea5t l\u01b0\u1ee3ng d\u1ecbch v\u1ee5 v\u00e0 h\u00ecnh \u1ea3nh th\u01b0\u01a1ng hi\u1ec7u t\u1ea1i khu v\u1ef1c FOH.<\/p>\n<p data-start=\"1314\" data-end=\"1581\" data-is-last-node=\"\" data-is-only-node=\"\"><a href=\"https:\/\/products.pap.com.vn\/wp-content\/uploads\/2026\/04\/bottle-cooler-Finocool-FN-BC2D-4.jpg\"><img decoding=\"async\" class=\"aligncenter size-full wp-image-718\" src=\"https:\/\/products.pap.com.vn\/wp-content\/uploads\/2026\/04\/bottle-cooler-Finocool-FN-BC2D-4.jpg\" alt=\"Bottle cooler 2 c\u1eeda Fincool FN-BC2D\" width=\"625\" height=\"625\" srcset=\"https:\/\/products.pap.com.vn\/wp-content\/uploads\/2026\/04\/bottle-cooler-Finocool-FN-BC2D-4.jpg 625w, https:\/\/products.pap.com.vn\/wp-content\/uploads\/2026\/04\/bottle-cooler-Finocool-FN-BC2D-4-300x300.jpg 300w, https:\/\/products.pap.com.vn\/wp-content\/uploads\/2026\/04\/bottle-cooler-Finocool-FN-BC2D-4-150x150.jpg 150w, https:\/\/products.pap.com.vn\/wp-content\/uploads\/2026\/04\/bottle-cooler-Finocool-FN-BC2D-4-600x600.jpg 600w, https:\/\/products.pap.com.vn\/wp-content\/uploads\/2026\/04\/bottle-cooler-Finocool-FN-BC2D-4-100x100.jpg 100w\" sizes=\"(max-width: 625px) 100vw, 625px\" \/><\/a><\/p>\n<h3 data-start=\"0\" data-end=\"73\"><strong data-start=\"0\" data-end=\"73\">P.A.P \u2013 \u0110\u01a1n v\u1ecb cung c\u1ea5p thi\u1ebft b\u1ecb b\u1ebfp v\u00e0 thi\u1ebft b\u1ecb l\u1ea1nh uy t\u00edn h\u00e0ng \u0111\u1ea7u<\/strong><\/h3>\n<p data-start=\"75\" data-end=\"487\">V\u1edbi nhi\u1ec1u n\u0103m kinh nghi\u1ec7m trong l\u0129nh v\u1ef1c thi\u1ebft b\u1ecb b\u1ebfp c\u00f4ng nghi\u1ec7p v\u00e0 thi\u1ebft b\u1ecb l\u1ea1nh, <strong data-start=\"159\" data-end=\"168\">P.A.P<\/strong> \u0111\u00e3 kh\u1eb3ng \u0111\u1ecbnh v\u1ecb th\u1ebf l\u00e0 \u0111\u1ed1i t\u00e1c \u0111\u00e1ng tin c\u1eady c\u1ee7a h\u00e0ng tr\u0103m nh\u00e0 h\u00e0ng, kh\u00e1ch s\u1ea1n, b\u1ebfp \u0103n c\u00f4ng nghi\u1ec7p v\u00e0 m\u00f4 h\u00ecnh F&amp;B tr\u00ean to\u00e0n khu v\u1ef1c. Kh\u00f4ng ch\u1ec9 cung c\u1ea5p s\u1ea3n ph\u1ea9m, P.A.P \u0111\u1ecbnh h\u01b0\u1edbng tr\u1edf th\u00e0nh \u0111\u01a1n v\u1ecb mang \u0111\u1ebfn c\u00e1c gi\u1ea3i ph\u00e1p v\u1eadn h\u00e0nh hi\u1ec7u qu\u1ea3, \u0111\u00e1p \u1ee9ng y\u00eau c\u1ea7u kh\u1eaft khe v\u1ec1 ch\u1ea5t l\u01b0\u1ee3ng, \u0111\u1ed9 b\u1ec1n v\u00e0 t\u00ednh \u0111\u1ed3ng b\u1ed9 c\u1ee7a h\u1ec7 th\u1ed1ng b\u1ebfp.<\/p>\n<p data-start=\"489\" data-end=\"884\"><strong data-start=\"489\" data-end=\"551\">Danh m\u1ee5c thi\u1ebft b\u1ecb \u0111a d\u1ea1ng, \u0111\u00e1p \u1ee9ng \u0111\u1ea7y \u0111\u1ee7 nhu c\u1ea7u v\u1eadn h\u00e0nh<\/strong><br data-start=\"551\" data-end=\"554\" \/>P.A.P cung c\u1ea5p \u0111\u1ea7y \u0111\u1ee7 c\u00e1c d\u00f2ng thi\u1ebft b\u1ecb b\u1ebfp v\u00e0 thi\u1ebft b\u1ecb l\u1ea1nh ph\u1ee5c v\u1ee5 cho nhi\u1ec1u quy m\u00f4 kinh doanh kh\u00e1c nhau, t\u1eeb m\u00f4 h\u00ecnh qu\u00e1n nh\u1ecf \u0111\u1ebfn nh\u00e0 h\u00e0ng, kh\u00e1ch s\u1ea1n v\u00e0 khu ngh\u1ec9 d\u01b0\u1ee1ng. C\u00e1c s\u1ea3n ph\u1ea9m \u0111\u01b0\u1ee3c l\u1ef1a ch\u1ecdn k\u1ef9 l\u01b0\u1ee1ng theo ti\u00eau chu\u1ea9n k\u1ef9 thu\u1eadt, \u0111\u1ea3m b\u1ea3o kh\u1ea3 n\u0103ng v\u1eadn h\u00e0nh \u1ed5n \u0111\u1ecbnh, ti\u1ebft ki\u1ec7m n\u0103ng l\u01b0\u1ee3ng v\u00e0 ph\u00f9 h\u1ee3p v\u1edbi \u0111i\u1ec1u ki\u1ec7n s\u1eed d\u1ee5ng th\u1ef1c t\u1ebf.<\/p>\n<p data-start=\"886\" data-end=\"1277\"><strong data-start=\"886\" data-end=\"933\">Ch\u00fa tr\u1ecdng ch\u1ea5t l\u01b0\u1ee3ng v\u00e0 ti\u00eau chu\u1ea9n k\u1ef9 thu\u1eadt<\/strong><br data-start=\"933\" data-end=\"936\" \/>Uy t\u00edn c\u1ee7a P.A.P \u0111\u01b0\u1ee3c x\u00e2y d\u1ef1ng tr\u00ean n\u1ec1n t\u1ea3ng ch\u1ea5t l\u01b0\u1ee3ng s\u1ea3n ph\u1ea9m v\u00e0 s\u1ef1 minh b\u1ea1ch trong t\u1eebng kh\u00e2u cung c\u1ea5p. M\u1ed7i thi\u1ebft b\u1ecb tr\u01b0\u1edbc khi \u0111\u01b0a v\u00e0o s\u1eed d\u1ee5ng \u0111\u1ec1u \u0111\u01b0\u1ee3c ki\u1ec3m tra k\u1ef9 thu\u1eadt, \u0111\u1ea3m b\u1ea3o \u0111\u00e1p \u1ee9ng \u0111\u00fang th\u00f4ng s\u1ed1 v\u1eadn h\u00e0nh, \u0111\u1ed9 an to\u00e0n v\u00e0 tu\u1ed5i th\u1ecd l\u00e2u d\u00e0i. \u0110\u00e2y l\u00e0 y\u1ebfu t\u1ed1 quan tr\u1ecdng gi\u00fap kh\u00e1ch h\u00e0ng y\u00ean t\u00e2m trong qu\u00e1 tr\u00ecnh khai th\u00e1c v\u00e0 s\u1eed d\u1ee5ng thi\u1ebft b\u1ecb.<\/p>\n<p data-start=\"1279\" data-end=\"1658\"><strong data-start=\"1279\" data-end=\"1325\">Gi\u1ea3i ph\u00e1p \u0111\u1ed3ng b\u1ed9 \u2013 T\u1ed1i \u01b0u hi\u1ec7u qu\u1ea3 \u0111\u1ea7u t\u01b0<\/strong><br data-start=\"1325\" data-end=\"1328\" \/>Kh\u00f4ng d\u1eebng l\u1ea1i \u1edf vi\u1ec7c b\u00e1n thi\u1ebft b\u1ecb, P.A.P t\u1eadp trung cung c\u1ea5p gi\u1ea3i ph\u00e1p t\u1ed5ng th\u1ec3 t\u1eeb t\u01b0 v\u1ea5n, thi\u1ebft k\u1ebf, cung c\u1ea5p, l\u1eafp \u0111\u1eb7t \u0111\u1ebfn b\u1ea3o tr\u00ec v\u00e0 h\u1ed7 tr\u1ee3 k\u1ef9 thu\u1eadt. C\u00e1ch ti\u1ebfp c\u1eadn n\u00e0y gi\u00fap doanh nghi\u1ec7p t\u1ed1i \u01b0u chi ph\u00ed \u0111\u1ea7u t\u01b0 ban \u0111\u1ea7u, \u0111\u1ed3ng th\u1eddi \u0111\u1ea3m b\u1ea3o h\u1ec7 th\u1ed1ng b\u1ebfp v\u00e0 thi\u1ebft b\u1ecb l\u1ea1nh v\u1eadn h\u00e0nh tr\u01a1n tru, h\u1ea1n ch\u1ebf gi\u00e1n \u0111o\u1ea1n trong ho\u1ea1t \u0111\u1ed9ng kinh doanh.<\/p>\n<p data-start=\"1660\" data-end=\"1989\"><strong data-start=\"1660\" data-end=\"1697\">\u0110\u1ed3ng h\u00e0nh l\u00e2u d\u00e0i c\u00f9ng kh\u00e1ch h\u00e0ng<\/strong><br data-start=\"1697\" data-end=\"1700\" \/>V\u1edbi \u0111\u1ecbnh h\u01b0\u1edbng ph\u00e1t tri\u1ec3n b\u1ec1n v\u1eefng, P.A.P lu\u00f4n \u0111\u1eb7t l\u1ee3i \u00edch v\u00e0 hi\u1ec7u qu\u1ea3 v\u1eadn h\u00e0nh c\u1ee7a kh\u00e1ch h\u00e0ng l\u00e0m tr\u1ecdng t\u00e2m. S\u1ef1 chuy\u00ean nghi\u1ec7p trong d\u1ecbch v\u1ee5, tinh th\u1ea7n tr\u00e1ch nhi\u1ec7m v\u00e0 kh\u1ea3 n\u0103ng h\u1ed7 tr\u1ee3 nhanh ch\u00f3ng ch\u00ednh l\u00e0 nh\u1eefng y\u1ebfu t\u1ed1 gi\u00fap P.A.P tr\u1edf th\u00e0nh l\u1ef1a ch\u1ecdn \u01b0u ti\u00ean c\u1ee7a nhi\u1ec1u \u0111\u1ed1i t\u00e1c trong ng\u00e0nh F&amp;B.<\/p>\n<p data-start=\"1250\" data-end=\"1542\" data-is-last-node=\"\" data-is-only-node=\"\">=&gt;&gt;&gt;&gt;&gt;&gt;&gt; Tham kh\u1ea3o th\u00eam v\u1ec1 ch\u00fang t\u00f4i t\u1ea1i \u0111\u00e2y:<\/p>\n<p>Facebook:\u00a0<a href=\"https:\/\/www.facebook.com\/PAPCommercialKitchenSupplier\" target=\"_blank\" rel=\"noopener\">Commercial Kitchen Equipment and stainless steel by PAP<\/a><\/p>\n<p>Pinterest:\u00a0<a href=\"https:\/\/www.pinterest.com\/PAPKITCHEN2025\/\" target=\"_blank\" rel=\"noopener\">C\u00f4ng Ty TNHH Th\u01b0\u01a1ng M\u1ea1i V\u00e0 D\u1ecbch V\u1ee5 P.A.P<\/a><\/p>\n","protected":false},"excerpt":{"rendered":"<p>Bottle Cooler 3 c\u1eeda FinoCool FN-BC3D:<\/p>\n<ul>\n<li data-section-id=\"iotjx7\" data-start=\"77\" data-end=\"124\">K\u00edch th\u01b0\u1edbc (DxRxC): 1335 x 508 x 850 mm<\/li>\n<li data-section-id=\"14p9x8t\" data-start=\"125\" data-end=\"153\">\u0110i\u1ec7n \u00e1p: 220V \/ 50Hz<\/li>\n<li data-section-id=\"addkzg\" data-start=\"154\" data-end=\"178\">C\u00f4ng su\u1ea5t: 264 W<\/li>\n<li data-section-id=\"1enorfr\" data-start=\"179\" data-end=\"203\">Dung t\u00edch: 254 L<\/li>\n<li data-section-id=\"1l8m2nz\" data-start=\"204\" data-end=\"239\">Nhi\u1ec7t \u0111\u1ed9 b\u1ea3o qu\u1ea3n: 2 ~ 10\u00b0C<\/li>\n<li data-section-id=\"fxj71f\" data-start=\"240\" data-end=\"266\">S\u1ed1 c\u1eeda: 3 c\u1eeda k\u00ednh<\/li>\n<li data-section-id=\"1b0o7ln\" data-start=\"267\" data-end=\"291\">M\u00e1y n\u00e9n: Embraco<\/li>\n<li data-section-id=\"w4xr46\" data-start=\"292\" data-end=\"330\">B\u1ed9 \u0111i\u1ec1u khi\u1ec3n nhi\u1ec7t \u0111\u1ed9: Dixell<\/li>\n<\/ul>\n","protected":false},"featured_media":1163,"comment_status":"open","ping_status":"closed","template":"","meta":[],"product_brand":[24],"product_cat":[17,75],"product_tag":[],"class_list":{"0":"post-1162","1":"product","2":"type-product","3":"status-publish","4":"has-post-thumbnail","6":"product_brand-finocool","7":"product_cat-thiet-bi-bep","8":"product_cat-thiet-bi-lanh","10":"first","11":"instock","12":"taxable","13":"shipping-taxable","14":"purchasable","15":"product-type-simple"},"_links":{"self":[{"href":"https:\/\/products.pap.com.vn\/index.php?rest_route=\/wp\/v2\/product\/1162","targetHints":{"allow":["GET"]}}],"collection":[{"href":"https:\/\/products.pap.com.vn\/index.php?rest_route=\/wp\/v2\/product"}],"about":[{"href":"https:\/\/products.pap.com.vn\/index.php?rest_route=\/wp\/v2\/types\/product"}],"replies":[{"embeddable":true,"href":"https:\/\/products.pap.com.vn\/index.php?rest_route=%2Fwp%2Fv2%2Fcomments&post=1162"}],"version-history":[{"count":1,"href":"https:\/\/products.pap.com.vn\/index.php?rest_route=\/wp\/v2\/product\/1162\/revisions"}],"predecessor-version":[{"id":1165,"href":"https:\/\/products.pap.com.vn\/index.php?rest_route=\/wp\/v2\/product\/1162\/revisions\/1165"}],"wp:featuredmedia":[{"embeddable":true,"href":"https:\/\/products.pap.com.vn\/index.php?rest_route=\/wp\/v2\/media\/1163"}],"wp:attachment":[{"href":"https:\/\/products.pap.com.vn\/index.php?rest_route=%2Fwp%2Fv2%2Fmedia&parent=1162"}],"wp:term":[{"taxonomy":"product_brand","embeddable":true,"href":"https:\/\/products.pap.com.vn\/index.php?rest_route=%2Fwp%2Fv2%2Fproduct_brand&post=1162"},{"taxonomy":"product_cat","embeddable":true,"href":"https:\/\/products.pap.com.vn\/index.php?rest_route=%2Fwp%2Fv2%2Fproduct_cat&post=1162"},{"taxonomy":"product_tag","embeddable":true,"href":"https:\/\/products.pap.com.vn\/index.php?rest_route=%2Fwp%2Fv2%2Fproduct_tag&post=1162"}],"curies":[{"name":"wp","href":"https:\/\/api.w.org\/{rel}","templated":true}]}}