{"id":1230,"date":"2026-04-23T08:25:38","date_gmt":"2026-04-23T08:25:38","guid":{"rendered":"https:\/\/products.pap.com.vn\/?post_type=product&#038;p=1230"},"modified":"2026-04-23T08:25:38","modified_gmt":"2026-04-23T08:25:38","slug":"ban-dong-3-cua-truoc-1m8-finocool","status":"publish","type":"product","link":"https:\/\/products.pap.com.vn\/?product=ban-dong-3-cua-truoc-1m8-finocool","title":{"rendered":"B\u00e0n \u0111\u00f4ng 3 c\u1eeda tr\u01b0\u1edbc 1m8 FinoCool FN-UF1800"},"content":{"rendered":"<p>B\u00e0n \u0111\u00f4ng 3 c\u1eeda tr\u01b0\u1edbc 1m8 FinoCool FN-UF1800\u00a0l\u00e0 thi\u1ebft b\u1ecb b\u1ea3o qu\u1ea3n th\u1ef1c ph\u1ea9m \u0111\u00f4ng l\u1ea1nh \u0111\u01b0\u1ee3c thi\u1ebft k\u1ebf t\u00edch h\u1ee3p m\u1eb7t b\u00e0n thao t\u00e1c, ph\u00f9 h\u1ee3p cho m\u00f4i tr\u01b0\u1eddng b\u1ebfp c\u00f4ng nghi\u1ec7p c\u00f3 c\u01b0\u1eddng \u0111\u1ed9 l\u00e0m vi\u1ec7c cao. V\u1edbi dung t\u00edch kho\u1ea3ng 440 l\u00edt, d\u1ea3i nhi\u1ec7t \u0111\u1ed9 t\u1eeb -20 ~ -15\u00b0C v\u00e0 thi\u1ebft k\u1ebf 3 c\u00e1nh \u0111\u1ed9c l\u1eadp, thi\u1ebft b\u1ecb gi\u00fap t\u1ed1i \u01b0u kh\u00f4ng gian l\u00e0m vi\u1ec7c, \u0111\u1ea3m b\u1ea3o ngu\u1ed3n nguy\u00ean li\u1ec7u \u0111\u00f4ng lu\u00f4n s\u1eb5n s\u00e0ng cho qu\u00e1 tr\u00ecnh ch\u1ebf bi\u1ebfn li\u00ean t\u1ee5c trong nh\u00e0 h\u00e0ng, kh\u00e1ch s\u1ea1n v\u00e0 b\u1ebfp \u0103n c\u00f4ng nghi\u1ec7p.<\/p>\n<h1>Th\u00f4ng s\u1ed1 k\u1ef9 thu\u1eadt B\u00e0n \u0111\u00f4ng 3 c\u1eeda tr\u01b0\u1edbc 1m8 FinoCool FN-UF1800<\/h1>\n<table>\n<thead>\n<tr>\n<th><strong>Th\u00f4ng s\u1ed1<\/strong><\/th>\n<th><strong>Gi\u00e1 tr\u1ecb<\/strong><\/th>\n<\/tr>\n<\/thead>\n<tbody>\n<tr>\n<td><strong>Model<\/strong><\/td>\n<td>FN-UF1800<\/td>\n<\/tr>\n<tr>\n<td><strong>K\u00edch th\u01b0\u1edbc (mm)<\/strong><\/td>\n<td>1800 x 700 x 850<\/td>\n<\/tr>\n<tr>\n<td><strong>\u0110i\u1ec7n \u00e1p (V\/Hz)<\/strong><\/td>\n<td>220 ~ 50<\/td>\n<\/tr>\n<tr>\n<td><strong>C\u00f4ng su\u1ea5t (W)<\/strong><\/td>\n<td>320<\/td>\n<\/tr>\n<tr>\n<td><strong>Dung t\u00edch (L)<\/strong><\/td>\n<td>440<\/td>\n<\/tr>\n<tr>\n<td><strong>Nhi\u1ec7t \u0111\u1ed9 (\u00b0C)<\/strong><\/td>\n<td>-20 ~ -15<\/td>\n<\/tr>\n<tr>\n<td><strong>X\u1ea3 \u0111\u00f4ng<\/strong><\/td>\n<td>T\u1ef1 \u0111\u1ed9ng (Automatic)<\/td>\n<\/tr>\n<tr>\n<td><strong>S\u1ed1 c\u00e1nh c\u1eeda<\/strong><\/td>\n<td>3 c\u00e1nh<\/td>\n<\/tr>\n<tr>\n<td><strong>M\u00e1y n\u00e9n<\/strong><\/td>\n<td>Embraco<\/td>\n<\/tr>\n<tr>\n<td><strong>B\u1ed9 \u0111i\u1ec1u khi\u1ec3n<\/strong><\/td>\n<td>Dixell<\/td>\n<\/tr>\n<tr>\n<td><strong>M\u00f4i ch\u1ea5t l\u1ea1nh<\/strong><\/td>\n<td>R290<\/td>\n<\/tr>\n<\/tbody>\n<\/table>\n<p><a href=\"http:\/\/products.pap.com.vn\/\">T\u00ecm hi\u1ec3u th\u00eam c\u00e1c s\u1ea3n ph\u1ea9m ch\u00fang t\u00f4i t\u1ea1i \u0111\u00e2y<\/a><\/p>\n<h2 data-section-id=\"n0iu2s\" data-start=\"733\" data-end=\"796\">\u01afu \u0111i\u1ec3m c\u1ee7a B\u00e0n \u0111\u00f4ng 3 c\u1eeda tr\u01b0\u1edbc 1m8 FinoCool FN-UF1800<\/h2>\n<p data-section-id=\"jxaq1a\" data-start=\"798\" data-end=\"865\"><em><span style=\"text-decoration: underline;\"><strong>K\u1ebft h\u1ee3p ch\u1ee9c n\u0103ng l\u01b0u tr\u1eef v\u00e0 thao t\u00e1c trong c\u00f9ng m\u1ed9t thi\u1ebft b\u1ecb<\/strong><\/span><\/em><\/p>\n<p data-start=\"866\" data-end=\"1086\">B\u00e0n \u0111\u00f4ng v\u1eeba \u0111\u00f3ng vai tr\u00f2 l\u00e0 thi\u1ebft b\u1ecb l\u01b0u tr\u1eef th\u1ef1c ph\u1ea9m \u0111\u00f4ng l\u1ea1nh, v\u1eeba l\u00e0 b\u1ec1 m\u1eb7t thao t\u00e1c tr\u1ef1c ti\u1ebfp trong khu b\u1ebfp. Thi\u1ebft k\u1ebf n\u00e0y gi\u00fap gi\u1ea3m s\u1ed1 l\u01b0\u1ee3ng thi\u1ebft b\u1ecb c\u1ea7n b\u1ed1 tr\u00ed v\u00e0 t\u1ed1i \u01b0u h\u00f3a di\u1ec7n t\u00edch s\u1eed d\u1ee5ng trong kh\u00f4ng gian b\u1ebfp.<\/p>\n<figure id=\"attachment_1225\" aria-describedby=\"caption-attachment-1225\" style=\"width: 750px\" class=\"wp-caption aligncenter\"><a href=\"https:\/\/products.pap.com.vn\/wp-content\/uploads\/2026\/04\/Tu-mat-cong-nghiep-4-canh-1.jpg\"><img fetchpriority=\"high\" decoding=\"async\" class=\"size-full wp-image-1225\" src=\"https:\/\/products.pap.com.vn\/wp-content\/uploads\/2026\/04\/Tu-mat-cong-nghiep-4-canh-1.jpg\" alt=\"B\u00e0n \u0111\u00f4ng 3 c\u1eeda tr\u01b0\u1edbc 1m8 FinoCool FN-UF1800\" width=\"750\" height=\"750\" srcset=\"https:\/\/products.pap.com.vn\/wp-content\/uploads\/2026\/04\/Tu-mat-cong-nghiep-4-canh-1.jpg 750w, https:\/\/products.pap.com.vn\/wp-content\/uploads\/2026\/04\/Tu-mat-cong-nghiep-4-canh-1-300x300.jpg 300w, https:\/\/products.pap.com.vn\/wp-content\/uploads\/2026\/04\/Tu-mat-cong-nghiep-4-canh-1-150x150.jpg 150w, https:\/\/products.pap.com.vn\/wp-content\/uploads\/2026\/04\/Tu-mat-cong-nghiep-4-canh-1-600x600.jpg 600w, https:\/\/products.pap.com.vn\/wp-content\/uploads\/2026\/04\/Tu-mat-cong-nghiep-4-canh-1-100x100.jpg 100w, https:\/\/products.pap.com.vn\/wp-content\/uploads\/2026\/04\/Tu-mat-cong-nghiep-4-canh-1-64x64.jpg 64w\" sizes=\"(max-width: 750px) 100vw, 750px\" \/><\/a><figcaption id=\"caption-attachment-1225\" class=\"wp-caption-text\">B\u00e0n m\u00e1t 3 c\u1eeda tr\u01b0\u1edbc 1m8 FinoCool FN-UC1800<\/figcaption><\/figure>\n<p data-start=\"866\" data-end=\"1086\"><a href=\"https:\/\/products.pap.com.vn\/?product_brand=finocool\">=&gt; Tham kh\u1ea3o c\u00e1c thi\u1ebft b\u1ecb l\u1ea1nh c\u1ee7a\u00a0 Finocool<\/a><\/p>\n<p data-section-id=\"1qg1yf2\" data-start=\"1088\" data-end=\"1147\"><em><span style=\"text-decoration: underline;\"><strong>Nhi\u1ec7t \u0111\u1ed9 \u0111\u00f4ng \u1ed5n \u0111\u1ecbnh, \u0111\u1ea3m b\u1ea3o ch\u1ea5t l\u01b0\u1ee3ng nguy\u00ean li\u1ec7u<\/strong><\/span><\/em><\/p>\n<p data-start=\"1148\" data-end=\"1379\">D\u1ea3i nhi\u1ec7t \u0111\u1ed9 t\u1eeb -20 ~ -15\u00b0C ph\u00f9 h\u1ee3p cho b\u1ea3o qu\u1ea3n th\u1ecbt, h\u1ea3i s\u1ea3n, th\u1ef1c ph\u1ea9m \u0111\u00f4ng l\u1ea1nh v\u00e0 nguy\u00ean li\u1ec7u ch\u1ebf bi\u1ebfn. Kh\u1ea3 n\u0103ng duy tr\u00ec nhi\u1ec7t \u0111\u1ed9 \u1ed5n \u0111\u1ecbnh gi\u00fap h\u1ea1n ch\u1ebf t\u00ecnh tr\u1ea1ng r\u00e3 \u0111\u00f4ng v\u00e0 \u0111\u1ea3m b\u1ea3o ch\u1ea5t l\u01b0\u1ee3ng th\u1ef1c ph\u1ea9m trong qu\u00e1 tr\u00ecnh l\u01b0u tr\u1eef.<\/p>\n<p data-section-id=\"z117f1\" data-start=\"1381\" data-end=\"1436\"><em><span style=\"text-decoration: underline;\"><strong>Thi\u1ebft k\u1ebf 3 c\u00e1nh \u0111\u1ed9c l\u1eadp, gi\u1ea3m th\u1ea5t tho\u00e1t h\u01a1i l\u1ea1nh<\/strong><\/span><\/em><\/p>\n<p data-start=\"1437\" data-end=\"1614\">C\u1ea5u tr\u00fac nhi\u1ec1u c\u00e1nh cho ph\u00e9p m\u1edf t\u1eebng khoang ri\u00eang bi\u1ec7t khi s\u1eed d\u1ee5ng, gi\u00fap h\u1ea1n ch\u1ebf th\u1ea5t tho\u00e1t nhi\u1ec7t v\u00e0 gi\u1ea3m t\u1ea3i cho h\u1ec7 th\u1ed1ng l\u00e0m l\u1ea1nh trong m\u00f4i tr\u01b0\u1eddng b\u1ebfp c\u00f3 t\u1ea7n su\u1ea5t s\u1eed d\u1ee5ng cao.<\/p>\n<figure id=\"attachment_1223\" aria-describedby=\"caption-attachment-1223\" style=\"width: 750px\" class=\"wp-caption aligncenter\"><a href=\"https:\/\/products.pap.com.vn\/wp-content\/uploads\/2026\/04\/tu-dong-cong-nghiep-6-canh-1.jpg\"><img decoding=\"async\" class=\"size-full wp-image-1223\" src=\"https:\/\/products.pap.com.vn\/wp-content\/uploads\/2026\/04\/tu-dong-cong-nghiep-6-canh-1.jpg\" alt=\"B\u00e0n \u0111\u00f4ng 3 c\u1eeda tr\u01b0\u1edbc 1m8 FinoCool FN-UF1800\" width=\"750\" height=\"750\" srcset=\"https:\/\/products.pap.com.vn\/wp-content\/uploads\/2026\/04\/tu-dong-cong-nghiep-6-canh-1.jpg 750w, https:\/\/products.pap.com.vn\/wp-content\/uploads\/2026\/04\/tu-dong-cong-nghiep-6-canh-1-300x300.jpg 300w, https:\/\/products.pap.com.vn\/wp-content\/uploads\/2026\/04\/tu-dong-cong-nghiep-6-canh-1-150x150.jpg 150w, https:\/\/products.pap.com.vn\/wp-content\/uploads\/2026\/04\/tu-dong-cong-nghiep-6-canh-1-600x600.jpg 600w, https:\/\/products.pap.com.vn\/wp-content\/uploads\/2026\/04\/tu-dong-cong-nghiep-6-canh-1-100x100.jpg 100w, https:\/\/products.pap.com.vn\/wp-content\/uploads\/2026\/04\/tu-dong-cong-nghiep-6-canh-1-64x64.jpg 64w\" sizes=\"(max-width: 750px) 100vw, 750px\" \/><\/a><figcaption id=\"caption-attachment-1223\" class=\"wp-caption-text\">B\u00e0n \u0111\u00f4ng 3 c\u1eeda tr\u01b0\u1edbc 1m8 FinoCool FN-UF1800<\/figcaption><\/figure>\n<p data-section-id=\"1pcp3uv\" data-start=\"1616\" data-end=\"1673\"><em><span style=\"text-decoration: underline;\"><strong>Linh ki\u1ec7n ti\u00eau chu\u1ea9n ng\u00e0nh l\u1ea1nh, thu\u1eadn ti\u1ec7n b\u1ea3o tr\u00ec<\/strong><\/span><\/em><\/p>\n<p data-start=\"1674\" data-end=\"1963\">Thi\u1ebft b\u1ecb s\u1eed d\u1ee5ng m\u00e1y n\u00e9n t\u1eeb <span class=\"hover:entity-accent entity-underline inline cursor-pointer align-baseline\"><span class=\"whitespace-normal\">Embraco<\/span><\/span> v\u00e0 b\u1ed9 \u0111i\u1ec1u khi\u1ec3n nhi\u1ec7t \u0111\u1ed9 t\u1eeb <span class=\"hover:entity-accent entity-underline inline cursor-pointer align-baseline\"><span class=\"whitespace-normal\">Dixell<\/span><\/span>, l\u00e0 c\u00e1c linh ki\u1ec7n \u0111\u01b0\u1ee3c s\u1eed d\u1ee5ng r\u1ed9ng r\u00e3i trong thi\u1ebft b\u1ecb l\u1ea1nh th\u01b0\u01a1ng m\u1ea1i. \u0110i\u1ec1u n\u00e0y gi\u00fap \u0111\u1ea3m b\u1ea3o kh\u1ea3 n\u0103ng v\u1eadn h\u00e0nh \u1ed5n \u0111\u1ecbnh v\u00e0 d\u1ec5 d\u00e0ng thay th\u1ebf khi c\u1ea7n b\u1ea3o tr\u00ec.<\/p>\n<p data-section-id=\"13sj74k\" data-start=\"1965\" data-end=\"2020\"><em><span style=\"text-decoration: underline;\"><strong>Thi\u1ebft k\u1ebf inox c\u00f4ng nghi\u1ec7p, ph\u00f9 h\u1ee3p m\u00f4i tr\u01b0\u1eddng b\u1ebfp<\/strong><\/span><\/em><\/p>\n<p data-start=\"2021\" data-end=\"2201\">Th\u00e2n v\u1ecf \u0111\u01b0\u1ee3c ch\u1ebf t\u1ea1o t\u1eeb inox, c\u00f3 kh\u1ea3 n\u0103ng ch\u1ecbu l\u1ef1c, ch\u1ed1ng \u0103n m\u00f2n v\u00e0 d\u1ec5 v\u1ec7 sinh. \u0110\u00e2y l\u00e0 v\u1eadt li\u1ec7u ph\u00f9 h\u1ee3p v\u1edbi m\u00f4i tr\u01b0\u1eddng b\u1ebfp c\u00f4ng nghi\u1ec7p c\u00f3 \u0111\u1ed9 \u1ea9m cao v\u00e0 y\u00eau c\u1ea7u v\u1ec7 sinh th\u01b0\u1eddng xuy\u00ean.<\/p>\n<h2 data-section-id=\"1e3okdk\" data-start=\"2208\" data-end=\"2263\">\u1ee8ng d\u1ee5ng c\u1ee7a B\u00e0n \u0111\u00f4ng 3 c\u1eeda tr\u01b0\u1edbc 1m8 FinoCool FN-UF1800 theo m\u00f4 h\u00ecnh b\u1ebfp<\/h2>\n<p data-section-id=\"1u397f5\" data-start=\"2265\" data-end=\"2290\"><em><span style=\"text-decoration: underline;\"><strong>Nh\u00e0 h\u00e0ng v\u00e0 qu\u00e1n \u0103n<\/strong><\/span><\/em><\/p>\n<p data-start=\"2291\" data-end=\"2485\">B\u00e0n \u0111\u00f4ng 1m8 Finocool \u0111\u01b0\u1ee3c s\u1eed d\u1ee5ng \u0111\u1ec3 l\u01b0u tr\u1eef th\u1ef1c ph\u1ea9m \u0111\u00f4ng l\u1ea1nh ngay t\u1ea1i khu ch\u1ebf bi\u1ebfn. Vi\u1ec7c b\u1ed1 tr\u00ed thi\u1ebft b\u1ecb g\u1ea7n khu v\u1ef1c thao t\u00e1c gi\u00fap r\u00fat ng\u1eafn th\u1eddi gian chu\u1ea9n b\u1ecb nguy\u00ean li\u1ec7u v\u00e0 n\u00e2ng cao hi\u1ec7u su\u1ea5t l\u00e0m vi\u1ec7c.<\/p>\n<p data-section-id=\"gb54q6\" data-start=\"2487\" data-end=\"2516\"><em><span style=\"text-decoration: underline;\"><strong>Kh\u00e1ch s\u1ea1n v\u00e0 b\u1ebfp buffet<\/strong><\/span><\/em><\/p>\n<p data-start=\"2517\" data-end=\"2709\">Thi\u1ebft b\u1ecb b\u00e0n \u0111\u00f4ng 1m8 gi\u00fap b\u1ea3o qu\u1ea3n th\u1ef1c ph\u1ea9m \u0111\u00f4ng l\u1ea1nh s\u1eed d\u1ee5ng trong ng\u00e0y ho\u1eb7c trong c\u00e1c khung gi\u1edd ph\u1ee5c v\u1ee5 cao \u0111i\u1ec3m. \u0110i\u1ec1u n\u00e0y gi\u00fap duy tr\u00ec s\u1ef1 \u1ed5n \u0111\u1ecbnh trong quy tr\u00ecnh ph\u1ee5c v\u1ee5 v\u00e0 h\u1ea1n ch\u1ebf gi\u00e1n \u0111o\u1ea1n v\u1eadn h\u00e0nh.<\/p>\n<p data-section-id=\"1wxomgt\" data-start=\"2711\" data-end=\"2754\"><em><span style=\"text-decoration: underline;\"><strong>B\u1ebfp \u0103n c\u00f4ng nghi\u1ec7p v\u00e0 su\u1ea5t \u0103n t\u1eadp th\u1ec3<\/strong><\/span><\/em><\/p>\n<p data-start=\"2755\" data-end=\"2949\">B\u00e0n \u0111\u00f4ng \u0111\u00f3ng vai tr\u00f2 l\u00e0 khu v\u1ef1c l\u01b0u tr\u1eef nguy\u00ean li\u1ec7u \u0111\u00f4ng l\u1ea1nh trung gian trong d\u00e2y chuy\u1ec1n ch\u1ebf bi\u1ebfn. Dung t\u00edch l\u1edbn gi\u00fap \u0111\u00e1p \u1ee9ng nhu c\u1ea7u s\u1eed d\u1ee5ng nguy\u00ean li\u1ec7u v\u1edbi s\u1ed1 l\u01b0\u1ee3ng l\u1edbn trong th\u1eddi gian ng\u1eafn.<\/p>\n<p data-section-id=\"1dcrc6s\" data-start=\"2951\" data-end=\"2981\"><em><span style=\"text-decoration: underline;\"><strong>C\u01a1 s\u1edf ch\u1ebf bi\u1ebfn th\u1ef1c ph\u1ea9m<\/strong><\/span><\/em><\/p>\n<p data-start=\"2982\" data-end=\"3160\">Thi\u1ebft b\u1ecb ph\u00f9 h\u1ee3p cho c\u00e1c \u0111\u01a1n v\u1ecb s\u1ea3n xu\u1ea5t th\u1ef1c ph\u1ea9m c\u1ea7n l\u01b0u tr\u1eef nguy\u00ean li\u1ec7u \u0111\u00f4ng ngay t\u1ea1i khu v\u1ef1c thao t\u00e1c. \u0110i\u1ec1u n\u00e0y gi\u00fap ki\u1ec3m so\u00e1t quy tr\u00ecnh s\u1ea3n xu\u1ea5t v\u00e0 \u0111\u1ea3m b\u1ea3o ti\u1ebfn \u0111\u1ed9 ch\u1ebf bi\u1ebfn.<\/p>\n<h2 data-section-id=\"1is11qq\" data-start=\"3167\" data-end=\"3235\">T\u1ea1i sao n\u00ean ch\u1ecdn P.A.P khi mua thi\u1ebft b\u1ecb l\u1ea1nh v\u00e0 b\u1ebfp c\u00f4ng nghi\u1ec7p \u0110\u00e0 N\u1eb5ng &#8211; B\u00e0n \u0111\u00f4ng 3 c\u1eeda tr\u01b0\u1edbc 1m8 FinoCool FN-UF1800<\/h2>\n<p data-section-id=\"1ygho0f\" data-start=\"3237\" data-end=\"3301\"><em><span style=\"text-decoration: underline;\"><strong>Kinh nghi\u1ec7m tri\u1ec3n khai th\u1ef1c t\u1ebf trong ng\u00e0nh b\u1ebfp c\u00f4ng nghi\u1ec7p<\/strong><\/span><\/em><\/p>\n<p data-start=\"3302\" data-end=\"3551\">P.A.P l\u00e0 \u0111\u01a1n v\u1ecb chuy\u00ean cung c\u1ea5p v\u00e0 l\u1eafp \u0111\u1eb7t thi\u1ebft b\u1ecb b\u1ebfp c\u00f4ng nghi\u1ec7p cho nhi\u1ec1u m\u00f4 h\u00ecnh v\u1eadn h\u00e0nh nh\u01b0 nh\u00e0 h\u00e0ng, kh\u00e1ch s\u1ea1n, b\u1ebfp \u0103n c\u00f4ng nghi\u1ec7p v\u00e0 c\u01a1 s\u1edf ch\u1ebf bi\u1ebfn th\u1ef1c ph\u1ea9m. Kinh nghi\u1ec7m th\u1ef1c t\u1ebf gi\u00fap l\u1ef1a ch\u1ecdn thi\u1ebft b\u1ecb ph\u00f9 h\u1ee3p v\u1edbi quy m\u00f4 v\u00e0 \u0111\u1eb7c th\u00f9 s\u1eed d\u1ee5ng.<\/p>\n<p data-start=\"3446\" data-end=\"3748\"><a href=\"https:\/\/pap.com.vn\/du-an\/\" target=\"_blank\" rel=\"noopener\">=&gt;&gt;&gt;&gt; T\u00ecm hi\u1ec3u th\u00eam c\u00e1c d\u1ef1 \u00e1n t\u1ea1i P.A.P<\/a><\/p>\n<p data-section-id=\"x7ootl\" data-start=\"3553\" data-end=\"3619\"><em><span style=\"text-decoration: underline;\"><strong>Cung c\u1ea5p gi\u1ea3i ph\u00e1p thi\u1ebft b\u1ecb \u0111\u1ed3ng b\u1ed9 cho to\u00e0n b\u1ed9 h\u1ec7 th\u1ed1ng b\u1ebfp<\/strong><\/span><\/em><\/p>\n<p data-start=\"3620\" data-end=\"3868\">Ngo\u00e0i thi\u1ebft b\u1ecb l\u1ea1nh, P.A.P cung c\u1ea5p \u0111\u1ea7y \u0111\u1ee7 c\u00e1c nh\u00f3m thi\u1ebft b\u1ecb b\u1ebfp c\u00f4ng nghi\u1ec7p nh\u01b0 thi\u1ebft b\u1ecb n\u1ea5u, thi\u1ebft b\u1ecb inox, h\u1ec7 th\u1ed1ng h\u00fat kh\u00f3i v\u00e0 b\u1ed1 tr\u00ed m\u1eb7t b\u1eb1ng b\u1ebfp. Vi\u1ec7c cung c\u1ea5p \u0111\u1ed3ng b\u1ed9 gi\u00fap \u0111\u1ea3m b\u1ea3o s\u1ef1 t\u01b0\u01a1ng th\u00edch gi\u1eefa c\u00e1c thi\u1ebft b\u1ecb v\u00e0 t\u1ed1i \u01b0u hi\u1ec7u qu\u1ea3 v\u1eadn h\u00e0nh.<\/p>\n<p data-section-id=\"10mp1ya\" data-start=\"3870\" data-end=\"3925\"><em><span style=\"text-decoration: underline;\"><strong>T\u01b0 v\u1ea5n thi\u1ebft b\u1ecb d\u1ef1a tr\u00ean nhu c\u1ea7u v\u1eadn h\u00e0nh th\u1ef1c t\u1ebf<\/strong><\/span><\/em><\/p>\n<p data-start=\"3926\" data-end=\"4160\">P.A.P th\u1ef1c hi\u1ec7n kh\u1ea3o s\u00e1t nhu c\u1ea7u s\u1eed d\u1ee5ng tr\u01b0\u1edbc khi \u0111\u1ec1 xu\u1ea5t thi\u1ebft b\u1ecb, d\u1ef1a tr\u00ean c\u00e1c y\u1ebfu t\u1ed1 nh\u01b0 quy m\u00f4 b\u1ebfp, s\u1ea3n l\u01b0\u1ee3ng ph\u1ee5c v\u1ee5 v\u00e0 t\u1ea7n su\u1ea5t v\u1eadn h\u00e0nh. \u0110i\u1ec1u n\u00e0y gi\u00fap doanh nghi\u1ec7p \u0111\u1ea7u t\u01b0 \u0111\u00fang thi\u1ebft b\u1ecb ngay t\u1eeb \u0111\u1ea7u v\u00e0 h\u1ea1n ch\u1ebf ph\u00e1t sinh chi ph\u00ed.<\/p>\n<p data-section-id=\"ya1jfb\" data-start=\"4162\" data-end=\"4219\"><em><span style=\"text-decoration: underline;\"><strong>H\u1ed7 tr\u1ee3 k\u1ef9 thu\u1eadt v\u00e0 b\u1ea3o h\u00e0nh trong qu\u00e1 tr\u00ecnh s\u1eed d\u1ee5ng<\/strong><\/span><\/em><\/p>\n<p data-start=\"4220\" data-end=\"4358\">\u0110\u1ed9i ng\u0169 k\u1ef9 thu\u1eadt h\u1ed7 tr\u1ee3 l\u1eafp \u0111\u1eb7t, h\u01b0\u1edbng d\u1eabn v\u1eadn h\u00e0nh v\u00e0 b\u1ea3o tr\u00ec thi\u1ebft b\u1ecb, gi\u00fap h\u1ec7 th\u1ed1ng b\u1ebfp ho\u1ea1t \u0111\u1ed9ng \u1ed5n \u0111\u1ecbnh v\u00e0 \u0111\u1ea3m b\u1ea3o hi\u1ec7u su\u1ea5t l\u00e2u d\u00e0i. <a href=\"https:\/\/pap.com.vn\/chinh-sach-bao-hanh-hau-mai\/\" target=\"_blank\" rel=\"noopener\">Tham kh\u1ea3o chi ti\u1ebft ch\u00ednh s\u00e1ch b\u1ea3o h\u00e0nh b\u1ea3o tr\u00ec thi\u1ebft b\u1ecb t\u1ea1i \u0111\u00e2y<\/a><\/p>\n<h2 data-section-id=\"12ful85\" data-start=\"4365\" data-end=\"4401\">Li\u00ean h\u1ec7 \u0111\u1ec3 \u0111\u01b0\u1ee3c t\u01b0 v\u1ea5n chi ti\u1ebft v\u1ec1 thi\u1ebft b\u1ecb l\u1ea1nh c\u00f4ng nghi\u1ec7p v\u00e0 thi\u1ebft b\u1ecb b\u1ebfp c\u00f4ng nghi\u1ec7p<\/h2>\n<p data-start=\"4403\" data-end=\"4655\">N\u1ebfu doanh nghi\u1ec7p \u0111ang t\u00ecm ki\u1ebfm gi\u1ea3i ph\u00e1p l\u01b0u tr\u1eef th\u1ef1c ph\u1ea9m \u0111\u00f4ng l\u1ea1nh k\u1ebft h\u1ee3p b\u00e0n thao t\u00e1c trong khu b\u1ebfp, b\u00e0n \u0111\u00f4ng c\u00f4ng nghi\u1ec7p 3 c\u00e1nh FinoCool FN-UF1800 l\u00e0 l\u1ef1a ch\u1ecdn ph\u00f9 h\u1ee3p cho c\u00e1c m\u00f4 h\u00ecnh b\u1ebfp y\u00eau c\u1ea7u t\u00ednh linh ho\u1ea1t, \u0111\u1ed9 \u1ed5n \u0111\u1ecbnh v\u00e0 hi\u1ec7u qu\u1ea3 v\u1eadn h\u00e0nh.<\/p>\n<p data-start=\"4910\" data-end=\"5045\" data-is-last-node=\"\" data-is-only-node=\"\">Li\u00ean h\u1ec7 v\u1edbi P.A.P \u0111\u1ec3 \u0111\u01b0\u1ee3c t\u01b0 v\u1ea5n c\u1ea5u h\u00ecnh thi\u1ebft b\u1ecb ph\u00f9 h\u1ee3p v\u1edbi m\u00f4 h\u00ecnh b\u1ebfp, t\u1ed1i \u01b0u chi ph\u00ed \u0111\u1ea7u t\u01b0 v\u00e0 \u0111\u1ea3m b\u1ea3o hi\u1ec7u qu\u1ea3 v\u1eadn h\u00e0nh l\u00e2u d\u00e0i.<\/p>\n<p>Facebook:\u00a0<a href=\"https:\/\/www.facebook.com\/PAPCommercialKitchenSupplier\" target=\"_blank\" rel=\"noopener\">Commercial Kitchen Equipment and stainless steel by PAP<\/a><\/p>\n<p>Pinterest:\u00a0<a href=\"https:\/\/www.pinterest.com\/PAPKITCHEN2025\/\" target=\"_blank\" rel=\"noopener\">C\u00f4ng Ty TNHH Th\u01b0\u01a1ng M\u1ea1i V\u00e0 D\u1ecbch V\u1ee5 P.A.P<\/a><\/p>\n","protected":false},"excerpt":{"rendered":"<p>B\u00e0n \u0111\u00f4ng 3 c\u1eeda tr\u01b0\u1edbc 1m8 FinoCool FN-UF1800:<\/p>\n<ul>\n<li>K\u00edch th\u01b0\u1edbc (mm) 1800 x 700 x 850<\/li>\n<li>Dung t\u00edch (L) 440<\/li>\n<li>Nhi\u1ec7t \u0111\u1ed9 (\u00b0C) -20 ~ -15<\/li>\n<li>M\u00e1y n\u00e9n Embraco<\/li>\n<li>B\u1ed9 \u0111i\u1ec1u khi\u1ec3n Dixell<\/li>\n<\/ul>\n","protected":false},"featured_media":1225,"comment_status":"open","ping_status":"closed","template":"","meta":[],"product_brand":[24],"product_cat":[17,75],"product_tag":[],"class_list":{"0":"post-1230","1":"product","2":"type-product","3":"status-publish","4":"has-post-thumbnail","6":"product_brand-finocool","7":"product_cat-thiet-bi-bep","8":"product_cat-thiet-bi-lanh","10":"first","11":"instock","12":"taxable","13":"shipping-taxable","14":"purchasable","15":"product-type-simple"},"_links":{"self":[{"href":"https:\/\/products.pap.com.vn\/index.php?rest_route=\/wp\/v2\/product\/1230","targetHints":{"allow":["GET"]}}],"collection":[{"href":"https:\/\/products.pap.com.vn\/index.php?rest_route=\/wp\/v2\/product"}],"about":[{"href":"https:\/\/products.pap.com.vn\/index.php?rest_route=\/wp\/v2\/types\/product"}],"replies":[{"embeddable":true,"href":"https:\/\/products.pap.com.vn\/index.php?rest_route=%2Fwp%2Fv2%2Fcomments&post=1230"}],"version-history":[{"count":1,"href":"https:\/\/products.pap.com.vn\/index.php?rest_route=\/wp\/v2\/product\/1230\/revisions"}],"predecessor-version":[{"id":1231,"href":"https:\/\/products.pap.com.vn\/index.php?rest_route=\/wp\/v2\/product\/1230\/revisions\/1231"}],"wp:featuredmedia":[{"embeddable":true,"href":"https:\/\/products.pap.com.vn\/index.php?rest_route=\/wp\/v2\/media\/1225"}],"wp:attachment":[{"href":"https:\/\/products.pap.com.vn\/index.php?rest_route=%2Fwp%2Fv2%2Fmedia&parent=1230"}],"wp:term":[{"taxonomy":"product_brand","embeddable":true,"href":"https:\/\/products.pap.com.vn\/index.php?rest_route=%2Fwp%2Fv2%2Fproduct_brand&post=1230"},{"taxonomy":"product_cat","embeddable":true,"href":"https:\/\/products.pap.com.vn\/index.php?rest_route=%2Fwp%2Fv2%2Fproduct_cat&post=1230"},{"taxonomy":"product_tag","embeddable":true,"href":"https:\/\/products.pap.com.vn\/index.php?rest_route=%2Fwp%2Fv2%2Fproduct_tag&post=1230"}],"curies":[{"name":"wp","href":"https:\/\/api.w.org\/{rel}","templated":true}]}}