{"id":1233,"date":"2026-04-24T08:30:35","date_gmt":"2026-04-24T08:30:35","guid":{"rendered":"https:\/\/products.pap.com.vn\/?post_type=product&#038;p=1233"},"modified":"2026-04-24T08:46:20","modified_gmt":"2026-04-24T08:46:20","slug":"lo-nuong-pizza-1-tang-kingbetter","status":"publish","type":"product","link":"https:\/\/products.pap.com.vn\/?product=lo-nuong-pizza-1-tang-kingbetter","title":{"rendered":"L\u00f2 n\u01b0\u1edbng Pizza \u0111i\u1ec7n 1 t\u1ea7ng KingBetter E-PS-1C-2"},"content":{"rendered":"<p>L\u00f2 n\u01b0\u1edbng Pizza \u0111i\u1ec7n 1 t\u1ea7ng KingBetter E-PS-1C-2\u00a0l\u00e0 thi\u1ebft b\u1ecb n\u01b0\u1edbng chuy\u00ean d\u1ee5ng cho c\u00e1c m\u00f4 h\u00ecnh kinh doanh pizza, b\u00e1nh n\u01b0\u1edbng v\u00e0 c\u00e1c m\u00f3n \u00c2u trong m\u00f4i tr\u01b0\u1eddng b\u1ebfp c\u00f4ng nghi\u1ec7p. V\u1edbi thi\u1ebft k\u1ebf 2 t\u1ea7ng trong c\u00f9ng 1 m\u00e1y, d\u1ea3i nhi\u1ec7t \u0111\u1ed9 r\u1ed9ng t\u1eeb 50 \u0111\u1ebfn 500\u00b0C v\u00e0 c\u00f4ng su\u1ea5t gia nhi\u1ec7t m\u1ea1nh, thi\u1ebft b\u1ecb cho ph\u00e9p n\u01b0\u1edbng nhi\u1ec1u s\u1ea3n ph\u1ea9m c\u00f9ng l\u00fac, \u0111\u1ea3m b\u1ea3o nhi\u1ec7t \u0111\u1ed9 \u1ed5n \u0111\u1ecbnh v\u00e0 ch\u1ea5t l\u01b0\u1ee3ng th\u00e0nh ph\u1ea9m \u0111\u1ed3ng \u0111\u1ec1u trong su\u1ed1t qu\u00e1 tr\u00ecnh v\u1eadn h\u00e0nh.<\/p>\n<h1>Th\u00f4ng s\u1ed1 k\u1ef9 thu\u1eadt L\u00f2 n\u01b0\u1edbng Pizza 1 t\u1ea7ng KingBetter E-PS-1C-2<\/h1>\n<table>\n<thead>\n<tr>\n<th><strong>Th\u00f4ng s\u1ed1<\/strong><\/th>\n<th><strong>Gi\u00e1 tr\u1ecb<\/strong><\/th>\n<\/tr>\n<\/thead>\n<tbody>\n<tr>\n<td><strong>Model<\/strong><\/td>\n<td>E-PS-1C-2<\/td>\n<\/tr>\n<tr>\n<td><strong>K\u00edch th\u01b0\u1edbc (mm)<\/strong><\/td>\n<td>890 x 1080 x 430<\/td>\n<\/tr>\n<tr>\n<td><strong>C\u00f4ng su\u1ea5t (kW)<\/strong><\/td>\n<td>3.6 kW x 2<\/td>\n<\/tr>\n<tr>\n<td><strong>S\u1ed1 t\u1ea7ng<\/strong><\/td>\n<td>2 t\u1ea7ng<\/td>\n<\/tr>\n<tr>\n<td><strong>\u0110i\u1ec7n \u00e1p (V\/Hz)<\/strong><\/td>\n<td>380 \u2013 415 \/ 50<\/td>\n<\/tr>\n<tr>\n<td><strong>K\u00edch th\u01b0\u1edbc khoang trong (mm)<\/strong><\/td>\n<td>615 x 915 x 140<\/td>\n<\/tr>\n<tr>\n<td><strong>D\u1ea3i nhi\u1ec7t \u0111\u1ed9 (\u00b0C)<\/strong><\/td>\n<td>50 \u2013 500<\/td>\n<\/tr>\n<\/tbody>\n<\/table>\n<p><a href=\"https:\/\/products.pap.com.vn\/?product_brand=kingbetter\">Tham kh\u1ea3o c\u00e1c s\u1ea3n ph\u1ea9m d\u00f2ng Kingbetter<\/a><\/p>\n<h2 id=\"hi\u1ec7u-su\u1ea5t-nhi\u1ec7t-v\u00e0-ti\u00eau-th\u1ee5-n\u0103ng-l\u01b0\u1ee3ng\">Hi\u1ec7u su\u1ea5t nhi\u1ec7t v\u00e0 ti\u00eau th\u1ee5 n\u0103ng l\u01b0\u1ee3ng L\u00f2 n\u01b0\u1edbng Pizza 1 t\u1ea7ng KingBetter E-PS-1C-2<\/h2>\n<p>L\u00f2 KingBetter E-PS-2C-2 s\u1eed d\u1ee5ng thanh nhi\u1ec7t tr\u00ean-d\u01b0\u1edbi v\u00e0 c\u00f3 h\u1ec7 th\u1ed1ng c\u00e1ch nhi\u1ec7t t\u1ed1t. Thi\u1ebft k\u1ebf n\u00e0y t\u01b0\u01a1ng t\u1ef1 c\u00e1c l\u00f2 \u0111i\u1ec7n cao c\u1ea5p, \u0111\u1ea3m b\u1ea3o ph\u00e2n b\u1ed1 nhi\u1ec7t \u0111\u1ed3ng \u0111\u1ec1u trong khoang n\u01b0\u1edbng. V\u1edbi d\u1ea3i nhi\u1ec7t r\u1ed9ng \u0111\u1ebfn 500\u00b0C, l\u00f2 \u0111\u00e1p \u1ee9ng c\u1ea3 m\u00f3n pizza Neapolitan (y\u00eau c\u1ea7u 430\u2013480\u00b0C) v\u00e0 c\u00e1c lo\u1ea1i b\u00e1nh kh\u00e1c. Nhi\u1ec7t \u0111\u1ed9 cao gi\u00fap r\u00fat ng\u1eafn th\u1eddi gian n\u01b0\u1edbng (nhi\u1ec7t \u0111\u1ed9 c\u00e0ng cao c\u00e0ng gi\u1ea3m th\u1eddi gian n\u01b0\u1edbng), \u0111\u1ed3ng th\u1eddi h\u1ea1n ch\u1ebf m\u1ea5t nhi\u1ec7t ra m\u00f4i tr\u01b0\u1eddng nh\u1edd l\u1edbp foam c\u00e1ch nhi\u1ec7t c\u1ee7a l\u00f2.<\/p>\n<p><a href=\"https:\/\/products.pap.com.vn\/wp-content\/uploads\/2026\/04\/Lo-Pizza-Kingbetter.jpg\"><img fetchpriority=\"high\" decoding=\"async\" class=\"aligncenter size-full wp-image-1234\" src=\"https:\/\/products.pap.com.vn\/wp-content\/uploads\/2026\/04\/Lo-Pizza-Kingbetter.jpg\" alt=\"L\u00f2 n\u01b0\u1edbng Pizza 1 t\u1ea7ng KingBetter E-PS-1C-2\" width=\"1000\" height=\"1000\" srcset=\"https:\/\/products.pap.com.vn\/wp-content\/uploads\/2026\/04\/Lo-Pizza-Kingbetter.jpg 1000w, https:\/\/products.pap.com.vn\/wp-content\/uploads\/2026\/04\/Lo-Pizza-Kingbetter-300x300.jpg 300w, https:\/\/products.pap.com.vn\/wp-content\/uploads\/2026\/04\/Lo-Pizza-Kingbetter-150x150.jpg 150w, https:\/\/products.pap.com.vn\/wp-content\/uploads\/2026\/04\/Lo-Pizza-Kingbetter-768x768.jpg 768w, https:\/\/products.pap.com.vn\/wp-content\/uploads\/2026\/04\/Lo-Pizza-Kingbetter-600x600.jpg 600w, https:\/\/products.pap.com.vn\/wp-content\/uploads\/2026\/04\/Lo-Pizza-Kingbetter-100x100.jpg 100w, https:\/\/products.pap.com.vn\/wp-content\/uploads\/2026\/04\/Lo-Pizza-Kingbetter-64x64.jpg 64w\" sizes=\"(max-width: 1000px) 100vw, 1000px\" \/><\/a><\/p>\n<p>V\u1ec1 ti\u00eau th\u1ee5 \u0111i\u1ec7n, l\u00f2 KingBetter 14 kW (t\u1ed5ng) cao h\u01a1n m\u1ed9t s\u1ed1 l\u00f2 c\u00f4ng su\u1ea5t nh\u1ecf (4\u20136 kW cho ~4 b\u00e1nh) nh\u01b0ng b\u00f9 l\u1ea1i cho kh\u1ea3 n\u0103ng n\u01b0\u1edbng nhi\u1ec1u b\u00e1nh c\u00f9ng l\u00fac. Th\u1ef1c t\u1ebf, khi n\u01b0\u1edbng li\u00ean t\u1ee5c \u1edf nhi\u1ec7t \u0111\u1ed9 cao, th\u1eddi gian ho\u1ea1t \u0111\u1ed9ng li\u00ean t\u1ee5c c\u00f3 th\u1ec3 \u0111\u01b0\u1ee3c gi\u1ea3m nh\u1edd n\u01b0\u1edbng nhi\u1ec1u b\u00e1nh trong m\u1ed9t m\u1ebb, t\u1eeb \u0111\u00f3 gi\u1ea3m t\u1ed5ng n\u0103ng l\u01b0\u1ee3ng ti\u00eau th\u1ee5 cho m\u1ed7i chi\u1ebfc b\u00e1nh.<\/p>\n<p>Theo Italforni, l\u00f2 pizza \u0111i\u1ec7n c\u00f4ng su\u1ea5t trung b\u00ecnh ~5 kW cho 4 b\u00e1nh, c\u00f3 th\u1ec3 n\u01b0\u1edbng nhanh \u1edf ~300\u2013500\u00b0C, v\u00e0 ti\u00eau th\u1ee5 n\u0103ng l\u01b0\u1ee3ng hi\u1ec7u qu\u1ea3 h\u01a1n do r\u00fat ng\u1eafn th\u1eddi gian n\u1ea5u. V\u00ed d\u1ee5, n\u1ebfu l\u00f2 n\u1ea5u \u0111\u01b0\u1ee3c 8 b\u00e1nh c\u00f9ng l\u00fac trong 5 ph\u00fat (t\u01b0\u01a1ng \u0111\u01b0\u01a1ng 96 b\u00e1nh\/gi\u1edd), n\u0103ng l\u01b0\u1ee3ng m\u1ed7i b\u00e1nh ~0.075 kWh (v\u1edbi 14 kW trong 1 m\u1ebb). Vi\u1ec7c duy tr\u00ec nhi\u1ec7t \u0111\u1ed9 \u1ed5n \u0111\u1ecbnh c\u0169ng gi\u00fap t\u1ed1i \u01b0u h\u00f3a l\u01b0\u1ee3ng \u0111i\u1ec7n ti\u00eau th\u1ee5.<\/p>\n<h2>\u01afu \u0111i\u1ec3m c\u1ee7a L\u00f2 n\u01b0\u1edbng Pizza \u0111i\u1ec7n 1 t\u1ea7ng KingBetter E-PS-1C-2<\/h2>\n<p data-section-id=\"am0c8o\" data-start=\"872\" data-end=\"935\"><strong>N\u0103ng su\u1ea5t n\u01b0\u1edbng cao, ph\u00f9 h\u1ee3p m\u00f4i tr\u01b0\u1eddng v\u1eadn h\u00e0nh li\u00ean t\u1ee5c<\/strong><\/p>\n<p data-start=\"936\" data-end=\"1157\">Thi\u1ebft k\u1ebf 2 t\u1ea7ng trong c\u00f9ng 1 thi\u1ebft b\u1ecb gi\u00fap t\u0103ng s\u1ea3n l\u01b0\u1ee3ng th\u00e0nh ph\u1ea9m trong c\u00f9ng m\u1ed9t th\u1eddi gian, \u0111\u00e1p \u1ee9ng nhu c\u1ea7u ph\u1ee5c v\u1ee5 nhanh trong gi\u1edd cao \u0111i\u1ec3m. Vi\u1ec7c ph\u00e2n chia t\u1ea7ng n\u01b0\u1edbng cho ph\u00e9p v\u1eadn h\u00e0nh linh ho\u1ea1t nhi\u1ec1u lo\u1ea1i s\u1ea3n ph\u1ea9m kh\u00e1c nhau.<\/p>\n<p data-section-id=\"is85oo\" data-start=\"1159\" data-end=\"1219\"><strong>D\u1ea3i nhi\u1ec7t \u0111\u1ed9 r\u1ed9ng, ki\u1ec3m so\u00e1t qu\u00e1 tr\u00ecnh n\u01b0\u1edbng ch\u00ednh x\u00e1c<\/strong><\/p>\n<p data-start=\"1220\" data-end=\"1457\">D\u1ea3i nhi\u1ec7t \u0111\u1ed9 t\u1eeb 50 \u0111\u1ebfn 500\u00b0C \u0111\u00e1p \u1ee9ng \u0111a d\u1ea1ng nhu c\u1ea7u ch\u1ebf bi\u1ebfn, t\u1eeb n\u01b0\u1edbng pizza, b\u00e1nh m\u00ec \u0111\u1ebfn c\u00e1c m\u00f3n n\u01b0\u1edbng \u0111\u1eb7c th\u00f9 trong b\u1ebfp \u00c2u. Kh\u1ea3 n\u0103ng duy tr\u00ec nhi\u1ec7t \u0111\u1ed9 \u1ed5n \u0111\u1ecbnh gi\u00fap \u0111\u1ea3m b\u1ea3o ch\u1ea5t l\u01b0\u1ee3ng s\u1ea3n ph\u1ea9m v\u00e0 gi\u1ea3m t\u1ef7 l\u1ec7 l\u1ed7i trong qu\u00e1 tr\u00ecnh ch\u1ebf bi\u1ebfn.<\/p>\n<p data-section-id=\"tonoaq\" data-start=\"1459\" data-end=\"1519\"><strong>Khoang n\u01b0\u1edbng k\u00edch th\u01b0\u1edbc l\u1edbn, t\u1ed1i \u01b0u kh\u00f4ng gian s\u1eed d\u1ee5ng<\/strong><\/p>\n<p data-start=\"1520\" data-end=\"1737\">K\u00edch th\u01b0\u1edbc khoang trong r\u1ed9ng cho ph\u00e9p n\u01b0\u1edbng nhi\u1ec1u b\u00e1nh c\u00f9ng l\u00fac, ph\u00f9 h\u1ee3p v\u1edbi m\u00f4 h\u00ecnh kinh doanh c\u00f3 s\u1ea3n l\u01b0\u1ee3ng cao. Kh\u00f4ng gian n\u01b0\u1edbng \u0111\u01b0\u1ee3c thi\u1ebft k\u1ebf \u0111\u1ed3ng \u0111\u1ec1u gi\u00fap ph\u00e2n b\u1ed1 nhi\u1ec7t hi\u1ec7u qu\u1ea3, h\u1ea1n ch\u1ebf t\u00ecnh tr\u1ea1ng ch\u00edn kh\u00f4ng \u0111\u1ec1u.<\/p>\n<p data-section-id=\"x12n2x\" data-start=\"1739\" data-end=\"1797\"><strong>C\u1ea5u tr\u00fac thi\u1ebft b\u1ecb ph\u00f9 h\u1ee3p m\u00f4i tr\u01b0\u1eddng b\u1ebfp c\u00f4ng nghi\u1ec7p<\/strong><\/p>\n<p data-start=\"1798\" data-end=\"2011\">Th\u00e2n l\u00f2 \u0111\u01b0\u1ee3c ch\u1ebf t\u1ea1o t\u1eeb v\u1eadt li\u1ec7u ch\u1ecbu nhi\u1ec7t v\u00e0 c\u00e1ch nhi\u1ec7t t\u1ed1t, gi\u00fap gi\u1ea3m th\u1ea5t tho\u00e1t nhi\u1ec7t ra m\u00f4i tr\u01b0\u1eddng xung quanh. \u0110i\u1ec1u n\u00e0y g\u00f3p ph\u1ea7n duy tr\u00ec hi\u1ec7u su\u1ea5t l\u00e0m vi\u1ec7c \u1ed5n \u0111\u1ecbnh v\u00e0 \u0111\u1ea3m b\u1ea3o an to\u00e0n trong qu\u00e1 tr\u00ecnh v\u1eadn h\u00e0nh.<\/p>\n<p data-section-id=\"xjcmnq\" data-start=\"2013\" data-end=\"2075\"><strong>Thi\u1ebft k\u1ebf \u0111i\u1ec7n 3 pha, \u0111\u00e1p \u1ee9ng y\u00eau c\u1ea7u v\u1eadn h\u00e0nh th\u01b0\u01a1ng m\u1ea1i<\/strong><\/p>\n<p data-start=\"2076\" data-end=\"2275\">Thi\u1ebft b\u1ecb s\u1eed d\u1ee5ng ngu\u1ed3n \u0111i\u1ec7n 380\u2013415V, ph\u00f9 h\u1ee3p v\u1edbi h\u1ec7 th\u1ed1ng \u0111i\u1ec7n trong b\u1ebfp c\u00f4ng nghi\u1ec7p. C\u1ea5u h\u00ecnh n\u00e0y gi\u00fap \u0111\u1ea3m b\u1ea3o kh\u1ea3 n\u0103ng gia nhi\u1ec7t nhanh v\u00e0 duy tr\u00ec nhi\u1ec7t \u0111\u1ed9 \u1ed5n \u0111\u1ecbnh trong qu\u00e1 tr\u00ecnh s\u1eed d\u1ee5ng li\u00ean t\u1ee5c.<\/p>\n<h2 data-section-id=\"12ful85\" data-start=\"4365\" data-end=\"4401\">Li\u00ean h\u1ec7 \u0111\u1ec3 \u0111\u01b0\u1ee3c t\u01b0 v\u1ea5n chi ti\u1ebft v\u1ec1 thi\u1ebft b\u1ecb l\u1ea1nh c\u00f4ng nghi\u1ec7p v\u00e0 thi\u1ebft b\u1ecb b\u1ebfp c\u00f4ng nghi\u1ec7p<\/h2>\n<p data-start=\"4403\" data-end=\"4655\">N\u1ebfu doanh nghi\u1ec7p \u0111ang t\u00ecm ki\u1ebfm gi\u1ea3i ph\u00e1p n\u01b0\u1edbng pizza nhanh ch\u00f3ng, l\u00f2 n\u01b0\u1edbng pizza 1 t\u1ea7ng l\u00e0 l\u1ef1a ch\u1ecdn ph\u00f9 h\u1ee3p cho c\u00e1c m\u00f4 h\u00ecnh b\u1ebfp y\u00eau c\u1ea7u t\u00ednh linh ho\u1ea1t, \u0111\u1ed9 \u1ed5n \u0111\u1ecbnh v\u00e0 hi\u1ec7u qu\u1ea3 v\u1eadn h\u00e0nh.<\/p>\n<p data-start=\"4910\" data-end=\"5045\" data-is-last-node=\"\" data-is-only-node=\"\">Li\u00ean h\u1ec7 v\u1edbi P.A.P \u0111\u1ec3 \u0111\u01b0\u1ee3c t\u01b0 v\u1ea5n c\u1ea5u h\u00ecnh thi\u1ebft b\u1ecb ph\u00f9 h\u1ee3p v\u1edbi m\u00f4 h\u00ecnh b\u1ebfp, t\u1ed1i \u01b0u chi ph\u00ed \u0111\u1ea7u t\u01b0 v\u00e0 \u0111\u1ea3m b\u1ea3o hi\u1ec7u qu\u1ea3 v\u1eadn h\u00e0nh l\u00e2u d\u00e0i.<\/p>\n<p>Facebook:\u00a0<a href=\"https:\/\/www.facebook.com\/PAPCommercialKitchenSupplier\" target=\"_blank\" rel=\"noopener\">Commercial Kitchen Equipment and stainless steel by PAP<\/a><\/p>\n<p>Pinterest:\u00a0<a href=\"https:\/\/www.pinterest.com\/PAPKITCHEN2025\/\" target=\"_blank\" rel=\"noopener\">C\u00f4ng Ty TNHH Th\u01b0\u01a1ng M\u1ea1i V\u00e0 D\u1ecbch V\u1ee5 P.A.P<\/a><\/p>\n<h3 data-start=\"2076\" data-end=\"2275\">C\u00e1c Ph\u1ee5 ki\u1ec7n mua k\u00e8m c\u00f9ng l\u00f2 n\u01b0\u1edbng Pizza \u0111i\u1ec7n 1 t\u1ea7ng KingBetter E-PS-1C-2<\/h3>\n<figure id=\"attachment_1238\" aria-describedby=\"caption-attachment-1238\" style=\"width: 1000px\" class=\"wp-caption aligncenter\"><a href=\"https:\/\/products.pap.com.vn\/wp-content\/uploads\/2026\/04\/Lo-Pizza-Kingbetter-5.jpg\"><img decoding=\"async\" class=\"size-full wp-image-1238\" src=\"https:\/\/products.pap.com.vn\/wp-content\/uploads\/2026\/04\/Lo-Pizza-Kingbetter-5.jpg\" alt=\"L\u00f2 n\u01b0\u1edbng Pizza 1 t\u1ea7ng KingBetter E-PS-1C-2\" width=\"1000\" height=\"1000\" srcset=\"https:\/\/products.pap.com.vn\/wp-content\/uploads\/2026\/04\/Lo-Pizza-Kingbetter-5.jpg 1000w, https:\/\/products.pap.com.vn\/wp-content\/uploads\/2026\/04\/Lo-Pizza-Kingbetter-5-300x300.jpg 300w, https:\/\/products.pap.com.vn\/wp-content\/uploads\/2026\/04\/Lo-Pizza-Kingbetter-5-150x150.jpg 150w, https:\/\/products.pap.com.vn\/wp-content\/uploads\/2026\/04\/Lo-Pizza-Kingbetter-5-768x768.jpg 768w, https:\/\/products.pap.com.vn\/wp-content\/uploads\/2026\/04\/Lo-Pizza-Kingbetter-5-600x600.jpg 600w, https:\/\/products.pap.com.vn\/wp-content\/uploads\/2026\/04\/Lo-Pizza-Kingbetter-5-100x100.jpg 100w, https:\/\/products.pap.com.vn\/wp-content\/uploads\/2026\/04\/Lo-Pizza-Kingbetter-5-64x64.jpg 64w\" sizes=\"(max-width: 1000px) 100vw, 1000px\" \/><\/a><figcaption id=\"caption-attachment-1238\" class=\"wp-caption-text\">L\u00f2 n\u01b0\u1edbng Pizza 1 t\u1ea7ng KingBetter E-PS-1C-2<\/figcaption><\/figure>\n<figure id=\"attachment_1237\" aria-describedby=\"caption-attachment-1237\" style=\"width: 1000px\" class=\"wp-caption aligncenter\"><a href=\"https:\/\/products.pap.com.vn\/wp-content\/uploads\/2026\/04\/Lo-Pizza-Kingbetter-4.jpg\"><img decoding=\"async\" class=\"size-full wp-image-1237\" src=\"https:\/\/products.pap.com.vn\/wp-content\/uploads\/2026\/04\/Lo-Pizza-Kingbetter-4.jpg\" alt=\"L\u00f2 n\u01b0\u1edbng Pizza 1 t\u1ea7ng KingBetter E-PS-1C-2\" width=\"1000\" height=\"1000\" srcset=\"https:\/\/products.pap.com.vn\/wp-content\/uploads\/2026\/04\/Lo-Pizza-Kingbetter-4.jpg 1000w, https:\/\/products.pap.com.vn\/wp-content\/uploads\/2026\/04\/Lo-Pizza-Kingbetter-4-300x300.jpg 300w, https:\/\/products.pap.com.vn\/wp-content\/uploads\/2026\/04\/Lo-Pizza-Kingbetter-4-150x150.jpg 150w, https:\/\/products.pap.com.vn\/wp-content\/uploads\/2026\/04\/Lo-Pizza-Kingbetter-4-768x768.jpg 768w, https:\/\/products.pap.com.vn\/wp-content\/uploads\/2026\/04\/Lo-Pizza-Kingbetter-4-600x600.jpg 600w, https:\/\/products.pap.com.vn\/wp-content\/uploads\/2026\/04\/Lo-Pizza-Kingbetter-4-100x100.jpg 100w, https:\/\/products.pap.com.vn\/wp-content\/uploads\/2026\/04\/Lo-Pizza-Kingbetter-4-64x64.jpg 64w\" sizes=\"(max-width: 1000px) 100vw, 1000px\" \/><\/a><figcaption id=\"caption-attachment-1237\" class=\"wp-caption-text\">L\u00f2 n\u01b0\u1edbng Pizza 1 t\u1ea7ng KingBetter E-PS-1C-2<\/figcaption><\/figure>\n<figure id=\"attachment_1236\" aria-describedby=\"caption-attachment-1236\" style=\"width: 1000px\" class=\"wp-caption aligncenter\"><a href=\"https:\/\/products.pap.com.vn\/wp-content\/uploads\/2026\/04\/Lo-Pizza-Kingbetter-3.jpg\"><img loading=\"lazy\" decoding=\"async\" class=\"size-full wp-image-1236\" src=\"https:\/\/products.pap.com.vn\/wp-content\/uploads\/2026\/04\/Lo-Pizza-Kingbetter-3.jpg\" alt=\"L\u00f2 n\u01b0\u1edbng Pizza 1 t\u1ea7ng KingBetter E-PS-1C-2\" width=\"1000\" height=\"1000\" srcset=\"https:\/\/products.pap.com.vn\/wp-content\/uploads\/2026\/04\/Lo-Pizza-Kingbetter-3.jpg 1000w, https:\/\/products.pap.com.vn\/wp-content\/uploads\/2026\/04\/Lo-Pizza-Kingbetter-3-300x300.jpg 300w, https:\/\/products.pap.com.vn\/wp-content\/uploads\/2026\/04\/Lo-Pizza-Kingbetter-3-150x150.jpg 150w, https:\/\/products.pap.com.vn\/wp-content\/uploads\/2026\/04\/Lo-Pizza-Kingbetter-3-768x768.jpg 768w, https:\/\/products.pap.com.vn\/wp-content\/uploads\/2026\/04\/Lo-Pizza-Kingbetter-3-600x600.jpg 600w, https:\/\/products.pap.com.vn\/wp-content\/uploads\/2026\/04\/Lo-Pizza-Kingbetter-3-100x100.jpg 100w, https:\/\/products.pap.com.vn\/wp-content\/uploads\/2026\/04\/Lo-Pizza-Kingbetter-3-64x64.jpg 64w\" sizes=\"(max-width: 1000px) 100vw, 1000px\" \/><\/a><figcaption id=\"caption-attachment-1236\" class=\"wp-caption-text\">L\u00f2 n\u01b0\u1edbng Pizza 1 t\u1ea7ng KingBetter E-PS-1C-2<\/figcaption><\/figure>\n<p>&nbsp;<\/p>\n<p>&nbsp;<\/p>\n","protected":false},"excerpt":{"rendered":"<p>L\u00f2 n\u01b0\u1edbng Pizza 1 t\u1ea7ng KingBetter E-PS-1C-2:<\/p>\n<ul>\n<li dir=\"auto\">K\u00edch th\u01b0\u1edbc: 890 x 1080 x 430 mm<\/li>\n<li dir=\"auto\">C\u00f4ng Su\u1ea5t: 3.6Kw*2<\/li>\n<li dir=\"auto\">S\u1ed1 t\u1ea7ng: 2<\/li>\n<li dir=\"auto\">\u0110i\u1ec7n \u00e1p: 380-415V 50Hz<\/li>\n<li dir=\"auto\">K\u00edch th\u01b0\u1edbc khoang trong: 615 x 915 x 140 mm<\/li>\n<li dir=\"auto\">Nhi\u1ec7t \u0111\u1ed9: 50- 500\u00b0C<\/li>\n<\/ul>\n","protected":false},"featured_media":1234,"comment_status":"open","ping_status":"closed","template":"","meta":[],"product_brand":[25],"product_cat":[17,49,48,53],"product_tag":[],"class_list":{"0":"post-1233","1":"product","2":"type-product","3":"status-publish","4":"has-post-thumbnail","6":"product_brand-kingbetter","7":"product_cat-thiet-bi-bep","8":"product_cat-bep-a","9":"product_cat-bep-au","10":"product_cat-bep-banh","12":"first","13":"instock","14":"taxable","15":"shipping-taxable","16":"purchasable","17":"product-type-simple"},"_links":{"self":[{"href":"https:\/\/products.pap.com.vn\/index.php?rest_route=\/wp\/v2\/product\/1233","targetHints":{"allow":["GET"]}}],"collection":[{"href":"https:\/\/products.pap.com.vn\/index.php?rest_route=\/wp\/v2\/product"}],"about":[{"href":"https:\/\/products.pap.com.vn\/index.php?rest_route=\/wp\/v2\/types\/product"}],"replies":[{"embeddable":true,"href":"https:\/\/products.pap.com.vn\/index.php?rest_route=%2Fwp%2Fv2%2Fcomments&post=1233"}],"version-history":[{"count":10,"href":"https:\/\/products.pap.com.vn\/index.php?rest_route=\/wp\/v2\/product\/1233\/revisions"}],"predecessor-version":[{"id":1249,"href":"https:\/\/products.pap.com.vn\/index.php?rest_route=\/wp\/v2\/product\/1233\/revisions\/1249"}],"wp:featuredmedia":[{"embeddable":true,"href":"https:\/\/products.pap.com.vn\/index.php?rest_route=\/wp\/v2\/media\/1234"}],"wp:attachment":[{"href":"https:\/\/products.pap.com.vn\/index.php?rest_route=%2Fwp%2Fv2%2Fmedia&parent=1233"}],"wp:term":[{"taxonomy":"product_brand","embeddable":true,"href":"https:\/\/products.pap.com.vn\/index.php?rest_route=%2Fwp%2Fv2%2Fproduct_brand&post=1233"},{"taxonomy":"product_cat","embeddable":true,"href":"https:\/\/products.pap.com.vn\/index.php?rest_route=%2Fwp%2Fv2%2Fproduct_cat&post=1233"},{"taxonomy":"product_tag","embeddable":true,"href":"https:\/\/products.pap.com.vn\/index.php?rest_route=%2Fwp%2Fv2%2Fproduct_tag&post=1233"}],"curies":[{"name":"wp","href":"https:\/\/api.w.org\/{rel}","templated":true}]}}