{"id":20,"date":"2026-03-22T05:53:03","date_gmt":"2026-03-22T05:53:03","guid":{"rendered":"https:\/\/products.pap.com.vn\/?post_type=product&#038;p=20"},"modified":"2026-04-13T03:01:52","modified_gmt":"2026-04-13T03:01:52","slug":"ban-chau-rua-inox","status":"publish","type":"product","link":"https:\/\/products.pap.com.vn\/?product=ban-chau-rua-inox","title":{"rendered":"B\u00e0n ch\u1eadu r\u1eeda inox"},"content":{"rendered":"<p>B\u00e0n ch\u1eadu r\u1eeda inox \u0111\u01b0\u1ee3c s\u1ea3n xu\u1ea5t P.A.P &#8211; table sink \u0111\u01b0\u1ee3c custom theo nhu c\u1ea7u ph\u00f9 h\u1ee3p c\u1ee7a kh\u00e1ch h\u00e0ng, tu\u1ef3 v\u00e0o quy m\u00f4 v\u00e0 m\u00f4 h\u00ecnh v\u1eadn h\u00e0nh b\u1ebfp ch\u00fang t\u00f4i s\u1ebd cung c\u1ea5p \u0111\u1ebfn b\u1ea1n nh\u1eefng gi\u1ea3i ph\u00e1p v\u1ec1 b\u00e0n ch\u1eadu r\u1eeda t\u1ed1i \u01b0u.<\/p>\n<ul>\n<li data-start=\"508\" data-end=\"603\">\n<p data-start=\"510\" data-end=\"603\">Inox 304 c\u00f3 kh\u1ea3 n\u0103ng ch\u1ed1ng \u0103n m\u00f2n, kh\u00f4ng b\u00e1m m\u00f9i, kh\u00f4ng ph\u1ea3n \u1ee9ng h\u00f3a h\u1ecdc v\u1edbi th\u1ef1c ph\u1ea9m.<\/p>\n<\/li>\n<li data-start=\"604\" data-end=\"703\">\n<p data-start=\"606\" data-end=\"703\">B\u1ec1 m\u1eb7t nh\u1eb5n, d\u1ec5 v\u1ec7 sinh, \u0111\u00e1p \u1ee9ng y\u00eau c\u1ea7u HACCP, ISO 22000, ti\u00eau chu\u1ea9n b\u1ebfp kh\u00e1ch s\u1ea1n \u2013 nh\u00e0 h\u00e0ng.<\/p>\n<\/li>\n<\/ul>\n<h1>Ba\u0300n cha\u0323\u0302u ru\u031b\u0309a inox &#8211; stainless steel table sink<\/h1>\n<ul>\n<li>M\u1eb7t b\u00e0n inox 304 d\u00e0y 0.1 -&gt; 0.15 mm<\/li>\n<li>Ch\u1eadu inox d\u00e0y 1.2 mm ch\u00e2n \u1ed1ng phi 38 ho\u1eb7c phi 40<\/li>\n<li>\u0110\u1ed9 d\u00e0i 1m2 -&gt; 1m5<\/li>\n<li>B\u1ed9 x\u1ea3 inox 304 ho\u1eb7c s\u1eed d\u1ee5ng b\u1eb1ng van g\u1ea1t b\u1eb1ng tay<\/li>\n<\/ul>\n<h2 data-section-id=\"z3by3d\" data-start=\"200\" data-end=\"282\">C\u00e1c lo\u1ea1i B\u00e0n ch\u1eadu r\u1eeda inox \u2013 Stainless Steel Table Sink \u0111\u01b0\u1ee3c s\u1ea3n xu\u1ea5t b\u1edfi P.A.P<\/h2>\n<p data-start=\"284\" data-end=\"750\">Trong h\u1ec7 th\u1ed1ng b\u1ebfp c\u00f4ng nghi\u1ec7p, <strong data-start=\"316\" data-end=\"366\">b\u00e0n ch\u1eadu r\u1eeda inox (stainless steel table sink)<\/strong> l\u00e0 thi\u1ebft b\u1ecb kh\u00f4ng th\u1ec3 thi\u1ebfu, \u0111\u00f3ng vai tr\u00f2 quan tr\u1ecdng trong vi\u1ec7c \u0111\u1ea3m b\u1ea3o v\u1ec7 sinh an to\u00e0n th\u1ef1c ph\u1ea9m, t\u1ed1i \u01b0u quy tr\u00ecnh s\u01a1 ch\u1ebf v\u00e0 v\u1eadn h\u00e0nh b\u1ebfp hi\u1ec7u qu\u1ea3. V\u1edbi kinh nghi\u1ec7m nhi\u1ec1u n\u0103m trong l\u0129nh v\u1ef1c thi\u1ebft k\u1ebf v\u00e0 s\u1ea3n xu\u1ea5t thi\u1ebft b\u1ecb b\u1ebfp c\u00f4ng nghi\u1ec7p, <strong data-start=\"604\" data-end=\"613\">P.A.P<\/strong> cung c\u1ea5p \u0111a d\u1ea1ng c\u00e1c d\u00f2ng b\u00e0n ch\u1eadu r\u1eeda inox, \u0111\u01b0\u1ee3c gia c\u00f4ng theo ti\u00eau chu\u1ea9n k\u1ef9 thu\u1eadt cao, \u0111\u00e1p \u1ee9ng linh ho\u1ea1t nhu c\u1ea7u c\u1ee7a t\u1eebng m\u00f4 h\u00ecnh b\u1ebfp.<\/p>\n<p><img fetchpriority=\"high\" decoding=\"async\" class=\"aligncenter wp-image-1080 size-large\" src=\"https:\/\/products.pap.com.vn\/wp-content\/uploads\/2026\/03\/ban-3-chau-rua-1024x1024.jpg\" alt=\"B\u00e0n ch\u1eadu r\u1eeda inox- b\u00e0n 3 ch\u1eadu r\u1eeda\" width=\"800\" height=\"800\" srcset=\"https:\/\/products.pap.com.vn\/wp-content\/uploads\/2026\/03\/ban-3-chau-rua-1024x1024.jpg 1024w, https:\/\/products.pap.com.vn\/wp-content\/uploads\/2026\/03\/ban-3-chau-rua-300x300.jpg 300w, https:\/\/products.pap.com.vn\/wp-content\/uploads\/2026\/03\/ban-3-chau-rua-150x150.jpg 150w, https:\/\/products.pap.com.vn\/wp-content\/uploads\/2026\/03\/ban-3-chau-rua-768x768.jpg 768w, https:\/\/products.pap.com.vn\/wp-content\/uploads\/2026\/03\/ban-3-chau-rua-600x600.jpg 600w, https:\/\/products.pap.com.vn\/wp-content\/uploads\/2026\/03\/ban-3-chau-rua-100x100.jpg 100w, https:\/\/products.pap.com.vn\/wp-content\/uploads\/2026\/03\/ban-3-chau-rua-64x64.jpg 64w, https:\/\/products.pap.com.vn\/wp-content\/uploads\/2026\/03\/ban-3-chau-rua.jpg 1125w\" sizes=\"(max-width: 800px) 100vw, 800px\" \/> <img decoding=\"async\" class=\"aligncenter wp-image-1082 size-large\" src=\"https:\/\/products.pap.com.vn\/wp-content\/uploads\/2026\/03\/ban-bat-ban-co-chau-rua-1024x1024.jpg\" alt=\"B\u00e0n ch\u1eadu r\u1eeda inox- b\u00e0n b\u00e1t b\u1ea9n cho ch\u1eadu r\u1eeda\" width=\"800\" height=\"800\" srcset=\"https:\/\/products.pap.com.vn\/wp-content\/uploads\/2026\/03\/ban-bat-ban-co-chau-rua-1024x1024.jpg 1024w, https:\/\/products.pap.com.vn\/wp-content\/uploads\/2026\/03\/ban-bat-ban-co-chau-rua-300x300.jpg 300w, https:\/\/products.pap.com.vn\/wp-content\/uploads\/2026\/03\/ban-bat-ban-co-chau-rua-150x150.jpg 150w, https:\/\/products.pap.com.vn\/wp-content\/uploads\/2026\/03\/ban-bat-ban-co-chau-rua-768x768.jpg 768w, https:\/\/products.pap.com.vn\/wp-content\/uploads\/2026\/03\/ban-bat-ban-co-chau-rua-600x600.jpg 600w, https:\/\/products.pap.com.vn\/wp-content\/uploads\/2026\/03\/ban-bat-ban-co-chau-rua-100x100.jpg 100w, https:\/\/products.pap.com.vn\/wp-content\/uploads\/2026\/03\/ban-bat-ban-co-chau-rua-64x64.jpg 64w, https:\/\/products.pap.com.vn\/wp-content\/uploads\/2026\/03\/ban-bat-ban-co-chau-rua.jpg 1125w\" sizes=\"(max-width: 800px) 100vw, 800px\" \/> <img decoding=\"async\" class=\"wp-image-1083 size-large aligncenter\" src=\"https:\/\/products.pap.com.vn\/wp-content\/uploads\/2026\/03\/ban-chau-doi-co-tam-op-1024x1024.jpg\" alt=\"B\u00e0n ch\u1eadu r\u1eeda inox- b\u00e0n ch\u1eadu d\u00f4i c\u00f3 t\u1ea5m \u1ed1p\" width=\"800\" height=\"800\" srcset=\"https:\/\/products.pap.com.vn\/wp-content\/uploads\/2026\/03\/ban-chau-doi-co-tam-op-1024x1024.jpg 1024w, https:\/\/products.pap.com.vn\/wp-content\/uploads\/2026\/03\/ban-chau-doi-co-tam-op-300x300.jpg 300w, https:\/\/products.pap.com.vn\/wp-content\/uploads\/2026\/03\/ban-chau-doi-co-tam-op-150x150.jpg 150w, https:\/\/products.pap.com.vn\/wp-content\/uploads\/2026\/03\/ban-chau-doi-co-tam-op-768x768.jpg 768w, https:\/\/products.pap.com.vn\/wp-content\/uploads\/2026\/03\/ban-chau-doi-co-tam-op-600x600.jpg 600w, https:\/\/products.pap.com.vn\/wp-content\/uploads\/2026\/03\/ban-chau-doi-co-tam-op-100x100.jpg 100w, https:\/\/products.pap.com.vn\/wp-content\/uploads\/2026\/03\/ban-chau-doi-co-tam-op-64x64.jpg 64w, https:\/\/products.pap.com.vn\/wp-content\/uploads\/2026\/03\/ban-chau-doi-co-tam-op.jpg 1125w\" sizes=\"(max-width: 800px) 100vw, 800px\" \/> <img loading=\"lazy\" decoding=\"async\" class=\"aligncenter wp-image-1084 size-large\" src=\"https:\/\/products.pap.com.vn\/wp-content\/uploads\/2026\/03\/ban-chau-doi-1024x1024.jpg\" alt=\"B\u00e0n ch\u1eadu r\u1eeda inox- b\u00e0n ch\u1eadu \u0111\u00f4i\" width=\"800\" height=\"800\" srcset=\"https:\/\/products.pap.com.vn\/wp-content\/uploads\/2026\/03\/ban-chau-doi-1024x1024.jpg 1024w, https:\/\/products.pap.com.vn\/wp-content\/uploads\/2026\/03\/ban-chau-doi-300x300.jpg 300w, https:\/\/products.pap.com.vn\/wp-content\/uploads\/2026\/03\/ban-chau-doi-150x150.jpg 150w, https:\/\/products.pap.com.vn\/wp-content\/uploads\/2026\/03\/ban-chau-doi-768x768.jpg 768w, https:\/\/products.pap.com.vn\/wp-content\/uploads\/2026\/03\/ban-chau-doi-600x600.jpg 600w, https:\/\/products.pap.com.vn\/wp-content\/uploads\/2026\/03\/ban-chau-doi-100x100.jpg 100w, https:\/\/products.pap.com.vn\/wp-content\/uploads\/2026\/03\/ban-chau-doi-64x64.jpg 64w, https:\/\/products.pap.com.vn\/wp-content\/uploads\/2026\/03\/ban-chau-doi.jpg 1125w\" sizes=\"(max-width: 800px) 100vw, 800px\" \/> <img loading=\"lazy\" decoding=\"async\" class=\"aligncenter wp-image-1085 size-large\" src=\"https:\/\/products.pap.com.vn\/wp-content\/uploads\/2026\/03\/ban-chau-don-1024x1024.jpg\" alt=\"B\u00e0n ch\u1eadu r\u1eeda inox-b\u00e0n ch\u1eadu \u0111\u01a1n\" width=\"800\" height=\"800\" srcset=\"https:\/\/products.pap.com.vn\/wp-content\/uploads\/2026\/03\/ban-chau-don-1024x1024.jpg 1024w, https:\/\/products.pap.com.vn\/wp-content\/uploads\/2026\/03\/ban-chau-don-300x300.jpg 300w, https:\/\/products.pap.com.vn\/wp-content\/uploads\/2026\/03\/ban-chau-don-150x150.jpg 150w, https:\/\/products.pap.com.vn\/wp-content\/uploads\/2026\/03\/ban-chau-don-768x768.jpg 768w, https:\/\/products.pap.com.vn\/wp-content\/uploads\/2026\/03\/ban-chau-don-600x600.jpg 600w, https:\/\/products.pap.com.vn\/wp-content\/uploads\/2026\/03\/ban-chau-don-100x100.jpg 100w, https:\/\/products.pap.com.vn\/wp-content\/uploads\/2026\/03\/ban-chau-don-64x64.jpg 64w, https:\/\/products.pap.com.vn\/wp-content\/uploads\/2026\/03\/ban-chau-don.jpg 1125w\" sizes=\"(max-width: 800px) 100vw, 800px\" \/> <img loading=\"lazy\" decoding=\"async\" class=\"aligncenter wp-image-1086 size-large\" src=\"https:\/\/products.pap.com.vn\/wp-content\/uploads\/2026\/03\/ban-chau-rua-doi-co-ke-1024x1024.jpg\" alt=\"B\u00e0n ch\u1eadu r\u1eeda inox- b\u00e0n ch\u1eadu \u0111\u00f4i c\u00f3 k\u1ec7\" width=\"800\" height=\"800\" srcset=\"https:\/\/products.pap.com.vn\/wp-content\/uploads\/2026\/03\/ban-chau-rua-doi-co-ke-1024x1024.jpg 1024w, https:\/\/products.pap.com.vn\/wp-content\/uploads\/2026\/03\/ban-chau-rua-doi-co-ke-300x300.jpg 300w, https:\/\/products.pap.com.vn\/wp-content\/uploads\/2026\/03\/ban-chau-rua-doi-co-ke-150x150.jpg 150w, https:\/\/products.pap.com.vn\/wp-content\/uploads\/2026\/03\/ban-chau-rua-doi-co-ke-768x768.jpg 768w, https:\/\/products.pap.com.vn\/wp-content\/uploads\/2026\/03\/ban-chau-rua-doi-co-ke-600x600.jpg 600w, https:\/\/products.pap.com.vn\/wp-content\/uploads\/2026\/03\/ban-chau-rua-doi-co-ke-100x100.jpg 100w, https:\/\/products.pap.com.vn\/wp-content\/uploads\/2026\/03\/ban-chau-rua-doi-co-ke-64x64.jpg 64w, https:\/\/products.pap.com.vn\/wp-content\/uploads\/2026\/03\/ban-chau-rua-doi-co-ke.jpg 1125w\" sizes=\"(max-width: 800px) 100vw, 800px\" \/> <img loading=\"lazy\" decoding=\"async\" class=\"aligncenter wp-image-1087 size-large\" src=\"https:\/\/products.pap.com.vn\/wp-content\/uploads\/2026\/03\/Ban-chau-rua-inox-2-1024x1024.jpg\" alt=\"B\u00e0n ch\u1eadu r\u1eeda inox- t\u1ed5ng h\u1ee3p\" width=\"800\" height=\"800\" srcset=\"https:\/\/products.pap.com.vn\/wp-content\/uploads\/2026\/03\/Ban-chau-rua-inox-2-1024x1024.jpg 1024w, https:\/\/products.pap.com.vn\/wp-content\/uploads\/2026\/03\/Ban-chau-rua-inox-2-300x300.jpg 300w, https:\/\/products.pap.com.vn\/wp-content\/uploads\/2026\/03\/Ban-chau-rua-inox-2-150x150.jpg 150w, https:\/\/products.pap.com.vn\/wp-content\/uploads\/2026\/03\/Ban-chau-rua-inox-2-768x768.jpg 768w, https:\/\/products.pap.com.vn\/wp-content\/uploads\/2026\/03\/Ban-chau-rua-inox-2-600x600.jpg 600w, https:\/\/products.pap.com.vn\/wp-content\/uploads\/2026\/03\/Ban-chau-rua-inox-2-100x100.jpg 100w, https:\/\/products.pap.com.vn\/wp-content\/uploads\/2026\/03\/Ban-chau-rua-inox-2-64x64.jpg 64w, https:\/\/products.pap.com.vn\/wp-content\/uploads\/2026\/03\/Ban-chau-rua-inox-2.jpg 1125w\" sizes=\"(max-width: 800px) 100vw, 800px\" \/> <img loading=\"lazy\" decoding=\"async\" class=\"aligncenter wp-image-1088 size-large\" src=\"https:\/\/products.pap.com.vn\/wp-content\/uploads\/2026\/03\/Ban-chau-rua-inox-1024x1024.jpg\" alt=\"B\u00e0n ch\u1eadu r\u1eeda inox- t\u1ed5ng h\u1ee3p\" width=\"800\" height=\"800\" srcset=\"https:\/\/products.pap.com.vn\/wp-content\/uploads\/2026\/03\/Ban-chau-rua-inox-1024x1024.jpg 1024w, https:\/\/products.pap.com.vn\/wp-content\/uploads\/2026\/03\/Ban-chau-rua-inox-300x300.jpg 300w, https:\/\/products.pap.com.vn\/wp-content\/uploads\/2026\/03\/Ban-chau-rua-inox-150x150.jpg 150w, https:\/\/products.pap.com.vn\/wp-content\/uploads\/2026\/03\/Ban-chau-rua-inox-768x768.jpg 768w, https:\/\/products.pap.com.vn\/wp-content\/uploads\/2026\/03\/Ban-chau-rua-inox-600x600.jpg 600w, https:\/\/products.pap.com.vn\/wp-content\/uploads\/2026\/03\/Ban-chau-rua-inox-100x100.jpg 100w, https:\/\/products.pap.com.vn\/wp-content\/uploads\/2026\/03\/Ban-chau-rua-inox-64x64.jpg 64w, https:\/\/products.pap.com.vn\/wp-content\/uploads\/2026\/03\/Ban-chau-rua-inox.jpg 1125w\" sizes=\"(max-width: 800px) 100vw, 800px\" \/> <img loading=\"lazy\" decoding=\"async\" class=\"aligncenter wp-image-1089 size-large\" src=\"https:\/\/products.pap.com.vn\/wp-content\/uploads\/2026\/03\/ban-chau-rua-lon-1024x1024.jpg\" alt=\"B\u00e0n ch\u1eadu r\u1eeda inox- b\u00e0n ch\u1eadu r\u1eeda l\u1edbn\" width=\"800\" height=\"800\" srcset=\"https:\/\/products.pap.com.vn\/wp-content\/uploads\/2026\/03\/ban-chau-rua-lon-1024x1024.jpg 1024w, https:\/\/products.pap.com.vn\/wp-content\/uploads\/2026\/03\/ban-chau-rua-lon-300x300.jpg 300w, https:\/\/products.pap.com.vn\/wp-content\/uploads\/2026\/03\/ban-chau-rua-lon-150x150.jpg 150w, https:\/\/products.pap.com.vn\/wp-content\/uploads\/2026\/03\/ban-chau-rua-lon-768x768.jpg 768w, https:\/\/products.pap.com.vn\/wp-content\/uploads\/2026\/03\/ban-chau-rua-lon-600x600.jpg 600w, https:\/\/products.pap.com.vn\/wp-content\/uploads\/2026\/03\/ban-chau-rua-lon-100x100.jpg 100w, https:\/\/products.pap.com.vn\/wp-content\/uploads\/2026\/03\/ban-chau-rua-lon-64x64.jpg 64w, https:\/\/products.pap.com.vn\/wp-content\/uploads\/2026\/03\/ban-chau-rua-lon.jpg 1125w\" sizes=\"(max-width: 800px) 100vw, 800px\" \/> <img loading=\"lazy\" decoding=\"async\" class=\"aligncenter wp-image-1090 size-large\" src=\"https:\/\/products.pap.com.vn\/wp-content\/uploads\/2026\/03\/Ban-chau-va-lo-dung-rac-1024x1024.jpg\" alt=\"B\u00e0n ch\u1eadu r\u1eeda inox- b\u00e0n ch\u1eadu v\u00e0 l\u1ed7 \u0111\u1ef1ng r\u00e1c\" width=\"800\" height=\"800\" srcset=\"https:\/\/products.pap.com.vn\/wp-content\/uploads\/2026\/03\/Ban-chau-va-lo-dung-rac-1024x1024.jpg 1024w, https:\/\/products.pap.com.vn\/wp-content\/uploads\/2026\/03\/Ban-chau-va-lo-dung-rac-300x300.jpg 300w, https:\/\/products.pap.com.vn\/wp-content\/uploads\/2026\/03\/Ban-chau-va-lo-dung-rac-150x150.jpg 150w, https:\/\/products.pap.com.vn\/wp-content\/uploads\/2026\/03\/Ban-chau-va-lo-dung-rac-768x768.jpg 768w, https:\/\/products.pap.com.vn\/wp-content\/uploads\/2026\/03\/Ban-chau-va-lo-dung-rac-600x600.jpg 600w, https:\/\/products.pap.com.vn\/wp-content\/uploads\/2026\/03\/Ban-chau-va-lo-dung-rac-100x100.jpg 100w, https:\/\/products.pap.com.vn\/wp-content\/uploads\/2026\/03\/Ban-chau-va-lo-dung-rac-64x64.jpg 64w, https:\/\/products.pap.com.vn\/wp-content\/uploads\/2026\/03\/Ban-chau-va-lo-dung-rac.jpg 1125w\" sizes=\"(max-width: 800px) 100vw, 800px\" \/> <img loading=\"lazy\" decoding=\"async\" class=\"aligncenter wp-image-1091 size-large\" src=\"https:\/\/products.pap.com.vn\/wp-content\/uploads\/2026\/03\/quay-3-chau-rua-co-cua-1024x1024.jpg\" alt=\"B\u00e0n ch\u1eadu r\u1eeda inox- qu\u1ea7y 3 ch\u1eadu r\u1eeda c\u00f3 c\u1eeda\" width=\"800\" height=\"800\" srcset=\"https:\/\/products.pap.com.vn\/wp-content\/uploads\/2026\/03\/quay-3-chau-rua-co-cua-1024x1024.jpg 1024w, https:\/\/products.pap.com.vn\/wp-content\/uploads\/2026\/03\/quay-3-chau-rua-co-cua-300x300.jpg 300w, https:\/\/products.pap.com.vn\/wp-content\/uploads\/2026\/03\/quay-3-chau-rua-co-cua-150x150.jpg 150w, https:\/\/products.pap.com.vn\/wp-content\/uploads\/2026\/03\/quay-3-chau-rua-co-cua-768x768.jpg 768w, https:\/\/products.pap.com.vn\/wp-content\/uploads\/2026\/03\/quay-3-chau-rua-co-cua-600x600.jpg 600w, https:\/\/products.pap.com.vn\/wp-content\/uploads\/2026\/03\/quay-3-chau-rua-co-cua-100x100.jpg 100w, https:\/\/products.pap.com.vn\/wp-content\/uploads\/2026\/03\/quay-3-chau-rua-co-cua-64x64.jpg 64w, https:\/\/products.pap.com.vn\/wp-content\/uploads\/2026\/03\/quay-3-chau-rua-co-cua.jpg 1125w\" sizes=\"(max-width: 800px) 100vw, 800px\" \/><\/p>\n<h3>Cam k\u1ebft v\u1ec1 thi\u1ebft b\u1ecb Inox v\u00e0 b\u00e0n ch\u1eadu r\u1eeda \u0111\u01b0\u1ee3c s\u1ea3n xu\u1ea5t b\u1edfi P.A.P<\/h3>\n<p data-start=\"250\" data-end=\"648\">Trong l\u0129nh v\u1ef1c b\u1ebfp c\u00f4ng nghi\u1ec7p, thi\u1ebft b\u1ecb inox kh\u00f4ng ch\u1ec9 l\u00e0 h\u1ea1ng m\u1ee5c ph\u1ee5 tr\u1ee3 m\u00e0 c\u00f2n \u1ea3nh h\u01b0\u1edfng tr\u1ef1c ti\u1ebfp \u0111\u1ebfn \u0111\u1ed9 b\u1ec1n h\u1ec7 th\u1ed1ng, hi\u1ec7u qu\u1ea3 v\u1eadn h\u00e0nh v\u00e0 ti\u00eau chu\u1ea9n v\u1ec7 sinh an to\u00e0n th\u1ef1c ph\u1ea9m. V\u1edbi kinh nghi\u1ec7m th\u1ef1c hi\u1ec7n nhi\u1ec1u d\u1ef1 \u00e1n th\u1ef1c t\u1ebf, <strong data-start=\"480\" data-end=\"489\">P.A.P<\/strong> \u0111\u01b0a ra c\u00e1c cam k\u1ebft r\u00f5 r\u00e0ng v\u1ec1 ch\u1ea5t l\u01b0\u1ee3ng s\u1ea3n ph\u1ea9m, quy tr\u00ecnh s\u1ea3n xu\u1ea5t v\u00e0 d\u1ecbch v\u1ee5 k\u1ef9 thu\u1eadt \u0111\u1ed1i v\u1edbi c\u00e1c d\u00f2ng <strong data-start=\"597\" data-end=\"647\">b\u00e0n ch\u1eadu r\u1eeda inox v\u00e0 thi\u1ebft b\u1ecb inox c\u00f4ng nghi\u1ec7p<\/strong>.<\/p>\n<h4 data-section-id=\"7m2t21\" data-start=\"655\" data-end=\"711\">1. Cam k\u1ebft v\u1ec1 v\u1eadt li\u1ec7u inox \u0111\u1ea1t ti\u00eau chu\u1ea9n ch\u1ea5t l\u01b0\u1ee3ng<\/h4>\n<p data-start=\"713\" data-end=\"862\">P.A.P cam k\u1ebft s\u1eed d\u1ee5ng v\u1eadt li\u1ec7u inox ph\u00f9 h\u1ee3p v\u1edbi m\u00f4i tr\u01b0\u1eddng b\u1ebfp c\u00f4ng nghi\u1ec7p, \u0111\u1ea3m b\u1ea3o \u0111\u1ed9 b\u1ec1n v\u00e0 kh\u1ea3 n\u0103ng ch\u1ed1ng \u0103n m\u00f2n trong \u0111i\u1ec1u ki\u1ec7n s\u1eed d\u1ee5ng li\u00ean t\u1ee5c.<\/p>\n<p data-start=\"864\" data-end=\"887\"><strong data-start=\"864\" data-end=\"885\">N\u1ed9i dung cam k\u1ebft:<\/strong><\/p>\n<ul data-start=\"888\" data-end=\"1140\">\n<li data-section-id=\"1rv6954\" data-start=\"888\" data-end=\"957\">S\u1eed d\u1ee5ng inox \u0111\u00fang ch\u1ee7ng lo\u1ea1i theo y\u00eau c\u1ea7u k\u1ef9 thu\u1eadt c\u1ee7a t\u1eebng d\u1ef1 \u00e1n<\/li>\n<li data-section-id=\"oser6o\" data-start=\"958\" data-end=\"1022\">B\u1ec1 m\u1eb7t inox ph\u1eb3ng, \u0111\u1ed3ng \u0111\u1ec1u, \u0111\u1ea3m b\u1ea3o t\u00ednh th\u1ea9m m\u1ef9 v\u00e0 v\u1ec7 sinh<\/li>\n<li data-section-id=\"1lvbukc\" data-start=\"1023\" data-end=\"1091\">V\u1eadt li\u1ec7u c\u00f3 kh\u1ea3 n\u0103ng ch\u1ed1ng g\u1ec9 s\u00e9t v\u00e0 ch\u1ecbu \u0111\u01b0\u1ee3c m\u00f4i tr\u01b0\u1eddng \u1ea9m \u01b0\u1edbt<\/li>\n<li data-section-id=\"mmrrjb\" data-start=\"1092\" data-end=\"1140\">\u0110\u1ea3m b\u1ea3o an to\u00e0n trong ti\u1ebfp x\u00fac v\u1edbi th\u1ef1c ph\u1ea9m<\/li>\n<\/ul>\n<h4 data-section-id=\"1c48b3p\" data-start=\"1147\" data-end=\"1194\">2. Cam k\u1ebft v\u1ec1 quy tr\u00ecnh s\u1ea3n xu\u1ea5t v\u00e0 gia c\u00f4ng<\/h4>\n<p data-start=\"1196\" data-end=\"1335\">Thi\u1ebft b\u1ecb inox v\u00e0 b\u00e0n ch\u1eadu r\u1eeda \u0111\u01b0\u1ee3c s\u1ea3n xu\u1ea5t theo quy tr\u00ecnh ki\u1ec3m so\u00e1t ch\u1ea5t l\u01b0\u1ee3ng ch\u1eb7t ch\u1ebd, \u0111\u1ea3m b\u1ea3o \u0111\u1ed9 ch\u00ednh x\u00e1c v\u00e0 t\u00ednh \u0111\u1ed3ng b\u1ed9 khi l\u1eafp \u0111\u1eb7t.<\/p>\n<p data-start=\"1337\" data-end=\"1360\"><strong data-start=\"1337\" data-end=\"1358\">N\u1ed9i dung cam k\u1ebft:<\/strong><\/p>\n<ul data-start=\"1361\" data-end=\"1610\">\n<li data-section-id=\"174w673\" data-start=\"1361\" data-end=\"1422\">Gia c\u00f4ng theo b\u1ea3n v\u1ebd k\u1ef9 thu\u1eadt v\u00e0 layout th\u1ef1c t\u1ebf c\u1ee7a d\u1ef1 \u00e1n<\/li>\n<li data-section-id=\"194bypy\" data-start=\"1423\" data-end=\"1492\">K\u1ebft c\u1ea5u ch\u1eafc ch\u1eafn, ch\u1ecbu t\u1ea3i t\u1ed1t, ph\u00f9 h\u1ee3p v\u1edbi c\u01b0\u1eddng \u0111\u1ed9 s\u1eed d\u1ee5ng cao<\/li>\n<li data-section-id=\"6gwugl\" data-start=\"1493\" data-end=\"1567\">C\u00e1c m\u1ed1i h\u00e0n \u0111\u01b0\u1ee3c x\u1eed l\u00fd k\u1ef9 thu\u1eadt, \u0111\u1ea3m b\u1ea3o \u0111\u1ed9 b\u1ec1n v\u00e0 an to\u00e0n khi s\u1eed d\u1ee5ng<\/li>\n<li data-section-id=\"ep51wn\" data-start=\"1568\" data-end=\"1610\">Ki\u1ec3m tra s\u1ea3n ph\u1ea9m tr\u01b0\u1edbc khi xu\u1ea5t x\u01b0\u1edfng<\/li>\n<\/ul>\n<h4 data-section-id=\"25bklw\" data-start=\"1617\" data-end=\"1671\">3. Cam k\u1ebft v\u1ec1 thi\u1ebft k\u1ebf ph\u00f9 h\u1ee3p v\u1edbi t\u1eebng m\u00f4 h\u00ecnh b\u1ebfp<\/h4>\n<p data-start=\"1673\" data-end=\"1783\">P.A.P kh\u00f4ng s\u1ea3n xu\u1ea5t theo m\u1eabu c\u1ed1 \u0111\u1ecbnh m\u00e0 t\u1eadp trung thi\u1ebft k\u1ebf theo nhu c\u1ea7u v\u1eadn h\u00e0nh th\u1ef1c t\u1ebf c\u1ee7a t\u1eebng kh\u00e1ch h\u00e0ng.<\/p>\n<p data-start=\"1785\" data-end=\"1808\"><strong data-start=\"1785\" data-end=\"1806\">N\u1ed9i dung cam k\u1ebft:<\/strong><\/p>\n<ul data-start=\"1809\" data-end=\"2038\">\n<li data-section-id=\"atdp8l\" data-start=\"1809\" data-end=\"1867\">T\u01b0 v\u1ea5n c\u1ea5u h\u00ecnh thi\u1ebft b\u1ecb ph\u00f9 h\u1ee3p v\u1edbi c\u00f4ng n\u0103ng s\u1eed d\u1ee5ng<\/li>\n<li data-section-id=\"qbi32h\" data-start=\"1868\" data-end=\"1920\">Thi\u1ebft k\u1ebf t\u1ed1i \u01b0u kh\u00f4ng gian v\u00e0 quy tr\u00ecnh l\u00e0m vi\u1ec7c<\/li>\n<li data-section-id=\"1yddooz\" data-start=\"1921\" data-end=\"1983\">\u0110\u1ea3m b\u1ea3o t\u00ednh \u0111\u1ed3ng b\u1ed9 v\u1edbi h\u1ec7 th\u1ed1ng thi\u1ebft b\u1ecb b\u1ebfp c\u00f4ng nghi\u1ec7p<\/li>\n<li data-section-id=\"11ej8v\" data-start=\"1984\" data-end=\"2038\">H\u1ea1n ch\u1ebf ph\u00e1t sinh chi ph\u00ed trong qu\u00e1 tr\u00ecnh v\u1eadn h\u00e0nh<\/li>\n<\/ul>\n<h4 data-section-id=\"st3jjx\" data-start=\"2045\" data-end=\"2097\">4. Cam k\u1ebft v\u1ec1 \u0111\u1ed9 b\u1ec1n v\u00e0 kh\u1ea3 n\u0103ng v\u1eadn h\u00e0nh l\u00e2u d\u00e0i<\/h4>\n<p data-start=\"2099\" data-end=\"2218\">Thi\u1ebft b\u1ecb inox trong b\u1ebfp c\u00f4ng nghi\u1ec7p ph\u1ea3i ho\u1ea1t \u0111\u1ed9ng \u1ed5n \u0111\u1ecbnh trong m\u00f4i tr\u01b0\u1eddng c\u00f3 nhi\u1ec7t \u0111\u1ed9, \u0111\u1ed9 \u1ea9m v\u00e0 t\u1ea7n su\u1ea5t s\u1eed d\u1ee5ng cao.<\/p>\n<p data-start=\"2220\" data-end=\"2243\"><strong data-start=\"2220\" data-end=\"2241\">N\u1ed9i dung cam k\u1ebft:<\/strong><\/p>\n<ul data-start=\"2244\" data-end=\"2491\">\n<li data-section-id=\"1l7yptq\" data-start=\"2244\" data-end=\"2310\">S\u1ea3n ph\u1ea9m c\u00f3 \u0111\u1ed9 b\u1ec1n cao, ph\u00f9 h\u1ee3p v\u1edbi m\u00f4i tr\u01b0\u1eddng b\u1ebfp c\u00f4ng nghi\u1ec7p<\/li>\n<li data-section-id=\"yttqwb\" data-start=\"2311\" data-end=\"2362\">D\u1ec5 v\u1ec7 sinh, h\u1ea1n ch\u1ebf b\u00e1m b\u1ea9n v\u00e0 t\u00edch t\u1ee5 vi khu\u1ea9n<\/li>\n<li data-section-id=\"1cofjre\" data-start=\"2363\" data-end=\"2428\">Gi\u1eef \u0111\u01b0\u1ee3c h\u00ecnh d\u1ea1ng v\u00e0 k\u1ebft c\u1ea5u trong qu\u00e1 tr\u00ecnh s\u1eed d\u1ee5ng l\u00e2u d\u00e0i<\/li>\n<li data-section-id=\"r5tjqi\" data-start=\"2429\" data-end=\"2491\">\u0110\u1ea3m b\u1ea3o v\u1eadn h\u00e0nh \u1ed5n \u0111\u1ecbnh trong \u0111i\u1ec1u ki\u1ec7n l\u00e0m vi\u1ec7c li\u00ean t\u1ee5c<\/li>\n<\/ul>\n<p>Tham kh\u1ea3o th\u00eam c\u00e1c s\u1ea3n ph\u1ea9m kh\u00e1c t\u1ea1i:<\/p>\n<ul>\n<li><a href=\"http:\/\/Products.pap.com.vn\" target=\"_blank\" rel=\"noopener\">S\u1ea3n ph\u1ea9m thi\u1ebft b\u1ecb b\u1ebfp c\u00f4ng nghi\u1ec7p P.A.P<\/a><\/li>\n<\/ul>\n<p>Tham kh\u1ea3o th\u00eam c\u00e1c d\u1ef1 \u00e1n c\u1ee7a ch\u00fang t\u00f4i t\u1ea1i<\/p>\n<ul>\n<li style=\"text-align: left;\"><a href=\"http:\/\/pap.com.vn\" target=\"_blank\" rel=\"noopener\">D\u1ef1 \u00e1n ti\u00eau bi\u1ec3u c\u1ee7a P.A.P<\/a><\/li>\n<\/ul>\n","protected":false},"excerpt":{"rendered":"<p>Ba\u0300n cha\u0323\u0302u ru\u031b\u0309a inox &#8211; table sink \u0111\u01b0\u1ee3c custom theo nhu c\u1ea7u ph\u00f9 h\u1ee3p c\u1ee7a kh\u00e1ch h\u00e0ng, tu\u1ef3 v\u00e0o quy m\u00f4 v\u00e0 m\u00f4 h\u00ecnh v\u1eadn h\u00e0nh b\u1ebfp ch\u00fang t\u00f4i s\u1ebd cung c\u1ea5p \u0111\u1ebfn b\u1ea1n nh\u1eefng gi\u1ea3i ph\u00e1p v\u1ec1 b\u00e0n ch\u1eadu r\u1eeda t\u1ed1i \u01b0u.<\/p>\n<ul>\n<li data-start=\"508\" data-end=\"603\">\n<p data-start=\"510\" data-end=\"603\">Inox 304 c\u00f3 kh\u1ea3 n\u0103ng ch\u1ed1ng \u0103n m\u00f2n, kh\u00f4ng b\u00e1m m\u00f9i, kh\u00f4ng ph\u1ea3n \u1ee9ng h\u00f3a h\u1ecdc v\u1edbi th\u1ef1c ph\u1ea9m.<\/p>\n<\/li>\n<li data-start=\"604\" data-end=\"703\">\n<p data-start=\"606\" data-end=\"703\">B\u1ec1 m\u1eb7t nh\u1eb5n, d\u1ec5 v\u1ec7 sinh, \u0111\u00e1p \u1ee9ng y\u00eau c\u1ea7u HACCP, ISO 22000, ti\u00eau chu\u1ea9n b\u1ebfp kh\u00e1ch s\u1ea1n \u2013 nh\u00e0 h\u00e0ng.<\/p>\n<\/li>\n<\/ul>\n","protected":false},"featured_media":381,"comment_status":"open","ping_status":"closed","template":"","meta":[],"product_brand":[92],"product_cat":[72,86],"product_tag":[],"class_list":{"0":"post-20","1":"product","2":"type-product","3":"status-publish","4":"has-post-thumbnail","6":"product_brand-inox","7":"product_cat-thiet-bi-inox","8":"product_cat-ban-inox","10":"first","11":"instock","12":"taxable","13":"shipping-taxable","14":"purchasable","15":"product-type-simple"},"_links":{"self":[{"href":"https:\/\/products.pap.com.vn\/index.php?rest_route=\/wp\/v2\/product\/20","targetHints":{"allow":["GET"]}}],"collection":[{"href":"https:\/\/products.pap.com.vn\/index.php?rest_route=\/wp\/v2\/product"}],"about":[{"href":"https:\/\/products.pap.com.vn\/index.php?rest_route=\/wp\/v2\/types\/product"}],"replies":[{"embeddable":true,"href":"https:\/\/products.pap.com.vn\/index.php?rest_route=%2Fwp%2Fv2%2Fcomments&post=20"}],"version-history":[{"count":3,"href":"https:\/\/products.pap.com.vn\/index.php?rest_route=\/wp\/v2\/product\/20\/revisions"}],"predecessor-version":[{"id":1092,"href":"https:\/\/products.pap.com.vn\/index.php?rest_route=\/wp\/v2\/product\/20\/revisions\/1092"}],"wp:featuredmedia":[{"embeddable":true,"href":"https:\/\/products.pap.com.vn\/index.php?rest_route=\/wp\/v2\/media\/381"}],"wp:attachment":[{"href":"https:\/\/products.pap.com.vn\/index.php?rest_route=%2Fwp%2Fv2%2Fmedia&parent=20"}],"wp:term":[{"taxonomy":"product_brand","embeddable":true,"href":"https:\/\/products.pap.com.vn\/index.php?rest_route=%2Fwp%2Fv2%2Fproduct_brand&post=20"},{"taxonomy":"product_cat","embeddable":true,"href":"https:\/\/products.pap.com.vn\/index.php?rest_route=%2Fwp%2Fv2%2Fproduct_cat&post=20"},{"taxonomy":"product_tag","embeddable":true,"href":"https:\/\/products.pap.com.vn\/index.php?rest_route=%2Fwp%2Fv2%2Fproduct_tag&post=20"}],"curies":[{"name":"wp","href":"https:\/\/api.w.org\/{rel}","templated":true}]}}