{"id":22,"date":"2026-03-22T05:55:06","date_gmt":"2026-03-22T05:55:06","guid":{"rendered":"https:\/\/products.pap.com.vn\/?post_type=product&#038;p=22"},"modified":"2026-04-16T03:21:27","modified_gmt":"2026-04-16T03:21:27","slug":"tu-lanh-cong-nghiep-2-cua","status":"publish","type":"product","link":"https:\/\/products.pap.com.vn\/?product=tu-lanh-cong-nghiep-2-cua","title":{"rendered":"T\u1ee7 l\u1ea1nh c\u00f4ng nghi\u1ec7p 2 c\u1eeda FinoCool FN-URC2D"},"content":{"rendered":"<p>T\u1ee7 l\u1ea1nh c\u00f4ng nghi\u1ec7p 2 c\u1eeda FinoCool FN-URC2D ( upright )\u00a0\u0111\u01b0\u1ee3c \u0111\u1ecbnh v\u1ecb l\u00e0 gi\u1ea3i ph\u00e1p l\u01b0u tr\u1eef th\u1ef1c ph\u1ea9m \u1ed5n \u0111\u1ecbnh cho c\u00e1c m\u00f4 h\u00ecnh kinh doanh c\u00f3 t\u1ea7n su\u1ea5t s\u1eed d\u1ee5ng cao nh\u01b0 nh\u00e0 h\u00e0ng, qu\u00e1n \u0103n, b\u1ebfp trung t\u00e2m, kh\u00e1ch s\u1ea1n ho\u1eb7c c\u01a1 s\u1edf ch\u1ebf bi\u1ebfn th\u1ef1c ph\u1ea9m. Thi\u1ebft b\u1ecb t\u1eadp trung v\u00e0o kh\u1ea3 n\u0103ng v\u1eadn h\u00e0nh b\u1ec1n b\u1ec9, duy tr\u00ec nhi\u1ec7t \u0111\u1ed9 \u1ed5n \u0111\u1ecbnh trong th\u1eddi gian d\u00e0i v\u00e0 t\u1ed1i \u01b0u chi ph\u00ed v\u1eadn h\u00e0nh, gi\u00fap doanh nghi\u1ec7p ki\u1ec3m so\u00e1t t\u1ed1t ng\u00e2n s\u00e1ch \u0111\u1ea7u t\u01b0 thi\u1ebft b\u1ecb l\u1ea1nh trong d\u00e0i h\u1ea1n.<\/p>\n<h1>1.\u00a0 Th\u00f4ng s\u1ed1 k\u1ef9 thu\u1eadt T\u1ee7 l\u1ea1nh c\u00f4ng nghi\u1ec7p 2 c\u1eeda FinoCool FN-URC2D<\/h1>\n<table>\n<thead>\n<tr>\n<th><strong>MODEL<\/strong><\/th>\n<th><strong>FN-URC2D<\/strong><\/th>\n<\/tr>\n<\/thead>\n<tbody>\n<tr>\n<td><strong>K\u00edch th\u01b0\u1edbc (Dimension)<\/strong><\/td>\n<td>610 x 800 x 1980 mm<\/td>\n<\/tr>\n<tr>\n<td><strong>\u0110i\u1ec7n \u00e1p (Voltage)<\/strong><\/td>\n<td>220V \/ 50Hz<\/td>\n<\/tr>\n<tr>\n<td><strong>C\u00f4ng su\u1ea5t (Power)<\/strong><\/td>\n<td>250 W<\/td>\n<\/tr>\n<tr>\n<td><strong>Dung t\u00edch (Capacity)<\/strong><\/td>\n<td>450 L<\/td>\n<\/tr>\n<tr>\n<td><strong>Nhi\u1ec7t \u0111\u1ed9 (Temperature)<\/strong><\/td>\n<td>0 ~ 10 \u00baC<\/td>\n<\/tr>\n<tr>\n<td><strong>X\u1ea3 \u0111\u00e1 (Defrost)<\/strong><\/td>\n<td>T\u1ef1 \u0111\u1ed9ng (Automatic)<\/td>\n<\/tr>\n<tr>\n<td><strong>S\u1ed1 c\u1eeda (Doors)<\/strong><\/td>\n<td>2 c\u1eeda<\/td>\n<\/tr>\n<tr>\n<td><strong>M\u00e1y n\u00e9n (Compressor)<\/strong><\/td>\n<td>Embraco<\/td>\n<\/tr>\n<tr>\n<td><strong>B\u1ed9 \u0111i\u1ec1u khi\u1ec3n (Controller)<\/strong><\/td>\n<td>Dixell<\/td>\n<\/tr>\n<tr>\n<td><strong>M\u00f4i ch\u1ea5t l\u1ea1nh (Refrigerant)<\/strong><\/td>\n<td>R290<\/td>\n<\/tr>\n<\/tbody>\n<\/table>\n<figure id=\"attachment_373\" aria-describedby=\"caption-attachment-373\" style=\"width: 625px\" class=\"wp-caption aligncenter\"><img fetchpriority=\"high\" decoding=\"async\" class=\"wp-image-373 size-full\" src=\"https:\/\/products.pap.com.vn\/wp-content\/uploads\/2026\/03\/Tu-lanh-cong-nghiep-2-cua-Finocool-FN-URC2D-2.jpg\" alt=\"T\u1ee7 l\u1ea1nh c\u00f4ng nghi\u1ec7p 2 c\u1eeda FinoCool FN-URC2D\" width=\"625\" height=\"625\" srcset=\"https:\/\/products.pap.com.vn\/wp-content\/uploads\/2026\/03\/Tu-lanh-cong-nghiep-2-cua-Finocool-FN-URC2D-2.jpg 625w, https:\/\/products.pap.com.vn\/wp-content\/uploads\/2026\/03\/Tu-lanh-cong-nghiep-2-cua-Finocool-FN-URC2D-2-300x300.jpg 300w, https:\/\/products.pap.com.vn\/wp-content\/uploads\/2026\/03\/Tu-lanh-cong-nghiep-2-cua-Finocool-FN-URC2D-2-150x150.jpg 150w, https:\/\/products.pap.com.vn\/wp-content\/uploads\/2026\/03\/Tu-lanh-cong-nghiep-2-cua-Finocool-FN-URC2D-2-600x600.jpg 600w, https:\/\/products.pap.com.vn\/wp-content\/uploads\/2026\/03\/Tu-lanh-cong-nghiep-2-cua-Finocool-FN-URC2D-2-100x100.jpg 100w\" sizes=\"(max-width: 625px) 100vw, 625px\" \/><figcaption id=\"caption-attachment-373\" class=\"wp-caption-text\">K\u00edch th\u01b0\u1edbc T\u1ee7 l\u1ea1nh c\u00f4ng nghi\u1ec7p 2 c\u1eeda FinoCool FN-URC2D<\/figcaption><\/figure>\n<p data-section-id=\"1c7ezpw\" data-start=\"230\" data-end=\"297\"><a href=\"http:\/\/products.pap.com.vn\/\">T\u00ecm hi\u1ec3u th\u00eam c\u00e1c s\u1ea3n ph\u1ea9m ch\u00fang t\u00f4i t\u1ea1i \u0111\u00e2y<\/a><\/p>\n<h2 data-section-id=\"1c7ezpw\" data-start=\"230\" data-end=\"297\"><span role=\"text\"><strong data-start=\"233\" data-end=\"297\">2. C\u00f4ng n\u0103ng c\u1ee7a t\u1ee7 l\u1ea1nh c\u00f4ng nghi\u1ec7p 2 c\u1eeda FinoCool FN-URC2D<\/strong><\/span><\/h2>\n<h3 data-section-id=\"1sdtpaj\" data-start=\"299\" data-end=\"359\"><span style=\"text-decoration: underline;\"><span role=\"text\"><strong data-start=\"303\" data-end=\"359\">B\u1ea3o qu\u1ea3n th\u1ef1c ph\u1ea9m \u1edf nhi\u1ec7t \u0111\u1ed9 m\u00e1t \u1ed5n \u0111\u1ecbnh v\u00e0 an to\u00e0n<\/strong><\/span><\/span><\/h3>\n<p data-start=\"361\" data-end=\"723\">T\u1ee7 l\u1ea1nh c\u00f4ng nghi\u1ec7p 2 c\u1eeda <strong data-start=\"387\" data-end=\"408\">FinoCool FN-URC2D<\/strong> \u0111\u01b0\u1ee3c thi\u1ebft k\u1ebf \u0111\u1ec3 duy tr\u00ec d\u1ea3i nhi\u1ec7t \u0111\u1ed9 m\u00e1t \u1ed5n \u0111\u1ecbnh, ph\u00f9 h\u1ee3p cho vi\u1ec7c b\u1ea3o qu\u1ea3n \u0111a d\u1ea1ng th\u1ef1c ph\u1ea9m nh\u01b0 rau c\u1ee7, th\u1ecbt c\u00e1, th\u1ef1c ph\u1ea9m ch\u1ebf bi\u1ebfn s\u1eb5n ho\u1eb7c nguy\u00ean li\u1ec7u trong b\u1ebfp nh\u00e0 h\u00e0ng. Nhi\u1ec7t \u0111\u1ed9 \u0111\u01b0\u1ee3c ki\u1ec3m so\u00e1t ch\u00ednh x\u00e1c gi\u00fap h\u1ea1n ch\u1ebf s\u1ef1 ph\u00e1t tri\u1ec3n c\u1ee7a vi khu\u1ea9n, \u0111\u1ed3ng th\u1eddi gi\u1eef th\u1ef1c ph\u1ea9m t\u01b0\u01a1i ngon trong su\u1ed1t qu\u00e1 tr\u00ecnh l\u01b0u tr\u1eef.<\/p>\n<p data-start=\"725\" data-end=\"987\">H\u1ec7 th\u1ed1ng l\u00e0m l\u1ea1nh b\u1eb1ng qu\u1ea1t gi\u00f3 gi\u00fap ph\u00e2n b\u1ed5 h\u01a1i l\u1ea1nh \u0111\u1ed3ng \u0111\u1ec1u trong to\u00e0n b\u1ed9 khoang t\u1ee7, \u0111\u1ea3m b\u1ea3o nhi\u1ec7t \u0111\u1ed9 \u1ed5n \u0111\u1ecbnh \u1edf m\u1ecdi v\u1ecb tr\u00ed, t\u1eeb ng\u0103n tr\u00ean \u0111\u1ebfn ng\u0103n d\u01b0\u1edbi. \u0110i\u1ec1u n\u00e0y \u0111\u1eb7c bi\u1ec7t quan tr\u1ecdng \u0111\u1ed1i v\u1edbi c\u00e1c m\u00f4 h\u00ecnh kinh doanh y\u00eau c\u1ea7u b\u1ea3o qu\u1ea3n th\u1ef1c ph\u1ea9m li\u00ean t\u1ee5c v\u00e0 an to\u00e0n.<\/p>\n<h3 data-section-id=\"1h1peee\" data-start=\"994\" data-end=\"1061\"><span style=\"text-decoration: underline;\"><span role=\"text\"><strong data-start=\"998\" data-end=\"1061\">Dung t\u00edch l\u1edbn, t\u1ed1i \u01b0u kh\u1ea3 n\u0103ng l\u01b0u tr\u1eef trong kh\u00f4ng gian b\u1ebfp<\/strong><\/span><\/span><\/h3>\n<p data-start=\"1063\" data-end=\"1362\">V\u1edbi thi\u1ebft k\u1ebf d\u1ea1ng t\u1ee7 \u0111\u1ee9ng 2 c\u00e1nh, model FN-URC2D cung c\u1ea5p kh\u00f4ng gian l\u01b0u tr\u1eef r\u1ed9ng r\u00e3i, gi\u00fap s\u1eafp x\u1ebfp th\u1ef1c ph\u1ea9m khoa h\u1ecdc v\u00e0 thu\u1eadn ti\u1ec7n trong qu\u00e1 tr\u00ecnh s\u1eed d\u1ee5ng. Dung t\u00edch l\u1edbn gi\u00fap \u0111\u00e1p \u1ee9ng nhu c\u1ea7u b\u1ea3o qu\u1ea3n th\u1ef1c ph\u1ea9m v\u1edbi s\u1ed1 l\u01b0\u1ee3ng nhi\u1ec1u, ph\u00f9 h\u1ee3p cho c\u00e1c c\u01a1 s\u1edf kinh doanh c\u00f3 t\u1ea7n su\u1ea5t ho\u1ea1t \u0111\u1ed9ng cao.<\/p>\n<p data-start=\"1364\" data-end=\"1414\">Thi\u1ebft b\u1ecb ph\u00f9 h\u1ee3p cho nhi\u1ec1u m\u00f4 h\u00ecnh kinh doanh nh\u01b0:<\/p>\n<ul data-start=\"1416\" data-end=\"1530\">\n<li data-section-id=\"a01bdb\" data-start=\"1416\" data-end=\"1428\">Nh\u00e0 h\u00e0ng<\/li>\n<li data-section-id=\"1sszqtq\" data-start=\"1429\" data-end=\"1440\">Qu\u00e1n \u0103n<\/li>\n<li data-section-id=\"1r9gqgt\" data-start=\"1441\" data-end=\"1454\">Kh\u00e1ch s\u1ea1n<\/li>\n<li data-section-id=\"1b8c4jo\" data-start=\"1455\" data-end=\"1472\">B\u1ebfp trung t\u00e2m<\/li>\n<li data-section-id=\"16py2ca\" data-start=\"1473\" data-end=\"1501\">C\u01a1 s\u1edf ch\u1ebf bi\u1ebfn th\u1ef1c ph\u1ea9m<\/li>\n<li data-section-id=\"pmfh5p\" data-start=\"1502\" data-end=\"1530\">C\u0103n tin ho\u1eb7c b\u1ebfp t\u1eadp th\u1ec3<\/li>\n<\/ul>\n<p data-start=\"1532\" data-end=\"1673\">Vi\u1ec7c s\u1eed d\u1ee5ng t\u1ee7 l\u1ea1nh dung t\u00edch l\u1edbn gi\u00fap gi\u1ea3m s\u1ed1 l\u1ea7n nh\u1eadp h\u00e0ng trong ng\u00e0y, \u0111\u1ed3ng th\u1eddi h\u1ed7 tr\u1ee3 ki\u1ec3m so\u00e1t t\u1ed3n kho hi\u1ec7u qu\u1ea3 h\u01a1n trong v\u1eadn h\u00e0nh b\u1ebfp.<\/p>\n<h3 data-section-id=\"qpbr79\" data-start=\"1680\" data-end=\"1727\"><span style=\"text-decoration: underline;\"><span role=\"text\"><strong data-start=\"1684\" data-end=\"1727\">T\u1ed5 ch\u1ee9c v\u00e0 qu\u1ea3n l\u00fd nguy\u00ean li\u1ec7u khoa h\u1ecdc<\/strong><\/span><\/span><\/h3>\n<p data-start=\"1729\" data-end=\"2009\">Kh\u00f4ng gian b\u00ean trong t\u1ee7 \u0111\u01b0\u1ee3c b\u1ed1 tr\u00ed c\u00e1c k\u1ec7 ch\u1ee9a ch\u1eafc ch\u1eafn, cho ph\u00e9p ph\u00e2n lo\u1ea1i th\u1ef1c ph\u1ea9m theo t\u1eebng nh\u00f3m ri\u00eang bi\u1ec7t nh\u01b0 th\u1ef1c ph\u1ea9m t\u01b0\u01a1i s\u1ed1ng, th\u1ef1c ph\u1ea9m s\u01a1 ch\u1ebf ho\u1eb7c nguy\u00ean li\u1ec7u ch\u1ebf bi\u1ebfn. \u0110i\u1ec1u n\u00e0y gi\u00fap nh\u00e2n vi\u00ean d\u1ec5 d\u00e0ng t\u00ecm ki\u1ebfm v\u00e0 l\u1ea5y nguy\u00ean li\u1ec7u nhanh ch\u00f3ng trong qu\u00e1 tr\u00ecnh l\u00e0m vi\u1ec7c.<\/p>\n<p data-start=\"2011\" data-end=\"2182\">Vi\u1ec7c s\u1eafp x\u1ebfp th\u1ef1c ph\u1ea9m khoa h\u1ecdc kh\u00f4ng ch\u1ec9 gi\u00fap t\u1ed1i \u01b0u th\u1eddi gian thao t\u00e1c m\u00e0 c\u00f2n g\u00f3p ph\u1ea7n h\u1ea1n ch\u1ebf th\u1ea5t tho\u00e1t nguy\u00ean li\u1ec7u v\u00e0 n\u00e2ng cao hi\u1ec7u qu\u1ea3 qu\u1ea3n l\u00fd trong b\u1ebfp c\u00f4ng nghi\u1ec7p.<\/p>\n<h3 data-section-id=\"ei9ozq\" data-start=\"2189\" data-end=\"2250\"><span style=\"text-decoration: underline;\"><span role=\"text\"><strong data-start=\"2193\" data-end=\"2250\">\u0110\u1ea3m b\u1ea3o v\u1ec7 sinh v\u00e0 duy tr\u00ec hi\u1ec7u su\u1ea5t l\u00e0m l\u1ea1nh \u1ed5n \u0111\u1ecbnh<\/strong><\/span><\/span><\/h3>\n<p data-start=\"2252\" data-end=\"2479\">T\u1ee7 l\u1ea1nh c\u00f4ng nghi\u1ec7p 2 c\u1eeda FinoCool FN-URC2D \u0111\u01b0\u1ee3c ch\u1ebf t\u1ea1o t\u1eeb v\u1eadt li\u1ec7u inox b\u1ec1n b\u1ec9, c\u00f3 kh\u1ea3 n\u0103ng ch\u1ed1ng \u0103n m\u00f2n v\u00e0 d\u1ec5 d\u00e0ng v\u1ec7 sinh trong m\u00f4i tr\u01b0\u1eddng b\u1ebfp c\u00f4ng nghi\u1ec7p. B\u1ec1 m\u1eb7t inox gi\u00fap h\u1ea1n ch\u1ebf b\u00e1m b\u1ea9n v\u00e0 \u0111\u1ea3m b\u1ea3o ti\u00eau chu\u1ea9n v\u1ec7 sinh an to\u00e0n th\u1ef1c ph\u1ea9m.<\/p>\n<p data-start=\"2481\" data-end=\"2728\">Ngo\u00e0i ra, h\u1ec7 th\u1ed1ng x\u1ea3 \u0111\u00e1 t\u1ef1 \u0111\u1ed9ng gi\u00fap h\u1ea1n ch\u1ebf t\u00ecnh tr\u1ea1ng \u0111\u00f3ng tuy\u1ebft trong khoang t\u1ee7, duy tr\u00ec hi\u1ec7u su\u1ea5t l\u00e0m l\u1ea1nh \u1ed5n \u0111\u1ecbnh v\u00e0 gi\u1ea3m th\u1eddi gian b\u1ea3o tr\u00ec th\u1ee7 c\u00f4ng. \u0110\u00e2y l\u00e0 y\u1ebfu t\u1ed1 quan tr\u1ecdng gi\u00fap thi\u1ebft b\u1ecb v\u1eadn h\u00e0nh li\u00ean t\u1ee5c v\u00e0 b\u1ec1n b\u1ec9 trong th\u1eddi gian d\u00e0i.<\/p>\n<h2 data-section-id=\"18eoxli\" data-start=\"2735\" data-end=\"2825\"><span role=\"text\"><strong data-start=\"2738\" data-end=\"2825\">3. T\u1ea1i sao n\u00ean ch\u1ecdn thi\u1ebft b\u1ecb l\u1ea1nh c\u00f4ng nghi\u1ec7p v\u00e0 thi\u1ebft b\u1ecb b\u1ebfp c\u00f4ng nghi\u1ec7p t\u1ea1i P.A.P<\/strong><\/span><\/h2>\n<h3 data-section-id=\"19gnf6p\" data-start=\"2827\" data-end=\"2893\"><span role=\"text\"><strong data-start=\"2831\" data-end=\"2893\">Kinh nghi\u1ec7m tri\u1ec3n khai th\u1ef1c t\u1ebf nhi\u1ec1u d\u1ef1 \u00e1n b\u1ebfp c\u00f4ng nghi\u1ec7p<\/strong><\/span><\/h3>\n<p data-start=\"2895\" data-end=\"3133\">P.A.P l\u00e0 \u0111\u01a1n v\u1ecb ho\u1ea1t \u0111\u1ed9ng l\u00e2u n\u0103m trong l\u0129nh v\u1ef1c thi\u1ebft b\u1ecb b\u1ebfp v\u00e0 thi\u1ebft b\u1ecb l\u1ea1nh c\u00f4ng nghi\u1ec7p, v\u1edbi \u0111\u1ed9i ng\u0169 k\u1ef9 thu\u1eadt c\u00f3 kinh nghi\u1ec7m tri\u1ec3n khai \u0111a d\u1ea1ng m\u00f4 h\u00ecnh t\u1eeb nh\u00e0 h\u00e0ng, kh\u00e1ch s\u1ea1n \u0111\u1ebfn b\u1ebfp t\u1eadp th\u1ec3, khu resort v\u00e0 trung t\u00e2m ch\u1ebf bi\u1ebfn th\u1ef1c ph\u1ea9m.<\/p>\n<p data-start=\"3135\" data-end=\"3203\">Vi\u1ec7c t\u00edch l\u0169y kinh nghi\u1ec7m qua nhi\u1ec1u d\u1ef1 \u00e1n th\u1ef1c t\u1ebf gi\u00fap doanh nghi\u1ec7p:<\/p>\n<ul data-start=\"3205\" data-end=\"3427\">\n<li data-section-id=\"1k0xsch\" data-start=\"3205\" data-end=\"3261\">Hi\u1ec3u r\u00f5 nhu c\u1ea7u v\u1eadn h\u00e0nh c\u1ee7a t\u1eebng m\u00f4 h\u00ecnh kinh doanh<\/li>\n<li data-section-id=\"xi2bzi\" data-start=\"3262\" data-end=\"3317\">T\u01b0 v\u1ea5n thi\u1ebft b\u1ecb \u0111\u00fang c\u00f4ng n\u0103ng v\u00e0 ph\u00f9 h\u1ee3p ng\u00e2n s\u00e1ch<\/li>\n<li data-section-id=\"t4iywe\" data-start=\"3318\" data-end=\"3368\">Thi\u1ebft k\u1ebf gi\u1ea3i ph\u00e1p \u0111\u1ed3ng b\u1ed9 cho to\u00e0n b\u1ed9 khu b\u1ebfp<\/li>\n<li data-section-id=\"11majq7\" data-start=\"3369\" data-end=\"3427\">\u0110\u1ea3m b\u1ea3o thi\u1ebft b\u1ecb ho\u1ea1t \u0111\u1ed9ng \u1ed5n \u0111\u1ecbnh trong th\u1eddi gian d\u00e0i<\/li>\n<\/ul>\n<p data-start=\"3429\" data-end=\"3538\">\u0110\u00e2y l\u00e0 n\u1ec1n t\u1ea3ng quan tr\u1ecdng gi\u00fap kh\u00e1ch h\u00e0ng t\u1ed1i \u01b0u hi\u1ec7u qu\u1ea3 \u0111\u1ea7u t\u01b0 v\u00e0 h\u1ea1n ch\u1ebf r\u1ee7i ro trong qu\u00e1 tr\u00ecnh v\u1eadn h\u00e0nh.<\/p>\n<h3 data-section-id=\"ddv62l\" data-start=\"3545\" data-end=\"3617\"><span role=\"text\"><strong data-start=\"3549\" data-end=\"3617\">Ch\u00ednh s\u00e1ch b\u1ea3o h\u00e0nh v\u00e0 b\u1ea3o tr\u00ec r\u00f5 r\u00e0ng, h\u1ed7 tr\u1ee3 k\u1ef9 thu\u1eadt k\u1ecbp th\u1eddi<\/strong><\/span><\/h3>\n<p data-start=\"3619\" data-end=\"3820\"><a href=\"http:\/\/pap.com.vn\" target=\"_blank\" rel=\"noopener\">Thi\u1ebft b\u1ecb b\u1ebfp c\u00f4ng nghi\u1ec7p P.A.P<\/a> x\u00e2y d\u1ef1ng quy tr\u00ecnh b\u1ea3o h\u00e0nh v\u00e0 b\u1ea3o tr\u00ec minh b\u1ea1ch, gi\u00fap kh\u00e1ch h\u00e0ng y\u00ean t\u00e2m trong qu\u00e1 tr\u00ecnh s\u1eed d\u1ee5ng thi\u1ebft b\u1ecb. \u0110\u1ed9i ng\u0169 k\u1ef9 thu\u1eadt lu\u00f4n s\u1eb5n s\u00e0ng h\u1ed7 tr\u1ee3 ki\u1ec3m tra, b\u1ea3o d\u01b0\u1ee1ng v\u00e0 x\u1eed l\u00fd s\u1ef1 c\u1ed1 khi c\u1ea7n thi\u1ebft.<\/p>\n<p data-start=\"3822\" data-end=\"4029\" data-is-last-node=\"\" data-is-only-node=\"\">Vi\u1ec7c duy tr\u00ec d\u1ecbch v\u1ee5 h\u1eadu m\u00e3i \u1ed5n \u0111\u1ecbnh kh\u00f4ng ch\u1ec9 gi\u00fap k\u00e9o d\u00e0i tu\u1ed5i th\u1ecd thi\u1ebft b\u1ecb m\u00e0 c\u00f2n \u0111\u1ea3m b\u1ea3o ho\u1ea1t \u0111\u1ed9ng kinh doanh c\u1ee7a kh\u00e1ch h\u00e0ng kh\u00f4ng b\u1ecb gi\u00e1n \u0111o\u1ea1n, \u0111\u1eb7c bi\u1ec7t trong c\u00e1c m\u00f4 h\u00ecnh b\u1ebfp ho\u1ea1t \u0111\u1ed9ng v\u1edbi c\u01b0\u1eddng \u0111\u1ed9 cao.<\/p>\n","protected":false},"excerpt":{"rendered":"<p>T\u1ee7 l\u1ea1nh c\u00f4ng nghi\u1ec7p 2 c\u1eeda FinoCool FN-URC2D:<\/p>\n<ul>\n<li>K\u00edch th\u01b0\u1edbc: 610x800x1980 mm<\/li>\n<li>B\u1ed9 \u0111i\u1ec1u khi\u1ec3n: Dixell ( Italy)<\/li>\n<li>M\u00e1y n\u00e9n: Embraco ( Brazil)<\/li>\n<li>Inox: 201<\/li>\n<li>B\u1ea3o h\u00e0nh 24 th\u00e1ng<\/li>\n<\/ul>\n","protected":false},"featured_media":377,"comment_status":"open","ping_status":"closed","template":"","meta":[],"product_brand":[24],"product_cat":[17,75],"product_tag":[],"class_list":{"0":"post-22","1":"product","2":"type-product","3":"status-publish","4":"has-post-thumbnail","6":"product_brand-finocool","7":"product_cat-thiet-bi-bep","8":"product_cat-thiet-bi-lanh","10":"first","11":"instock","12":"taxable","13":"shipping-taxable","14":"purchasable","15":"product-type-simple"},"_links":{"self":[{"href":"https:\/\/products.pap.com.vn\/index.php?rest_route=\/wp\/v2\/product\/22","targetHints":{"allow":["GET"]}}],"collection":[{"href":"https:\/\/products.pap.com.vn\/index.php?rest_route=\/wp\/v2\/product"}],"about":[{"href":"https:\/\/products.pap.com.vn\/index.php?rest_route=\/wp\/v2\/types\/product"}],"replies":[{"embeddable":true,"href":"https:\/\/products.pap.com.vn\/index.php?rest_route=%2Fwp%2Fv2%2Fcomments&post=22"}],"version-history":[{"count":2,"href":"https:\/\/products.pap.com.vn\/index.php?rest_route=\/wp\/v2\/product\/22\/revisions"}],"predecessor-version":[{"id":365,"href":"https:\/\/products.pap.com.vn\/index.php?rest_route=\/wp\/v2\/product\/22\/revisions\/365"}],"wp:featuredmedia":[{"embeddable":true,"href":"https:\/\/products.pap.com.vn\/index.php?rest_route=\/wp\/v2\/media\/377"}],"wp:attachment":[{"href":"https:\/\/products.pap.com.vn\/index.php?rest_route=%2Fwp%2Fv2%2Fmedia&parent=22"}],"wp:term":[{"taxonomy":"product_brand","embeddable":true,"href":"https:\/\/products.pap.com.vn\/index.php?rest_route=%2Fwp%2Fv2%2Fproduct_brand&post=22"},{"taxonomy":"product_cat","embeddable":true,"href":"https:\/\/products.pap.com.vn\/index.php?rest_route=%2Fwp%2Fv2%2Fproduct_cat&post=22"},{"taxonomy":"product_tag","embeddable":true,"href":"https:\/\/products.pap.com.vn\/index.php?rest_route=%2Fwp%2Fv2%2Fproduct_tag&post=22"}],"curies":[{"name":"wp","href":"https:\/\/api.w.org\/{rel}","templated":true}]}}