{"id":24,"date":"2026-03-22T05:58:19","date_gmt":"2026-03-22T05:58:19","guid":{"rendered":"https:\/\/products.pap.com.vn\/?post_type=product&#038;p=24"},"modified":"2026-04-01T10:12:50","modified_gmt":"2026-04-01T10:12:50","slug":"ban-mat-2-cua-1m5-finocool","status":"publish","type":"product","link":"https:\/\/products.pap.com.vn\/?product=ban-mat-2-cua-1m5-finocool","title":{"rendered":"B\u00e0n m\u00e1t 2 c\u1eeda tr\u01b0\u1edbc 1m5 FinoCool FN-UC1500"},"content":{"rendered":"<p>B\u00e0n m\u00e1t 2 c\u1eeda tr\u01b0\u1edbc 1m5 FinoCool FN-UC1500 l\u00e0 s\u1ea3n ph\u1ea9m \u0111\u01b0\u1ee3c OEM theo y\u00eau c\u1ea7u P.A.P, s\u1ea3n ph\u1ea9m l\u00e0 s\u1ef1 t\u00e2m huy\u1ebft c\u1ee7a ch\u00fang t\u00f4i v\u1ec1 m\u1ed9t s\u1ea3n ph\u1ea9m k\u1ebft h\u1ee3p\u00a0t\u1ed1i \u01b0u gi\u1eefa ch\u1ea5t l\u01b0\u1ee3ng v\u1eadn h\u00e0nh, \u0111\u1ed9 b\u1ec1n thi\u1ebft b\u1ecb v\u00e0 chi ph\u00ed \u0111\u1ea7u t\u01b0 h\u1ee3p l\u00fd. FinoCool FN-UC1500 \u0111\u01b0\u1ee3c \u0111\u1ecbnh h\u01b0\u1edbng tr\u1edf th\u00e0nh gi\u1ea3i ph\u00e1p hi\u1ec7u qu\u1ea3 cho c\u00e1c m\u00f4 h\u00ecnh kinh doanh nh\u01b0 nh\u00e0 h\u00e0ng, qu\u00e1n \u0103n, qu\u1ea7y bar hay b\u1ebfp trung t\u00e2m, n\u01a1i y\u00eau c\u1ea7u thi\u1ebft b\u1ecb ho\u1ea1t \u0111\u1ed9ng \u1ed5n \u0111\u1ecbnh nh\u01b0ng v\u1eabn \u0111\u1ea3m b\u1ea3o t\u00ednh kinh t\u1ebf trong d\u00e0i h\u1ea1n.<\/p>\n<h1>1.\u00a0 Th\u00f4ng s\u1ed1 k\u1ef9 thu\u1eadt b\u00e0n m\u00e1t 2 c\u1eeda tr\u01b0\u1edbc 1m5 Finocool FN-UC1500<\/h1>\n<table>\n<thead>\n<tr>\n<th><strong>Th\u00f4ng s\u1ed1<\/strong><\/th>\n<th><strong>Chi ti\u1ebft<\/strong><\/th>\n<\/tr>\n<\/thead>\n<tbody>\n<tr>\n<td><strong>Model<\/strong><\/td>\n<td>FN-UC1500<\/td>\n<\/tr>\n<tr>\n<td><strong>K\u00edch th\u01b0\u1edbc (mm)<\/strong><\/td>\n<td>1500 x 700 x 850<\/td>\n<\/tr>\n<tr>\n<td><strong>\u0110i\u1ec7n \u00e1p (V\/Hz)<\/strong><\/td>\n<td>220 ~ 50<\/td>\n<\/tr>\n<tr>\n<td><strong>C\u00f4ng su\u1ea5t (W)<\/strong><\/td>\n<td>260<\/td>\n<\/tr>\n<tr>\n<td><strong>Dung t\u00edch (L)<\/strong><\/td>\n<td>340<\/td>\n<\/tr>\n<tr>\n<td><strong>Nhi\u1ec7t \u0111\u1ed9 (\u00b0C)<\/strong><\/td>\n<td>2 ~ 10<\/td>\n<\/tr>\n<tr>\n<td><strong>X\u1ea3 \u0111\u00e1<\/strong><\/td>\n<td>T\u1ef1 \u0111\u1ed9ng<\/td>\n<\/tr>\n<tr>\n<td><strong>S\u1ed1 c\u1eeda<\/strong><\/td>\n<td>2<\/td>\n<\/tr>\n<tr>\n<td><strong>M\u00e1y n\u00e9n<\/strong><\/td>\n<td>Embraco<\/td>\n<\/tr>\n<tr>\n<td><strong>B\u1ed9 \u0111i\u1ec1u khi\u1ec3n<\/strong><\/td>\n<td>Dixell<\/td>\n<\/tr>\n<tr>\n<td><strong>M\u00f4i ch\u1ea5t l\u1ea1nh<\/strong><\/td>\n<td>R290<\/td>\n<\/tr>\n<\/tbody>\n<\/table>\n<p><a href=\"http:\/\/products.pap.com.vn\">T\u00ecm hi\u1ec3u th\u00eam c\u00e1c s\u1ea3n ph\u1ea9m ch\u00fang t\u00f4i t\u1ea1i \u0111\u00e2y<\/a><\/p>\n<p><!--more--><\/p>\n<h2>2. C\u00f4ng n\u0103ng c\u1ee7a b\u00e0n m\u00e1t b\u00e0n m\u00e1t 2 c\u1eeda tr\u01b0\u1edbc 1m5 Finocool FN-UC1500<\/h2>\n<pre data-section-id=\"1086yhr\" data-start=\"207\" data-end=\"255\">\u00a0B\u1ea3o qu\u1ea3n th\u1ef1c ph\u1ea9m \u1edf nhi\u1ec7t \u0111\u1ed9 m\u00e1t \u1ed5n \u0111\u1ecbnh<\/pre>\n<p data-start=\"257\" data-end=\"530\">B\u00e0n m\u00e1t 2 c\u1eeda tr\u01b0\u1edbc FinoCool \u0111\u01b0\u1ee3c thi\u1ebft k\u1ebf \u0111\u1ec3 duy tr\u00ec d\u1ea3i nhi\u1ec7t \u0111\u1ed9 m\u00e1t ph\u00f9 h\u1ee3p cho nhi\u1ec1u lo\u1ea1i th\u1ef1c ph\u1ea9m nh\u01b0 rau c\u1ee7, th\u1ecbt c\u00e1, topping ho\u1eb7c nguy\u00ean li\u1ec7u pha ch\u1ebf. Nhi\u1ec7t \u0111\u1ed9 \u0111\u01b0\u1ee3c ki\u1ec3m so\u00e1t \u1ed5n \u0111\u1ecbnh gi\u00fap h\u1ea1n ch\u1ebf s\u1ef1 ph\u00e1t tri\u1ec3n c\u1ee7a vi khu\u1ea9n v\u00e0 gi\u1eef th\u1ef1c ph\u1ea9m t\u01b0\u01a1i ngon trong su\u1ed1t th\u1eddi gian s\u1eed d\u1ee5ng.<\/p>\n<p data-start=\"532\" data-end=\"707\">H\u1ec7 th\u1ed1ng l\u00e0m l\u1ea1nh b\u1eb1ng qu\u1ea1t gi\u00fap ph\u00e2n b\u1ed5 h\u01a1i l\u1ea1nh \u0111\u1ed3ng \u0111\u1ec1u trong to\u00e0n b\u1ed9 khoang ch\u1ee9a, \u0111\u1ea3m b\u1ea3o hi\u1ec7u qu\u1ea3 b\u1ea3o qu\u1ea3n \u0111\u1ed3ng nh\u1ea5t \u1edf m\u1ecdi v\u1ecb tr\u00ed.<\/p>\n<pre data-section-id=\"1l8zrh9\" data-start=\"714\" data-end=\"773\">T\u1ed1i \u01b0u kh\u00f4ng gian l\u00e0m vi\u1ec7c trong b\u1ebfp v\u00e0 qu\u1ea7y pha ch\u1ebf<\/pre>\n<p data-start=\"775\" data-end=\"964\">B\u00e0n m\u00e1t 1m5 FinoCool l\u00e0 thi\u1ebft b\u1ecb k\u1ebft h\u1ee3p gi\u1eefa <span style=\"text-decoration: underline;\">khu v\u1ef1c b\u1ea3o qu\u1ea3n l\u1ea1nh v\u00e0 m\u1eb7t b\u00e0n thao t\u00e1c,<\/span> gi\u00fap ti\u1ebft ki\u1ec7m di\u1ec7n t\u00edch v\u00e0 n\u00e2ng cao hi\u1ec7u su\u1ea5t l\u00e0m vi\u1ec7c trong kh\u00f4ng gian b\u1ebfp c\u00f4ng nghi\u1ec7p ho\u1eb7c qu\u1ea7y bar.<\/p>\n<p data-start=\"966\" data-end=\"1071\">Thi\u1ebft k\u1ebf d\u1ea1ng b\u00e0n th\u1ea5p (undercounter) cho ph\u00e9p l\u1eafp \u0111\u1eb7t linh ho\u1ea1t d\u01b0\u1edbi qu\u1ea7y ho\u1eb7c s\u00e1t t\u01b0\u1eddng, ph\u00f9 h\u1ee3p v\u1edbi:<\/p>\n<ul data-start=\"1072\" data-end=\"1153\">\n<li data-section-id=\"a01bdb\" data-start=\"1072\" data-end=\"1084\">Nh\u00e0 h\u00e0ng<\/li>\n<li data-section-id=\"1ia15hi\" data-start=\"1085\" data-end=\"1110\">Qu\u00e1n c\u00e0 ph\u00ea \/ tr\u00e0 s\u1eefa<\/li>\n<li data-section-id=\"1b8c4jo\" data-start=\"1111\" data-end=\"1128\">B\u1ebfp trung t\u00e2m<\/li>\n<li data-section-id=\"1xychnu\" data-start=\"1129\" data-end=\"1153\">Khu s\u01a1 ch\u1ebf th\u1ef1c ph\u1ea9m<\/li>\n<\/ul>\n<p data-start=\"1155\" data-end=\"1298\">Vi\u1ec7c t\u00edch h\u1ee3p nhi\u1ec1u ch\u1ee9c n\u0103ng trong m\u1ed9t thi\u1ebft b\u1ecb gi\u00fap t\u1ed1i \u01b0u h\u00f3a b\u1ed1 tr\u00ed m\u1eb7t b\u1eb1ng v\u00e0 quy tr\u00ecnh v\u1eadn h\u00e0nh.<\/p>\n<pre data-section-id=\"ysx734\" data-start=\"1305\" data-end=\"1361\">\u00a0H\u1ed7 tr\u1ee3 s\u01a1 ch\u1ebf v\u00e0 chu\u1ea9n b\u1ecb nguy\u00ean li\u1ec7u nhanh ch\u00f3ng<\/pre>\n<p data-start=\"1363\" data-end=\"1456\">M\u1eb7t b\u00e0n inox ph\u00eda tr\u00ean \u0111\u01b0\u1ee3c s\u1eed d\u1ee5ng nh\u01b0 m\u1ed9t khu v\u1ef1c thao t\u00e1c tr\u1ef1c ti\u1ebfp, cho ph\u00e9p nh\u00e2n vi\u00ean:<\/p>\n<ul data-start=\"1457\" data-end=\"1537\">\n<li data-section-id=\"tdnbzw\" data-start=\"1457\" data-end=\"1477\">S\u01a1 ch\u1ebf th\u1ef1c ph\u1ea9m<\/li>\n<li data-section-id=\"z0mvu6\" data-start=\"1478\" data-end=\"1502\">Chu\u1ea9n b\u1ecb nguy\u00ean li\u1ec7u<\/li>\n<li data-section-id=\"tolcza\" data-start=\"1503\" data-end=\"1537\">B\u00e0y tr\u00ed \u0111\u1ed3 u\u1ed1ng ho\u1eb7c th\u1ef1c ph\u1ea9m<\/li>\n<\/ul>\n<p data-start=\"1539\" data-end=\"1687\">Vi\u1ec7c \u0111\u1eb7t nguy\u00ean li\u1ec7u ngay d\u01b0\u1edbi khu v\u1ef1c l\u00e0m vi\u1ec7c gi\u00fap gi\u1ea3m th\u1eddi gian di chuy\u1ec3n, t\u0103ng t\u1ed1c \u0111\u1ed9 ph\u1ee5c v\u1ee5 v\u00e0 n\u00e2ng cao hi\u1ec7u qu\u1ea3 v\u1eadn h\u00e0nh trong gi\u1edd cao \u0111i\u1ec3m.<\/p>\n<pre data-section-id=\"1nbw0qg\" data-start=\"1694\" data-end=\"1737\">\u00a0\u0110\u1ea3m b\u1ea3o v\u1ec7 sinh v\u00e0 an to\u00e0n th\u1ef1c ph\u1ea9m<\/pre>\n<p data-start=\"1739\" data-end=\"1863\">B\u00e0n m\u00e1t Fino \u0111\u01b0\u1ee3c ch\u1ebf t\u1ea1o t\u1eeb v\u1eadt li\u1ec7u inox b\u1ec1n b\u1ec9, d\u1ec5 v\u1ec7 sinh v\u00e0 \u0111\u00e1p \u1ee9ng y\u00eau c\u1ea7u v\u1ec7 sinh trong m\u00f4i tr\u01b0\u1eddng b\u1ebfp c\u00f4ng nghi\u1ec7p.<\/p>\n<p data-start=\"1865\" data-end=\"2043\">Ngo\u00e0i ra, h\u1ec7 th\u1ed1ng x\u1ea3 \u0111\u00e1 t\u1ef1 \u0111\u1ed9ng gi\u00fap h\u1ea1n ch\u1ebf t\u00ecnh tr\u1ea1ng \u0111\u00f3ng tuy\u1ebft, duy tr\u00ec hi\u1ec7u su\u1ea5t l\u00e0m l\u1ea1nh \u1ed5n \u0111\u1ecbnh v\u00e0 gi\u1ea3m c\u00f4ng t\u00e1c b\u1ea3o tr\u00ec th\u1ee7 c\u00f4ng.<\/p>\n<h3 data-start=\"1865\" data-end=\"2043\">3. T\u1ea1i sao n\u00ean ch\u1ecdn Thi\u1ebft b\u1ecb l\u1ea1nh c\u00f4ng nghi\u1ec7p v\u00e0 thi\u1ebft b\u1ecb b\u1ebfp c\u00f4ng nghi\u1ec7p t\u1ea1i P.A.P<\/h3>\n<p data-section-id=\"18i81cd\" data-start=\"391\" data-end=\"458\"><span style=\"text-decoration: underline;\"><strong>Kinh nghi\u1ec7m th\u1ef1c t\u1ebf nhi\u1ec1u n\u0103m trong l\u0129nh v\u1ef1c b\u1ebfp c\u00f4ng nghi\u1ec7p<\/strong><\/span><\/p>\n<p data-start=\"460\" data-end=\"708\">P.A.P l\u00e0 \u0111\u01a1n v\u1ecb ho\u1ea1t \u0111\u1ed9ng l\u00e2u n\u0103m trong ng\u00e0nh thi\u1ebft b\u1ecb b\u1ebfp v\u00e0 gi\u1eb7t c\u00f4ng nghi\u1ec7p, v\u1edbi \u0111\u1ed9i ng\u0169 k\u1ef9 thu\u1eadt c\u00f3 tay ngh\u1ec1 v\u00e0 kinh nghi\u1ec7m tri\u1ec3n khai \u0111a d\u1ea1ng m\u00f4 h\u00ecnh t\u1eeb nh\u00e0 h\u00e0ng, kh\u00e1ch s\u1ea1n \u0111\u1ebfn khu b\u1ebfp t\u1eadp th\u1ec3 v\u00e0 resort.<\/p>\n<p data-start=\"710\" data-end=\"772\">Vi\u1ec7c t\u00edch l\u0169y kinh nghi\u1ec7m qua nhi\u1ec1u d\u1ef1 \u00e1n gi\u00fap doanh nghi\u1ec7p:<\/p>\n<ul data-start=\"773\" data-end=\"941\">\n<li data-section-id=\"h8gyap\" data-start=\"773\" data-end=\"830\">Hi\u1ec3u r\u00f5 nhu c\u1ea7u v\u1eadn h\u00e0nh th\u1ef1c t\u1ebf c\u1ee7a t\u1eebng m\u00f4 h\u00ecnh b\u1ebfp<\/li>\n<li data-section-id=\"90z4s6\" data-start=\"831\" data-end=\"887\">T\u01b0 v\u1ea5n thi\u1ebft b\u1ecb \u0111\u00fang c\u00f4ng n\u0103ng, tr\u00e1nh \u0111\u1ea7u t\u01b0 d\u01b0 th\u1eeba<\/li>\n<li data-section-id=\"6bgsk8\" data-start=\"888\" data-end=\"941\">\u0110\u1ea3m b\u1ea3o t\u00ednh \u0111\u1ed3ng b\u1ed9 v\u00e0 hi\u1ec7u qu\u1ea3 v\u1eadn h\u00e0nh l\u00e2u d\u00e0i<\/li>\n<\/ul>\n<p data-start=\"943\" data-end=\"1057\">\u0110\u00e2y l\u00e0 y\u1ebfu t\u1ed1 quan tr\u1ecdng \u0111\u1ed1i v\u1edbi c\u00e1c d\u1ef1 \u00e1n b\u1ebfp c\u00f4ng nghi\u1ec7p, n\u01a1i thi\u1ebft b\u1ecb ph\u1ea3i ho\u1ea1t \u0111\u1ed9ng li\u00ean t\u1ee5c v\u1edbi c\u01b0\u1eddng \u0111\u1ed9 cao.<\/p>\n<h3 data-section-id=\"mg2l0\" data-start=\"1064\" data-end=\"1135\">Ch\u00ednh s\u00e1ch b\u1ea3o h\u00e0nh b\u1ea3o tr\u00ec r\u00f5 r\u00e0ng<\/h3>\n<p><a href=\"https:\/\/pap.com.vn\/chinh-sach-bao-hanh-hau-mai\/\" target=\"_blank\" rel=\"noopener\">Tham kh\u1ea3o chi ti\u1ebft ch\u00ednh s\u00e1ch b\u1ea3o h\u00e0nh b\u1ea3o tr\u00ec thi\u1ebft b\u1ecb t\u1ea1i \u0111\u00e2y<\/a><\/p>\n<p><img fetchpriority=\"high\" decoding=\"async\" class=\"wp-image-307 size-large aligncenter\" src=\"https:\/\/products.pap.com.vn\/wp-content\/uploads\/2026\/03\/fino-1024x724.jpg\" alt=\"B\u00e0n m\u00e1t 2 c\u1eeda tr\u01b0\u1edbc 1m5 FinoCool FN-UC1500\" width=\"800\" height=\"566\" srcset=\"https:\/\/products.pap.com.vn\/wp-content\/uploads\/2026\/03\/fino-1024x724.jpg 1024w, https:\/\/products.pap.com.vn\/wp-content\/uploads\/2026\/03\/fino-300x212.jpg 300w, https:\/\/products.pap.com.vn\/wp-content\/uploads\/2026\/03\/fino-768x543.jpg 768w, https:\/\/products.pap.com.vn\/wp-content\/uploads\/2026\/03\/fino-1536x1086.jpg 1536w, https:\/\/products.pap.com.vn\/wp-content\/uploads\/2026\/03\/fino-2048x1448.jpg 2048w, https:\/\/products.pap.com.vn\/wp-content\/uploads\/2026\/03\/fino-600x424.jpg 600w\" sizes=\"(max-width: 800px) 100vw, 800px\" \/><\/p>\n","protected":false},"excerpt":{"rendered":"<p>B\u00e0n m\u00e1t 2 c\u1eeda tr\u01b0\u1edbc 1m5 FinoCool FN-UC1500:<\/p>\n<ul>\n<li>M\u00e1y n\u00e9n Embraco \u0111\u1ebfn t\u1eeb Brazil<\/li>\n<li>B\u1ed9 \u0111i\u1ec1u khi\u1ec3n Dixell \u0111\u1ebfn t\u1eeb Italy<\/li>\n<li>Inox 201<\/li>\n<li>K\u00edch th\u01b0\u1edbc: 1500x700x850 mm<\/li>\n<li>Xu\u1ea5t x\u1ee9: Trung Qu\u1ed1c<\/li>\n<li>B\u1ea3o h\u00e0nh 24 th\u00e1ng<\/li>\n<\/ul>\n","protected":false},"featured_media":353,"comment_status":"open","ping_status":"closed","template":"","meta":[],"product_brand":[24],"product_cat":[17,75],"product_tag":[],"class_list":{"0":"post-24","1":"product","2":"type-product","3":"status-publish","4":"has-post-thumbnail","6":"product_brand-finocool","7":"product_cat-thiet-bi-bep","8":"product_cat-thiet-bi-lanh","10":"first","11":"instock","12":"taxable","13":"shipping-taxable","14":"purchasable","15":"product-type-simple"},"_links":{"self":[{"href":"https:\/\/products.pap.com.vn\/index.php?rest_route=\/wp\/v2\/product\/24","targetHints":{"allow":["GET"]}}],"collection":[{"href":"https:\/\/products.pap.com.vn\/index.php?rest_route=\/wp\/v2\/product"}],"about":[{"href":"https:\/\/products.pap.com.vn\/index.php?rest_route=\/wp\/v2\/types\/product"}],"replies":[{"embeddable":true,"href":"https:\/\/products.pap.com.vn\/index.php?rest_route=%2Fwp%2Fv2%2Fcomments&post=24"}],"version-history":[{"count":1,"href":"https:\/\/products.pap.com.vn\/index.php?rest_route=\/wp\/v2\/product\/24\/revisions"}],"predecessor-version":[{"id":317,"href":"https:\/\/products.pap.com.vn\/index.php?rest_route=\/wp\/v2\/product\/24\/revisions\/317"}],"wp:featuredmedia":[{"embeddable":true,"href":"https:\/\/products.pap.com.vn\/index.php?rest_route=\/wp\/v2\/media\/353"}],"wp:attachment":[{"href":"https:\/\/products.pap.com.vn\/index.php?rest_route=%2Fwp%2Fv2%2Fmedia&parent=24"}],"wp:term":[{"taxonomy":"product_brand","embeddable":true,"href":"https:\/\/products.pap.com.vn\/index.php?rest_route=%2Fwp%2Fv2%2Fproduct_brand&post=24"},{"taxonomy":"product_cat","embeddable":true,"href":"https:\/\/products.pap.com.vn\/index.php?rest_route=%2Fwp%2Fv2%2Fproduct_cat&post=24"},{"taxonomy":"product_tag","embeddable":true,"href":"https:\/\/products.pap.com.vn\/index.php?rest_route=%2Fwp%2Fv2%2Fproduct_tag&post=24"}],"curies":[{"name":"wp","href":"https:\/\/api.w.org\/{rel}","templated":true}]}}