{"id":25,"date":"2026-03-22T06:03:19","date_gmt":"2026-03-22T06:03:19","guid":{"rendered":"https:\/\/products.pap.com.vn\/?post_type=product&#038;p=25"},"modified":"2026-04-09T07:30:23","modified_gmt":"2026-04-09T07:30:23","slug":"may-lam-da-under-counter","status":"publish","type":"product","link":"https:\/\/products.pap.com.vn\/?product=may-lam-da-under-counter","title":{"rendered":"M\u00e1y l\u00e0m \u0111\u00e1 Under Counter Hoshizaki IM-30CA"},"content":{"rendered":"<p><span class=\"hover:entity-accent entity-underline inline cursor-pointer align-baseline\"><span class=\"whitespace-normal\">M\u00e1y l\u00e0m \u0111\u00e1 Under Counter Hoshizaki IM-30CA &#8211; Hoshizaki<\/span><\/span> \u0111\u01b0\u1ee3c \u0111\u00e1nh gi\u00e1 cao nh\u1edd \u0111\u1ed9 b\u1ec1n, hi\u1ec7u su\u1ea5t \u1ed5n \u0111\u1ecbnh v\u00e0 c\u00f4ng ngh\u1ec7 l\u00e0m \u0111\u00e1 ti\u00ean ti\u1ebfn. M\u1ed9t trong nh\u1eefng model ph\u1ed5 bi\u1ebfn cho m\u00f4 h\u00ecnh qu\u1ea7y bar v\u00e0 caf\u00e9 nh\u1ecf l\u00e0 d\u00f2ng m\u00e1y l\u00e0m \u0111\u00e1 Undercounter d\u00f2ng IM-30CA \u0111\u1ebfn t\u1eeb h\u00e3ng. P.A.P xin \u0111\u01b0\u1ee3c cung c\u1ea5p c\u00e1c th\u00f4ng tin v\u1ec1 s\u1ea3n ph\u1ea9m \u0111\u1ebfn qu\u00fd kh\u00e1ch h\u00e0ng nh\u01b0 sau:<\/p>\n<h1>1. T\u1ed5ng quan v\u00e0 n\u0103ng su\u1ea5t c\u1ee7a m\u00e1y l\u00e0m \u0111\u00e1 undercounter Hoshizaki IM-30CA:<\/h1>\n<p data-start=\"740\" data-end=\"921\"><strong data-start=\"740\" data-end=\"772\">M\u00e1y l\u00e0m \u0111\u00e1 Hoshizaki IM-30CA<\/strong> l\u00e0 d\u00f2ng m\u00e1y l\u00e0m \u0111\u00e1 vi\u00ean t\u1ef1 \u0111\u1ed9ng, thi\u1ebft k\u1ebf nh\u1ecf g\u1ecdn \u0111\u1eb7t d\u01b0\u1edbi qu\u1ea7y (Under Counter), ph\u00f9 h\u1ee3p v\u1edbi c\u00e1c m\u00f4 h\u00ecnh kinh doanh \u0111\u1ed3 u\u1ed1ng c\u00f3 nhu c\u1ea7u \u0111\u00e1 trung b\u00ecnh.<\/p>\n<p data-start=\"923\" data-end=\"1092\">Thi\u1ebft b\u1ecb \u0111\u01b0\u1ee3c s\u1ea3n xu\u1ea5t theo c\u00f4ng ngh\u1ec7 Nh\u1eadt B\u1ea3n, v\u1edbi kh\u1ea3 n\u0103ng v\u1eadn h\u00e0nh \u1ed5n \u0111\u1ecbnh, t\u1ea1o ra \u0111\u00e1 vi\u00ean \u0111\u1ed3ng \u0111\u1ec1u v\u00e0 \u0111\u1ea1t ti\u00eau chu\u1ea9n v\u1ec7 sinh.<\/p>\n<table border=\"1\">\n<tbody>\n<tr>\n<td>T\u00ean s\u1ea3n ph\u1ea9m<\/td>\n<td>M\u00e1y l\u00e0m \u0111\u00e1 vi\u00ean<\/td>\n<\/tr>\n<tr>\n<td>Model<\/td>\n<td>IM-30CA<\/td>\n<\/tr>\n<tr>\n<td>Th\u01b0\u01a1ng hi\u1ec7u<\/td>\n<td>Hoshizaki\/ Japan<\/td>\n<\/tr>\n<tr>\n<td>K\u00edch th\u01b0\u1edbc \u0111\u00e1<\/td>\n<td>28x28x32mm<\/td>\n<\/tr>\n<tr>\n<td>K\u00edch th\u01b0\u1edbc thi\u1ebft b\u1ecb<\/td>\n<td>398 x 510 x 827mm<\/td>\n<\/tr>\n<tr>\n<td>C\u00f4ng su\u1ea5t<\/td>\n<td>250W<\/td>\n<\/tr>\n<tr>\n<td>Ch\u00e2n m\u00e1y<\/td>\n<td>90-120mm<\/td>\n<\/tr>\n<tr>\n<td>M\u00f4i ch\u1ea5t l\u00e0m l\u1ea1nh<\/td>\n<td>R134a<\/td>\n<\/tr>\n<tr>\n<td>Nhi\u1ec7t \u0111\u1ed9 m\u00f4i tr\u01b0\u1eddng<\/td>\n<td>1\u00baC ~40\u00baC<\/td>\n<\/tr>\n<tr>\n<td>Tr\u1ecdng l\u01b0\u1ee3ng thi\u1ebft b\u1ecb<\/td>\n<td>39kg<\/td>\n<\/tr>\n<tr>\n<td>Xu\u1ea5t x\u1ee9<\/td>\n<td>Hoshizaki\/ China<\/td>\n<\/tr>\n<tr>\n<td>B\u1ea3o h\u00e0nh<\/td>\n<td>12 th\u00e1ng<\/td>\n<\/tr>\n<\/tbody>\n<\/table>\n<h2>Shape \u0111\u00e1 c\u1ee7a d\u00f2ng s\u1ea3n ph\u1ea9m IM c\u1ee7a Hoshizaki &#8211; m\u00e1y l\u00e0m \u0111\u00e1 Under Counter Hoshizaki IM-30CA<\/h2>\n<h2><img fetchpriority=\"high\" decoding=\"async\" class=\"aligncenter\" src=\"https:\/\/cdn.webshopapp.com\/shops\/39758\/files\/429435800\/900x900x2\/hoshizaki-ice-cube-machine-im-21cne-hc-25kg-24h-11.jpg\" alt=\"M\u00e1y l\u00e0m \u0111\u00e1 Under Counter Hoshizaki IM-30CA\" width=\"653\" height=\"653\" \/><\/h2>\n<p>\u0110\u00e1 c\u1ee7a m\u00e1y l\u00e0m \u0111\u00e1 Hoshizaki IM-30CA l\u00e0 \u0111\u00e1 cube ice v\u1edbi k\u00edch th\u01b0\u1edbc 28 x 28 x 32 mm, ph\u00f9 h\u1ee3p v\u1edbi nhi\u1ec1u th\u1ee9c u\u1ed1ng<\/p>\n<h2>2. \u01afu \u0111i\u1ec3m c\u1ee7a m\u00e1y l\u00e0m \u0111\u00e1 Under Counter Hoshizaki IM-30CA<\/h2>\n<div class=\"flex flex-col text-sm pb-25\">\n<section class=\"text-token-text-primary w-full focus:outline-none [--shadow-height:45px] has-data-writing-block:pointer-events-none has-data-writing-block:-mt-(--shadow-height) has-data-writing-block:pt-(--shadow-height) [&amp;:has([data-writing-block])&gt;*]:pointer-events-auto scroll-mt-[calc(var(--header-height)+min(200px,max(70px,20svh)))]\" dir=\"auto\" data-turn-id=\"request-WEB:88ee12fd-4c42-4435-9209-9c5519c0c638-3\" data-testid=\"conversation-turn-4\" data-scroll-anchor=\"true\" data-turn=\"assistant\">\n<div class=\"text-base my-auto mx-auto pb-10 [--thread-content-margin:var(--thread-content-margin-xs,calc(var(--spacing)*4))] @w-sm\/main:[--thread-content-margin:var(--thread-content-margin-sm,calc(var(--spacing)*6))] @w-lg\/main:[--thread-content-margin:var(--thread-content-margin-lg,calc(var(--spacing)*16))] px-(--thread-content-margin)\">\n<div class=\"[--thread-content-max-width:40rem] @w-lg\/main:[--thread-content-max-width:48rem] mx-auto max-w-(--thread-content-max-width) flex-1 group\/turn-messages focus-visible:outline-hidden relative flex w-full min-w-0 flex-col agent-turn\">\n<div class=\"flex max-w-full flex-col gap-4 grow\">\n<div class=\"min-h-8 text-message relative flex w-full flex-col items-end gap-2 text-start break-words whitespace-normal outline-none keyboard-focused:focus-ring [.text-message+&amp;]:mt-1\" dir=\"auto\" tabindex=\"0\" data-message-author-role=\"assistant\" data-message-id=\"851076d2-4bf8-4fc1-810c-b77135edab61\" data-message-model-slug=\"gpt-5-3\" data-turn-start-message=\"true\">\n<div class=\"flex w-full flex-col gap-1 empty:hidden\">\n<div class=\"markdown prose dark:prose-invert w-full wrap-break-word dark markdown-new-styling\">\n<p data-start=\"41\" data-end=\"241\">D\u00f2ng m\u00e1y n\u00e0y \u0111\u01b0\u1ee3c thi\u1ebft k\u1ebf theo d\u1ea1ng <strong data-start=\"78\" data-end=\"94\">undercounter<\/strong>, t\u1ee9c l\u00e0 c\u00f3 th\u1ec3 l\u1eafp \u0111\u1eb7t tr\u1ef1c ti\u1ebfp d\u01b0\u1edbi qu\u1ea7y bar ho\u1eb7c khu v\u1ef1c pha ch\u1ebf, gi\u00fap t\u1ed1i \u01b0u h\u00f3a kh\u00f4ng gian s\u1eed d\u1ee5ng trong c\u00e1c m\u00f4 h\u00ecnh kinh doanh F&amp;B hi\u1ec7n \u0111\u1ea1i.<\/p>\n<p data-start=\"243\" data-end=\"437\"><strong data-start=\"243\" data-end=\"266\">Ti\u1ebft ki\u1ec7m di\u1ec7n t\u00edch<\/strong><br data-start=\"266\" data-end=\"269\" \/>V\u1edbi k\u00edch th\u01b0\u1edbc nh\u1ecf g\u1ecdn, m\u00e1y d\u1ec5 d\u00e0ng b\u1ed1 tr\u00ed trong c\u00e1c kh\u00f4ng gian h\u1ea1n ch\u1ebf m\u00e0 v\u1eabn \u0111\u1ea3m b\u1ea3o hi\u1ec7u su\u1ea5t l\u00e0m vi\u1ec7c \u1ed5n \u0111\u1ecbnh, gi\u00fap doanh nghi\u1ec7p t\u1eadn d\u1ee5ng t\u1ed1i \u0111a di\u1ec7n t\u00edch m\u1eb7t b\u1eb1ng.<\/p>\n<p data-start=\"439\" data-end=\"632\"><strong data-start=\"439\" data-end=\"460\">L\u1eafp \u0111\u1eb7t linh ho\u1ea1t<\/strong><br data-start=\"460\" data-end=\"463\" \/>Thi\u1ebft k\u1ebf undercounter cho ph\u00e9p \u0111\u1eb7t m\u00e1y t\u1ea1i nhi\u1ec1u v\u1ecb tr\u00ed kh\u00e1c nhau nh\u01b0 d\u01b0\u1edbi qu\u1ea7y bar, qu\u1ea7y pha ch\u1ebf ho\u1eb7c khu b\u1ebfp, thu\u1eadn ti\u1ec7n cho vi\u1ec7c k\u1ebft n\u1ed1i ngu\u1ed3n \u0111i\u1ec7n v\u00e0 c\u1ea5p tho\u00e1t n\u01b0\u1edbc.<\/p>\n<p data-start=\"634\" data-end=\"843\"><strong data-start=\"634\" data-end=\"660\">Ph\u00f9 h\u1ee3p kh\u00f4ng gian nh\u1ecf<\/strong><br data-start=\"660\" data-end=\"663\" \/>\u0110\u00e2y l\u00e0 l\u1ef1a ch\u1ecdn ph\u00f9 h\u1ee3p cho qu\u00e1n c\u00e0 ph\u00ea, tr\u00e0 s\u1eefa, qu\u1ea7y bar mini ho\u1eb7c nh\u00e0 h\u00e0ng c\u00f3 quy m\u00f4 v\u1eeba v\u00e0 nh\u1ecf, n\u01a1i y\u00eau c\u1ea7u thi\u1ebft b\u1ecb g\u1ecdn nh\u1eb9 nh\u01b0ng v\u1eabn \u0111\u00e1p \u1ee9ng nhu c\u1ea7u s\u1eed d\u1ee5ng \u0111\u00e1 vi\u00ean li\u00ean t\u1ee5c.<\/p>\n<p data-start=\"845\" data-end=\"1041\" data-is-last-node=\"\" data-is-only-node=\"\"><strong data-start=\"845\" data-end=\"879\">T\u0103ng t\u00ednh th\u1ea9m m\u1ef9 cho qu\u1ea7y bar<\/strong><br data-start=\"879\" data-end=\"882\" \/>Vi\u1ec7c \u0111\u1eb7t m\u00e1y \u00e2m d\u01b0\u1edbi qu\u1ea7y gi\u00fap kh\u00f4ng gian l\u00e0m vi\u1ec7c tr\u1edf n\u00ean g\u1ecdn g\u00e0ng, chuy\u00ean nghi\u1ec7p v\u00e0 \u0111\u1ed3ng b\u1ed9 h\u01a1n, g\u00f3p ph\u1ea7n n\u00e2ng cao h\u00ecnh \u1ea3nh th\u01b0\u01a1ng hi\u1ec7u trong m\u1eaft kh\u00e1ch h\u00e0ng.<\/p>\n<p data-start=\"845\" data-end=\"1041\" data-is-last-node=\"\" data-is-only-node=\"\"><img decoding=\"async\" class=\"wp-image-229 size-full aligncenter\" src=\"https:\/\/products.pap.com.vn\/wp-content\/uploads\/2026\/03\/May-lam-da-Under-Counter-Hoshizaki-IM-30CA.jpg\" alt=\"m\u00e1y l\u00e0m \u0111\u00e1 under counter hoshizaki im-30ca\" width=\"625\" height=\"625\" srcset=\"https:\/\/products.pap.com.vn\/wp-content\/uploads\/2026\/03\/May-lam-da-Under-Counter-Hoshizaki-IM-30CA.jpg 625w, https:\/\/products.pap.com.vn\/wp-content\/uploads\/2026\/03\/May-lam-da-Under-Counter-Hoshizaki-IM-30CA-300x300.jpg 300w, https:\/\/products.pap.com.vn\/wp-content\/uploads\/2026\/03\/May-lam-da-Under-Counter-Hoshizaki-IM-30CA-150x150.jpg 150w, https:\/\/products.pap.com.vn\/wp-content\/uploads\/2026\/03\/May-lam-da-Under-Counter-Hoshizaki-IM-30CA-600x600.jpg 600w, https:\/\/products.pap.com.vn\/wp-content\/uploads\/2026\/03\/May-lam-da-Under-Counter-Hoshizaki-IM-30CA-100x100.jpg 100w\" sizes=\"(max-width: 625px) 100vw, 625px\" \/><\/p>\n<h3 data-start=\"845\" data-end=\"1041\">3. So s\u00e1nh m\u00e1y l\u00e0m \u0111\u00e1 Under Counter d\u00f2ng IM-30CA v\u00e0 d\u00f2ng IM-45CNE<\/h3>\n<p>Hai d\u00f2ng s\u1ea3n ph\u1ea9m \u0111\u1ec1u l\u00e0 d\u00f2ng Under Counter nh\u01b0ng d\u00f2ng IM-45CNE l\u1ea1i c\u00f3 c\u00f4ng su\u1ea5t \u0111\u00e1 l\u1edbn h\u01a1n b\u00ean c\u1ea1nh \u0111\u00f3 c\u00f4ng ngh\u1ec7 c\u1ee7a d\u00f2ng n\u00e0y \u0111\u01b0\u1ee3c c\u1ea3i ti\u1ebfn h\u01a1n so v\u1edbi d\u00f2ng IM-30CA. P.A.P l\u1eadp b\u1ea3ng so s\u00e1nh \u0111\u1ec3 kh\u00e1ch h\u00e0ng c\u00f3 th\u1ec3 d\u1ec5 d\u00e0ng ph\u00e2n bi\u1ec7t \u0111\u01b0\u1ee3c c\u00f4ng n\u0103ng c\u1ee7a 2 d\u00f2ng n\u00e0y:<\/p>\n<table>\n<thead>\n<tr>\n<th>Thu\u1ed9c t\u00ednh<\/th>\n<th>IM-30CA<\/th>\n<th>IM-45CNE<\/th>\n<\/tr>\n<\/thead>\n<tbody>\n<tr>\n<td>C\u00f4ng su\u1ea5t l\u00e0m \u0111\u00e1<\/td>\n<td>25 \u2013 30 kg\/ng\u00e0y<\/td>\n<td>24 \u2013 28 kg\/ng\u00e0y<\/td>\n<\/tr>\n<tr>\n<td>Dung t\u00edch th\u00f9ng ch\u1ee9a<\/td>\n<td>12 kg<\/td>\n<td>11 \u2013 12 kg<\/td>\n<\/tr>\n<tr>\n<td>C\u00f4ng su\u1ea5t \u0111i\u1ec7n<\/td>\n<td>~250 W<\/td>\n<td>~260 W<\/td>\n<\/tr>\n<tr>\n<td>K\u00edch th\u01b0\u1edbc<\/td>\n<td>398 x 510 x 695 mm<\/td>\n<td>T\u01b0\u01a1ng \u0111\u01b0\u01a1ng<\/td>\n<\/tr>\n<tr>\n<td>Lo\u1ea1i \u0111\u00e1<\/td>\n<td>\u0110\u00e1 vi\u00ean vu\u00f4ng<\/td>\n<td>\u0110\u00e1 vi\u00ean vu\u00f4ng<\/td>\n<\/tr>\n<tr>\n<td>H\u1ec7 th\u1ed1ng l\u00e0m l\u1ea1nh<\/td>\n<td>Air cooled<\/td>\n<td>Air cooled<\/td>\n<\/tr>\n<tr>\n<td>M\u00f4i ch\u1ea5t l\u1ea1nh<\/td>\n<td>R134a<\/td>\n<td>R290 (th\u1ebf h\u1ec7 m\u1edbi)<\/td>\n<\/tr>\n<tr>\n<td>\u0110\u1ed9 \u1ed3n<\/td>\n<td>Th\u1ea5p<\/td>\n<td>Th\u1ea5p h\u01a1n<\/td>\n<\/tr>\n<tr>\n<td>Th\u1ebf h\u1ec7 s\u1ea3n ph\u1ea9m<\/td>\n<td>C\u0169 h\u01a1n<\/td>\n<td>M\u1edbi h\u01a1n<\/td>\n<\/tr>\n<tr>\n<td>Gi\u00e1 \u0111\u1ea7u t\u01b0<\/td>\n<td>Th\u1ea5p h\u01a1n<\/td>\n<td>Cao h\u01a1n<\/td>\n<\/tr>\n<\/tbody>\n<\/table>\n<\/div>\n<\/div>\n<\/div>\n<\/div>\n<\/div>\n<\/div>\n<div class=\"z-0 flex min-h-[46px] justify-start\"><a href=\"http:\/\/products.pap.com.vn\">T\u00ecm hi\u1ec3u th\u00eam v\u1ec1 m\u00e1y l\u00e0m \u0111\u00e1 Hoshizaki IM-45CNE<\/a><\/div>\n<h4>4. Thi\u1ebft b\u1ecb l\u1ea1nh v\u00e0 m\u00e1y l\u00e0m \u0111\u00e1 t\u1ea1i P.A.P<\/h4>\n<p><a href=\"http:\/\/pap.com.vn\" target=\"_blank\" rel=\"noopener\">P.A.P v\u1edbi h\u01a1n 20 n\u0103m kinh nghi\u1ec7m trong ng\u00e0nh thi\u1ebft b\u1ecb b\u1ebfp c\u00f4ng nghi\u1ec7p<\/a> n\u00f3i chung v\u00e0 ng\u00e0nh thi\u1ebft b\u1ecb l\u1ea1nh n\u00f3i ri\u00eang ch\u00fang t\u00f4i cam k\u1ebft mang \u0111\u1ebfn kh\u00e1ch h\u00e0ng nh\u1eefng s\u1ea3n ph\u1ea9m ch\u1ea5t l\u01b0\u1ee3ng v\u00e0 d\u1ecbch v\u1ee5 b\u1ea3o h\u00e0nh b\u1ea3o tr\u00ec chu\u1ea9n ch\u00ednh h\u00e3ng. \u0110\u1ed1i v\u1edbi Hoshizaki ch\u00fang t\u00f4i h\u00e2n h\u1ea1nh \u0111\u01b0\u1ee3c l\u00e0m \u0111\u1ea1i l\u00fd ph\u00e2n ph\u1ed1i c\u00e1c s\u1ea3n ph\u1ea9m ch\u00ednh h\u00e3ng c\u1ee7a h\u1ecd t\u1ea1i th\u1ecb tr\u01b0\u1eddng Vi\u1ec7t Nam.<\/p>\n<ul>\n<li>Linh ki\u1ec7n thay th\u1ebf ch\u00ednh h\u00e3ng<\/li>\n<li>S\u1ea3n ph\u1ea9m ch\u00ednh h\u00e3ng<\/li>\n<li>B\u1ea3o h\u00e0nh 12 th\u00e1ng v\u00e0 b\u1ea3o tr\u00ec tr\u1ecdn \u0111\u1eddi<\/li>\n<\/ul>\n<p>T\u00ecm hi\u1ec3u th\u00eam P.A.P th\u00f4ng qua c\u00e1c k\u00eanh sau:<\/p>\n<p>Facebook: <a href=\"https:\/\/www.facebook.com\/PAPCommercialKitchenSupplier\" target=\"_blank\" rel=\"noopener\">Commercial Kitchen Equipment and stainless steel by PAP<\/a><\/p>\n<p>Pinterest: <a href=\"https:\/\/www.pinterest.com\/PAPKITCHEN2025\/\" target=\"_blank\" rel=\"noopener\">C\u00f4ng Ty TNHH Th\u01b0\u01a1ng M\u1ea1i V\u00e0 D\u1ecbch V\u1ee5 P.A.P<\/a><\/p>\n<\/section>\n<section class=\"text-token-text-primary w-full focus:outline-none [--shadow-height:45px] has-data-writing-block:pointer-events-none has-data-writing-block:-mt-(--shadow-height) has-data-writing-block:pt-(--shadow-height) [&amp;:has([data-writing-block])&gt;*]:pointer-events-auto scroll-mt-[calc(var(--header-height)+min(200px,max(70px,20svh)))]\" dir=\"auto\" data-turn-id=\"request-WEB:88ee12fd-4c42-4435-9209-9c5519c0c638-3\" data-testid=\"conversation-turn-4\" data-scroll-anchor=\"true\" data-turn=\"assistant\">\n<div><\/div>\n<\/section>\n<\/div>\n","protected":false},"excerpt":{"rendered":"<p>M\u00e1y l\u00e0m \u0111\u00e1 Under Counter Hoshizaki IM- 30CA ( Ice Maker Hoshizaki IM- 30CA )\u0111\u01b0\u1ee3c s\u1ea3n xu\u1ea5t t\u1eeb Trung Qu\u1ed1c, c\u00f4ng ngh\u1ec7 \u0111\u1ebfn t\u1eeb Nh\u1eadt B\u1ea3n v\u1edbi kh\u1ea3 n\u0103ng cung c\u1ea5p s\u1ed1 l\u01b0\u1ee3ng \u0111\u00e1 vi\u00ean t\u1eeb 22-25kg\/ng\u00e0y. Ph\u00f9 h\u1ee3p v\u1edbi m\u00f4 h\u00ecnh kinh doanh nh\u1ecf ho\u1eb7c qu\u1ea7y bar. V\u1edbi t\u1ed1c \u0111\u1ed9 nhanh ch\u00f3ng, b\u1ea3ng \u0111i\u1ec1u khi\u1ec3n hi\u1ec3n th\u1ecb ch\u00ednh x\u00e1c.<\/p>\n","protected":false},"featured_media":229,"comment_status":"open","ping_status":"closed","template":"","meta":[],"product_brand":[26],"product_cat":[51,17],"product_tag":[],"class_list":{"0":"post-25","1":"product","2":"type-product","3":"status-publish","4":"has-post-thumbnail","6":"product_brand-hoshizaki","7":"product_cat-may-lam-da","8":"product_cat-thiet-bi-bep","10":"first","11":"instock","12":"taxable","13":"shipping-taxable","14":"purchasable","15":"product-type-simple"},"_links":{"self":[{"href":"https:\/\/products.pap.com.vn\/index.php?rest_route=\/wp\/v2\/product\/25","targetHints":{"allow":["GET"]}}],"collection":[{"href":"https:\/\/products.pap.com.vn\/index.php?rest_route=\/wp\/v2\/product"}],"about":[{"href":"https:\/\/products.pap.com.vn\/index.php?rest_route=\/wp\/v2\/types\/product"}],"replies":[{"embeddable":true,"href":"https:\/\/products.pap.com.vn\/index.php?rest_route=%2Fwp%2Fv2%2Fcomments&post=25"}],"version-history":[{"count":2,"href":"https:\/\/products.pap.com.vn\/index.php?rest_route=\/wp\/v2\/product\/25\/revisions"}],"predecessor-version":[{"id":1077,"href":"https:\/\/products.pap.com.vn\/index.php?rest_route=\/wp\/v2\/product\/25\/revisions\/1077"}],"wp:featuredmedia":[{"embeddable":true,"href":"https:\/\/products.pap.com.vn\/index.php?rest_route=\/wp\/v2\/media\/229"}],"wp:attachment":[{"href":"https:\/\/products.pap.com.vn\/index.php?rest_route=%2Fwp%2Fv2%2Fmedia&parent=25"}],"wp:term":[{"taxonomy":"product_brand","embeddable":true,"href":"https:\/\/products.pap.com.vn\/index.php?rest_route=%2Fwp%2Fv2%2Fproduct_brand&post=25"},{"taxonomy":"product_cat","embeddable":true,"href":"https:\/\/products.pap.com.vn\/index.php?rest_route=%2Fwp%2Fv2%2Fproduct_cat&post=25"},{"taxonomy":"product_tag","embeddable":true,"href":"https:\/\/products.pap.com.vn\/index.php?rest_route=%2Fwp%2Fv2%2Fproduct_tag&post=25"}],"curies":[{"name":"wp","href":"https:\/\/api.w.org\/{rel}","templated":true}]}}