{"id":414,"date":"2026-03-28T04:51:34","date_gmt":"2026-03-28T04:51:34","guid":{"rendered":"https:\/\/products.pap.com.vn\/?post_type=product&#038;p=414"},"modified":"2026-04-07T07:33:03","modified_gmt":"2026-04-07T07:33:03","slug":"lo-hap-nuong-da-nang-7-khay","status":"publish","type":"product","link":"https:\/\/products.pap.com.vn\/?product=lo-hap-nuong-da-nang-7-khay","title":{"rendered":"L\u00f2 h\u1ea5p n\u01b0\u1edbng \u0111a n\u0103ng 7 khay Unox Cheftop Mind.Map Plus XEVC0711EPRM"},"content":{"rendered":"<p>L\u00f2 h\u1ea5p n\u01b0\u1edbng \u0111a n\u0103ng 7 khay Unox Cheftop Mind.Map Plus XEVC0711EPRM \u0111\u01b0\u1ee3c s\u1ea3n xu\u1ea5t t\u1eeb Italy d\u1eabn \u0111\u1ea7u c\u00f4ng ngh\u1ec7 v\u1ec1 l\u00f2 n\u01b0\u1edbng combi ( L\u00f2 h\u1ea5p n\u01b0\u1edbng \u0111a n\u0103ng ). Mang l\u1ea1i cho doanh nghi\u1ec7p nh\u1eefng m\u00f3n \u0103n \u0111\u1ea1t chu\u1ea9n v\u00e0 t\u1ed1i \u01b0u \u0111\u01b0\u1ee3c th\u1eddi gian kh\u00f4ng ph\u1ee5 thu\u1ed9c v\u00e0o tay ngh\u1ec1 c\u1ee7a \u0111\u1ea7u b\u1ebfp.<\/p>\n<h1>1. Th\u00f4ng s\u1ed1 k\u1ef9 thu\u1eadt c\u1ee7a L\u00f2 h\u1ea5p n\u01b0\u1edbng \u0111a n\u0103ng 7 khay Unox Cheftop Mind.Map Plus XEVC0711EPRM<\/h1>\n<p><span style=\"text-decoration: underline; color: #ff0000;\"><strong>a. Th\u00f4ng s\u1ed1 k\u1ef9 thu\u1eadt<\/strong><\/span><\/p>\n<table>\n<thead>\n<tr>\n<th>H\u1ea1ng m\u1ee5c<\/th>\n<th>Th\u00f4ng s\u1ed1<\/th>\n<\/tr>\n<\/thead>\n<tbody>\n<tr>\n<td>Model<\/td>\n<td>XEVC-0711-EPRM<\/td>\n<\/tr>\n<tr>\n<td>Lo\u1ea1i<\/td>\n<td>L\u00f2 n\u01b0\u1edbng combi \u0111i\u1ec7n<\/td>\n<\/tr>\n<tr>\n<td>S\u1ed1 khay<\/td>\n<td>7 khay GN 1\/1<\/td>\n<\/tr>\n<tr>\n<td>Kho\u1ea3ng c\u00e1ch khay<\/td>\n<td>67 mm<\/td>\n<\/tr>\n<tr>\n<td>Nhi\u1ec7t \u0111\u1ed9<\/td>\n<td>30 \u2013 260\u00b0C<\/td>\n<\/tr>\n<tr>\n<td>\u0110i\u1ec1u khi\u1ec3n<\/td>\n<td>M\u00e0n h\u00ecnh c\u1ea3m \u1ee9ng 9.5 inch<\/td>\n<\/tr>\n<tr>\n<td>Ngu\u1ed3n \u0111i\u1ec7n<\/td>\n<td>220V \/ 380V<\/td>\n<\/tr>\n<tr>\n<td>C\u00f4ng su\u1ea5t<\/td>\n<td>~11 \u2013 11.7 kW<\/td>\n<\/tr>\n<tr>\n<td>K\u00edch th\u01b0\u1edbc<\/td>\n<td>750 x 783 x 843 mm<\/td>\n<\/tr>\n<tr>\n<td>Tr\u1ecdng l\u01b0\u1ee3ng<\/td>\n<td>~86 kg<\/td>\n<\/tr>\n<tr>\n<td>K\u1ebft n\u1ed1i<\/td>\n<td>WiFi \/ USB<\/td>\n<\/tr>\n<\/tbody>\n<\/table>\n<p><span style=\"text-decoration: underline; color: #ff0000;\"><strong>b. Nhi\u1ec7t \u0111\u1ed9 n\u1ea5u theo ch\u1ebf \u0111\u1ed9<\/strong><\/span><\/p>\n<table>\n<thead>\n<tr>\n<th>Ch\u1ebf \u0111\u1ed9<\/th>\n<th>D\u1ea3i nhi\u1ec7t<\/th>\n<\/tr>\n<\/thead>\n<tbody>\n<tr>\n<td>\u0110\u1ed1i l\u01b0u (Dry heat)<\/td>\n<td>30 \u2013 260\u00b0C<\/td>\n<\/tr>\n<tr>\n<td>H\u1ea5p (Steam)<\/td>\n<td>48 \u2013 130\u00b0C<\/td>\n<\/tr>\n<tr>\n<td>K\u1ebft h\u1ee3p (Combi)<\/td>\n<td>48 \u2013 260\u00b0C<\/td>\n<\/tr>\n<tr>\n<td>Ti\u1ec1n gia nhi\u1ec7t<\/td>\n<td>l\u00ean \u0111\u1ebfn 260\u00b0C<\/td>\n<\/tr>\n<\/tbody>\n<\/table>\n<h2>2. C\u00e1c c\u00f4ng ngh\u1ec7 h\u00e0ng \u0111\u1ea7u c\u1ee7a L\u00f2 h\u1ea5p n\u01b0\u1edbng \u0111a n\u0103ng 7 khay Unox Cheftop Mind.Map Plus XEVC0711EPRM<\/h2>\n<p><span style=\"text-decoration: underline;\"><strong>a. AIR.Maxi\u2122 \u2013 H\u1ec7 th\u1ed1ng \u0111\u1ed1i l\u01b0u kh\u00ed n\u00f3ng \u0111a chi\u1ec1u<\/strong><\/span><\/p>\n<p data-start=\"1875\" data-end=\"1888\"><strong data-start=\"1875\" data-end=\"1888\">G\u1ed3m c\u00e1c Ch\u1ee9c n\u0103ng:<\/strong><\/p>\n<ul data-start=\"1890\" data-end=\"1987\">\n<li data-section-id=\"41rqfx\" data-start=\"1890\" data-end=\"1931\">Ph\u00e2n ph\u1ed1i nhi\u1ec7t \u0111\u1ed3ng \u0111\u1ec1u trong bu\u1ed3ng l\u00f2<\/li>\n<li data-section-id=\"1rmcfj2\" data-start=\"1932\" data-end=\"1956\">\u0110i\u1ec1u ch\u1ec9nh t\u1ed1c \u0111\u1ed9 qu\u1ea1t<\/li>\n<li data-section-id=\"12a4v57\" data-start=\"1957\" data-end=\"1987\">\u0110\u1ea3m b\u1ea3o ch\u00edn \u0111\u1ec1u t\u1ea5t c\u1ea3 khay<\/li>\n<\/ul>\n<p>\u0110\u00e2y l\u00e0 c\u00f4ng ngh\u1ec7 c\u1ed1t l\u00f5i gi\u00fap l\u00f2 n\u01b0\u1edbng \u0111\u1ea1t \u0111\u1ed9 \u1ed5n \u0111\u1ecbnh cao trong s\u1ea3n xu\u1ea5t th\u1ef1c ph\u1ea9m.<\/p>\n<p><a href=\"http:\/\/products.pap.com.vn\">&#8212;-&gt; Tham kh\u1ea3o th\u00eam c\u00e1c s\u1ea3n ph\u1ea9m c\u1ee7a ch\u00fang t\u00f4i t\u1ea1i \u0111\u00e2y<\/a><\/p>\n<p><span style=\"text-decoration: underline;\"><strong>b.\u00a0STEAM.Maxi\u2122 \u2013 H\u1ec7 th\u1ed1ng t\u1ea1o h\u01a1i n\u01b0\u1edbc ch\u00ednh x\u00e1c<\/strong><\/span><\/p>\n<p data-start=\"2274\" data-end=\"2287\"><strong data-start=\"2274\" data-end=\"2287\">Ch\u1ee9c n\u0103ng<\/strong><\/p>\n<ul data-start=\"2289\" data-end=\"2352\">\n<li data-section-id=\"1qydr9\" data-start=\"2289\" data-end=\"2321\">\u0110i\u1ec1u ch\u1ec9nh \u0111\u1ed9 \u1ea9m t\u1eeb 0 \u2013 100%<\/li>\n<li data-section-id=\"15wgsj5\" data-start=\"2322\" data-end=\"2352\">H\u1ea5p ho\u1eb7c n\u01b0\u1edbng k\u1ebft h\u1ee3p h\u01a1i<\/li>\n<\/ul>\n<p>STEAM.Maxi\u2122 \u2013 H\u1ec7 th\u1ed1ng t\u1ea1o h\u01a1i n\u01b0\u1edbc ch\u00ednh x\u00e1c l\u00e0 m\u1ed9t trong nh\u1eefng c\u00f4ng ngh\u1ec7 c\u1ed1t l\u00f5i c\u1ee7a l\u00f2 n\u01b0\u1edbng combi, cho ph\u00e9p ng\u01b0\u1eddi v\u1eadn h\u00e0nh ki\u1ec3m so\u00e1t \u0111\u1ed9 \u1ea9m trong khoang n\u01b0\u1edbng \u1edf m\u1ee9c t\u1eeb 0% \u0111\u1ebfn 100%, t\u1eeb \u0111\u00f3 linh ho\u1ea1t chuy\u1ec3n \u0111\u1ed5i gi\u1eefa ch\u1ebf \u0111\u1ed9 h\u1ea5p, n\u01b0\u1edbng kh\u00f4 ho\u1eb7c n\u01b0\u1edbng k\u1ebft h\u1ee3p h\u01a1i n\u01b0\u1edbc. Nh\u1edd kh\u1ea3 n\u0103ng \u0111i\u1ec1u ch\u1ec9nh ch\u00ednh x\u00e1c n\u00e0y, thi\u1ebft b\u1ecb c\u00f3 th\u1ec3 \u0111\u00e1p \u1ee9ng \u0111a d\u1ea1ng nhu c\u1ea7u ch\u1ebf bi\u1ebfn trong b\u1ebfp chuy\u00ean nghi\u1ec7p nh\u01b0 h\u1ea5p rau c\u1ee7 gi\u1eef m\u00e0u v\u00e0 dinh d\u01b0\u1ee1ng, n\u01b0\u1edbng b\u00e1nh m\u00ec \u0111\u1ea1t \u0111\u1ed9 n\u1edf v\u00e0 v\u1ecf gi\u00f2n t\u1ed1i \u01b0u, quay g\u00e0 c\u00f3 l\u1edbp da v\u00e0ng \u0111\u1eb9p, ho\u1eb7c n\u01b0\u1edbng c\u00e1c lo\u1ea1i th\u1ecbt v\u1eabn \u0111\u1ea3m b\u1ea3o \u0111\u1ed9 m\u1ecdng n\u01b0\u1edbc b\u00ean trong.<\/p>\n<p><img fetchpriority=\"high\" decoding=\"async\" class=\"alignnone wp-image-415 size-full\" src=\"https:\/\/products.pap.com.vn\/wp-content\/uploads\/2026\/03\/3.jpg\" alt=\"L\u00f2 h\u1ea5p n\u01b0\u1edbng \u0111a n\u0103ng 7 khay Unox Cheftop Mind.Map Plus XEVC0711EPRM\" width=\"1250\" height=\"625\" srcset=\"https:\/\/products.pap.com.vn\/wp-content\/uploads\/2026\/03\/3.jpg 1250w, https:\/\/products.pap.com.vn\/wp-content\/uploads\/2026\/03\/3-300x150.jpg 300w, https:\/\/products.pap.com.vn\/wp-content\/uploads\/2026\/03\/3-1024x512.jpg 1024w, https:\/\/products.pap.com.vn\/wp-content\/uploads\/2026\/03\/3-768x384.jpg 768w, https:\/\/products.pap.com.vn\/wp-content\/uploads\/2026\/03\/3-600x300.jpg 600w\" sizes=\"(max-width: 1250px) 100vw, 1250px\" \/><\/p>\n<h3>3. C\u00e1ch v\u1eadn h\u00e0nh L\u00f2 h\u1ea5p n\u01b0\u1edbng \u0111a n\u0103ng 7 khay Unox Cheftop Mind.Map Plus XEVC0711EPRM<\/h3>\n<p data-start=\"168\" data-end=\"433\"><strong data-start=\"168\" data-end=\"190\">B\u01b0\u1edbc 1 \u2014 Kh\u1edfi \u0111\u1ed9ng<\/strong>, ng\u01b0\u1eddi d\u00f9ng b\u1eadt ngu\u1ed3n thi\u1ebft b\u1ecb, sau \u0111\u00f3 ch\u1ecdn ch\u1ebf \u0111\u1ed9 n\u1ea5u ph\u00f9 h\u1ee3p v\u1edbi m\u00f3n \u0103n. Ti\u1ebfp theo l\u00e0 c\u00e0i \u0111\u1eb7t nhi\u1ec7t \u0111\u1ed9 v\u00e0 th\u1eddi gian theo y\u00eau c\u1ea7u c\u1ee7a t\u1eebng lo\u1ea1i th\u1ef1c ph\u1ea9m. \u0110\u00e2y l\u00e0 b\u01b0\u1edbc chu\u1ea9n b\u1ecb quan tr\u1ecdng \u0111\u1ec3 \u0111\u1ea3m b\u1ea3o m\u00f3n \u0103n ch\u00edn \u0111\u00fang v\u00e0 \u0111\u1ea1t ch\u1ea5t l\u01b0\u1ee3ng \u1ed5n \u0111\u1ecbnh.<\/p>\n<p data-start=\"435\" data-end=\"881\"><strong data-start=\"435\" data-end=\"463\">B\u01b0\u1edbc 2 \u2014 Ch\u1ecdn ch\u1ebf \u0111\u1ed9 n\u1ea5u<\/strong>, l\u00f2 combi th\u01b0\u1eddng c\u00f3 ba ch\u1ebf \u0111\u1ed9 ch\u00ednh. Ch\u1ebf \u0111\u1ed9 <strong data-start=\"508\" data-end=\"521\">n\u01b0\u1edbng kh\u00f4<\/strong> d\u00f9ng cho c\u00e1c m\u00f3n nh\u01b0 b\u00e1nh m\u00ec, pizza ho\u1eb7c th\u1ecbt n\u01b0\u1edbng khi c\u1ea7n t\u1ea1o b\u1ec1 m\u1eb7t v\u00e0ng gi\u00f2n. Ch\u1ebf \u0111\u1ed9 <strong data-start=\"611\" data-end=\"618\">h\u1ea5p<\/strong> ph\u00f9 h\u1ee3p v\u1edbi c\u00e1c m\u00f3n nh\u01b0 rau, h\u1ea3i s\u1ea3n ho\u1eb7c c\u01a1m, gi\u00fap gi\u1eef \u0111\u1ed9 \u1ea9m v\u00e0 dinh d\u01b0\u1ee1ng. Ngo\u00e0i ra, ch\u1ebf \u0111\u1ed9 <strong data-start=\"713\" data-end=\"745\">Combi (k\u1ebft h\u1ee3p h\u1ea5p v\u00e0 n\u01b0\u1edbng)<\/strong> l\u00e0 ch\u1ebf \u0111\u1ed9 \u0111\u01b0\u1ee3c s\u1eed d\u1ee5ng nhi\u1ec1u nh\u1ea5t trong b\u1ebfp, th\u01b0\u1eddng \u00e1p d\u1ee5ng cho g\u00e0 quay, th\u1ecbt n\u01b0\u1edbng ho\u1eb7c b\u00e1nh, gi\u00fap th\u1ef1c ph\u1ea9m ch\u00edn \u0111\u1ec1u v\u00e0 gi\u1eef n\u01b0\u1edbc t\u1ed1t.<\/p>\n<p data-start=\"883\" data-end=\"1064\"><strong data-start=\"883\" data-end=\"909\">B\u01b0\u1edbc 3 \u2014 N\u1ea1p th\u1ef1c ph\u1ea9m<\/strong>, ng\u01b0\u1eddi v\u1eadn h\u00e0nh \u0111\u1eb7t khay th\u1ef1c ph\u1ea9m v\u00e0o trong l\u00f2, \u0111\u00f3ng c\u1eeda ch\u1eafc ch\u1eafn v\u00e0 nh\u1ea5n n\u00fat b\u1eaft \u0111\u1ea7u ch\u01b0\u01a1ng tr\u00ecnh. L\u00f2 s\u1ebd t\u1ef1 \u0111\u1ed9ng v\u1eadn h\u00e0nh theo c\u00e1c th\u00f4ng s\u1ed1 \u0111\u00e3 c\u00e0i \u0111\u1eb7t.<\/p>\n<p data-start=\"1066\" data-end=\"1250\" data-is-last-node=\"\" data-is-only-node=\"\"><strong data-start=\"1066\" data-end=\"1087\">B\u01b0\u1edbc 4 \u2014 K\u1ebft th\u00fac<\/strong>, sau khi m\u00f3n \u0103n ho\u00e0n th\u00e0nh, l\u1ea5y s\u1ea3n ph\u1ea9m ra kh\u1ecfi l\u00f2 v\u00e0 ch\u1ea1y ch\u01b0\u01a1ng tr\u00ecnh r\u1eeda t\u1ef1 \u0111\u1ed9ng \u0111\u1ec3 l\u00e0m s\u1ea1ch khoang l\u00f2, gi\u00fap thi\u1ebft b\u1ecb lu\u00f4n s\u1eb5n s\u00e0ng cho l\u1ea7n s\u1eed d\u1ee5ng ti\u1ebfp theo.<\/p>\n<h4 data-start=\"1066\" data-end=\"1250\">4. T\u1ea1i sao n\u00ean ch\u1ecdn thi\u1ebft b\u1ecb b\u1ebfp c\u00f4ng nghi\u1ec7p t\u1ea1i P.A.P<\/h4>\n<p><a href=\"http:\/\/pap.com.vn\" target=\"_blank\" rel=\"noopener\">P.A.P l\u00e0 \u0111\u01a1n v\u1ecb thi\u1ebft k\u1ebf thi c\u00f4ng thi\u1ebft b\u1ecb b\u1ebfp c\u00f4ng nghi\u1ec7p<\/a> h\u00e0ng \u0111\u1ea7u mi\u1ec1n Trung, v\u1edbi kinh nghi\u1ec7m nhi\u1ec1u n\u0103m, nhi\u1ec1u d\u1ef1 \u00e1n ch\u00fang t\u00f4i t\u1ef1 tin khi cung c\u1ea5p cho kh\u00e1ch h\u00e0ng nh\u1eefng gi\u1ea3i ph\u00e1p<\/p>\n","protected":false},"excerpt":{"rendered":"<p>L\u00f2 h\u1ea5p n\u01b0\u1edbng \u0111a n\u0103ng 7 khay Unox Cheftop Mind.Map Plus XEVC0711EPRM<\/p>\n<ul>\n<li>Dung t\u00edch: 7 khay GN 1\/1 PLUS 530&#215;325 mm<\/li>\n<li>Kho\u1ea3ng c\u00e1ch khay: 67 mm<\/li>\n<li>Nhi\u1ec7t \u0111\u1ed9: 30 \u2013 260\u00b0C<\/li>\n<li>K\u00edch th\u01b0\u1edbc: 750x783x843 mm<\/li>\n<li>Tr\u1ecdng l\u01b0\u1ee3ng: 86 Kg<\/li>\n<li>L\u00f2 n\u01b0\u1edbng combi \u0111i\u1ec7n<\/li>\n<\/ul>\n","protected":false},"featured_media":418,"comment_status":"open","ping_status":"closed","template":"","meta":[],"product_brand":[33],"product_cat":[47,17],"product_tag":[],"class_list":{"0":"post-414","1":"product","2":"type-product","3":"status-publish","4":"has-post-thumbnail","6":"product_brand-unox","7":"product_cat-lo-hap-nuong-da-nang","8":"product_cat-thiet-bi-bep","10":"first","11":"instock","12":"taxable","13":"shipping-taxable","14":"purchasable","15":"product-type-simple"},"_links":{"self":[{"href":"https:\/\/products.pap.com.vn\/index.php?rest_route=\/wp\/v2\/product\/414","targetHints":{"allow":["GET"]}}],"collection":[{"href":"https:\/\/products.pap.com.vn\/index.php?rest_route=\/wp\/v2\/product"}],"about":[{"href":"https:\/\/products.pap.com.vn\/index.php?rest_route=\/wp\/v2\/types\/product"}],"replies":[{"embeddable":true,"href":"https:\/\/products.pap.com.vn\/index.php?rest_route=%2Fwp%2Fv2%2Fcomments&post=414"}],"version-history":[{"count":0,"href":"https:\/\/products.pap.com.vn\/index.php?rest_route=\/wp\/v2\/product\/414\/revisions"}],"wp:featuredmedia":[{"embeddable":true,"href":"https:\/\/products.pap.com.vn\/index.php?rest_route=\/wp\/v2\/media\/418"}],"wp:attachment":[{"href":"https:\/\/products.pap.com.vn\/index.php?rest_route=%2Fwp%2Fv2%2Fmedia&parent=414"}],"wp:term":[{"taxonomy":"product_brand","embeddable":true,"href":"https:\/\/products.pap.com.vn\/index.php?rest_route=%2Fwp%2Fv2%2Fproduct_brand&post=414"},{"taxonomy":"product_cat","embeddable":true,"href":"https:\/\/products.pap.com.vn\/index.php?rest_route=%2Fwp%2Fv2%2Fproduct_cat&post=414"},{"taxonomy":"product_tag","embeddable":true,"href":"https:\/\/products.pap.com.vn\/index.php?rest_route=%2Fwp%2Fv2%2Fproduct_tag&post=414"}],"curies":[{"name":"wp","href":"https:\/\/api.w.org\/{rel}","templated":true}]}}