{"id":531,"date":"2026-03-30T10:04:54","date_gmt":"2026-03-30T10:04:54","guid":{"rendered":"https:\/\/products.pap.com.vn\/?post_type=product&#038;p=531"},"modified":"2026-04-07T07:30:50","modified_gmt":"2026-04-07T07:30:50","slug":"bep-a-1-hong-kingbetter","status":"publish","type":"product","link":"https:\/\/products.pap.com.vn\/?product=bep-a-1-hong-kingbetter","title":{"rendered":"B\u1ebfp \u00c1 1 h\u1ecdng \u0111\u1ea5t d\u00f9ng gas Kingbetter YDDD-1200"},"content":{"rendered":"<p><strong data-start=\"345\" data-end=\"395\">B\u1ebfp \u00c1 1 h\u1ecdng \u0111\u1ea5t d\u00f9ng gas Kingbetter YDDD-1200<\/strong> l\u00e0 thi\u1ebft b\u1ecb b\u1ebfp c\u00f4ng nghi\u1ec7p chuy\u00ean d\u1ee5ng cho c\u00e1c nh\u00e0 h\u00e0ng, qu\u00e1n \u0103n, b\u1ebfp \u0103n t\u1eadp th\u1ec3 v\u00e0 khu b\u1ebfp chuy\u00ean nghi\u1ec7p. V\u1edbi c\u00f4ng su\u1ea5t l\u1edbn mang l\u1ea1i n\u0103ng su\u1ea5t n\u1ea5u cao, t\u1ea3ng nhi\u1ec7t gi\u00fap h\u1ea1n ch\u1ebf \u0111\u1ed9 n\u00f3ng l\u00ean th\u00e2n b\u1ebfp.<\/p>\n<h1>1. Th\u00f4ng s\u1ed1 k\u1ef9 thu\u1eadt c\u1ee7a b\u1ebfp \u00c1 1 h\u1ecdng \u0111\u1ea5t d\u00f9ng gas Kingbetter YDDD-1200<\/h1>\n<ul class=\" list-paddingleft-2\">\n<li><span dir=\"auto\">Tay c\u1ea7m \u0111\u01b0\u1ee3c l\u00e0m t\u1eeb v\u1eadt li\u1ec7u \u0111\u00fac \u0111\u1eb7c bi\u1ec7t, c\u00f3 \u0111\u1ed9 b\u1ec1n cao v\u00e0 tho\u1ea3i m\u00e1i khi s\u1eed d\u1ee5ng. V\u00f2ng b\u1ebfp \u0111\u01b0\u1ee3c l\u00e0m t\u1eeb gang \u0111\u00fac \u0111\u1ea1t ti\u00eau chu\u1ea9n qu\u1ed1c t\u1ebf, c\u00f3 \u0111\u1ed9 b\u1ec1n cao.<\/span><\/li>\n<li><span dir=\"auto\">\u0110\u1ea7u \u0111\u1ed1t \u0111\u01b0\u1ee3c l\u00e0m b\u1eb1ng th\u00e9p kh\u00f4ng g\u1ec9, \u0111\u1ea3m b\u1ea3o qu\u00e1 tr\u00ecnh \u0111\u1ed1t ch\u00e1y ho\u00e0n to\u00e0n v\u00e0 hi\u1ec7u su\u1ea5t cao.<\/span><\/li>\n<\/ul>\n<table>\n<thead>\n<tr>\n<th><strong>Th\u00f4ng s\u1ed1<\/strong><\/th>\n<th><strong>Chi ti\u1ebft<\/strong><\/th>\n<\/tr>\n<\/thead>\n<tbody>\n<tr>\n<td>T\u00ean s\u1ea3n ph\u1ea9m<\/td>\n<td>B\u1ebfp \u00c1 1 h\u1ecdng \u0111\u1ea5t d\u00f9ng gas<\/td>\n<\/tr>\n<tr>\n<td>Model<\/td>\n<td>Kingbetter YDDD-1200<\/td>\n<\/tr>\n<tr>\n<td>K\u00edch th\u01b0\u1edbc t\u1ed5ng th\u1ec3<\/td>\n<td>1200 x 1000 x 800 \/ 350 \/ 100 mm<\/td>\n<\/tr>\n<tr>\n<td>Tr\u1ecdng l\u01b0\u1ee3ng<\/td>\n<td>185 kg<\/td>\n<\/tr>\n<tr>\n<td>T\u1ea3i nhi\u1ec7t \u0111\u1ecbnh m\u1ee9c<\/td>\n<td>42 kW<\/td>\n<\/tr>\n<tr>\n<td>\u00c1p su\u1ea5t kh\u00ed h\u00f3a l\u1ecfng (LPG)<\/td>\n<td>2800 Pa<\/td>\n<\/tr>\n<tr>\n<td>\u00c1p su\u1ea5t kh\u00ed t\u1ef1 nhi\u00ean (NG)<\/td>\n<td>2800 Pa<\/td>\n<\/tr>\n<tr>\n<td>V\u1eadt li\u1ec7u b\u1ec1 m\u1eb7t<\/td>\n<td>Inox 304<\/td>\n<\/tr>\n<tr>\n<td>B\u1ed9 ph\u1eadn gia nhi\u1ec7t<\/td>\n<td>B\u1ed9 t\u1ea3ng nhi\u1ec7t<\/td>\n<\/tr>\n<tr>\n<td>Trang b\u1ecb<\/td>\n<td>1 \u00e2u n\u01b0\u1edbc<\/td>\n<\/tr>\n<tr>\n<td>Nhi\u00ean li\u1ec7u s\u1eed d\u1ee5ng<\/td>\n<td>Gas<\/td>\n<\/tr>\n<tr>\n<td>Lo\u1ea1i b\u1ebfp<\/td>\n<td>B\u1ebfp \u00c1 c\u00f4ng nghi\u1ec7p 1 h\u1ecdng \u0111\u1ea5t<\/td>\n<\/tr>\n<\/tbody>\n<\/table>\n<figure id=\"attachment_532\" aria-describedby=\"caption-attachment-532\" style=\"width: 1125px\" class=\"wp-caption aligncenter\"><img fetchpriority=\"high\" decoding=\"async\" class=\"wp-image-532 size-full\" src=\"https:\/\/products.pap.com.vn\/wp-content\/uploads\/2026\/03\/Bep-a-xao-1-hong-Kingbetter-2.jpg\" alt=\"b\u1ebfp \u00e1 1 h\u1ecdng Kingbetter YDDD-1200\" width=\"1125\" height=\"625\" srcset=\"https:\/\/products.pap.com.vn\/wp-content\/uploads\/2026\/03\/Bep-a-xao-1-hong-Kingbetter-2.jpg 1125w, https:\/\/products.pap.com.vn\/wp-content\/uploads\/2026\/03\/Bep-a-xao-1-hong-Kingbetter-2-300x167.jpg 300w, https:\/\/products.pap.com.vn\/wp-content\/uploads\/2026\/03\/Bep-a-xao-1-hong-Kingbetter-2-1024x569.jpg 1024w, https:\/\/products.pap.com.vn\/wp-content\/uploads\/2026\/03\/Bep-a-xao-1-hong-Kingbetter-2-768x427.jpg 768w, https:\/\/products.pap.com.vn\/wp-content\/uploads\/2026\/03\/Bep-a-xao-1-hong-Kingbetter-2-600x333.jpg 600w\" sizes=\"(max-width: 1125px) 100vw, 1125px\" \/><figcaption id=\"caption-attachment-532\" class=\"wp-caption-text\">B\u1ea3ng v\u1ebd Be\u0302\u0301p a\u0301 Kingbetter 1 h\u1ecdng \u0111\u1ea5t<\/figcaption><\/figure>\n<h2>2. B\u1ebfp \u00c1 1 h\u1ecdng \u0111\u1ea5t d\u00f9ng gas Kingbetter YDDD-1200 &#8211; N\u00e2ng c\u1ea5p m\u00f3n \u0103n v\u1edbi b\u1ebfp h\u1ecdng \u0111\u1ea5t<\/h2>\n<p>B\u1ebfp \u00c1 1 h\u1ecdng d\u00f9ng gas gi\u00fap b\u1ea1n c\u00f3 th\u1ec3 \u0111i\u1ec1u ch\u1ec9nh \u0111\u01b0\u1ee3c nhi\u1ec7t l\u01b0\u1ee3ng l\u00e0m ch\u1ee7 \u0111\u01b0\u1ee3c m\u00f3n \u0103n, th\u00f4ng qua nh\u1eefng thao t\u00e1c. B\u00ean c\u1ea1nh \u0111\u00f3 \u00c2u n\u01b0\u1edbc ti\u1ec7n l\u1ee3i \u0111\u01b0\u1ee3c t\u00edch h\u1ee3p chung v\u1edbi b\u1ebfp gi\u00fap b\u1ea1n d\u1ec5 d\u00e0ng h\u1ea1 nhi\u1ec7t b\u1ebfp v\u00e0 cung c\u1ea5p tr\u1ef1c ti\u1ebfp n\u01b0\u1edbc cho m\u00f3n \u0103n khi \u0111ang thao t\u00e1c.<\/p>\n<figure id=\"attachment_533\" aria-describedby=\"caption-attachment-533\" style=\"width: 625px\" class=\"wp-caption aligncenter\"><img decoding=\"async\" class=\"wp-image-533 size-full\" src=\"https:\/\/products.pap.com.vn\/wp-content\/uploads\/2026\/03\/Bep-a-xao-1-hong-Kingbetter.jpg\" alt=\"b\u1ebfp \u00e1 1 h\u1ecdng Kingbetter YDDD-1200\" width=\"625\" height=\"625\" srcset=\"https:\/\/products.pap.com.vn\/wp-content\/uploads\/2026\/03\/Bep-a-xao-1-hong-Kingbetter.jpg 625w, https:\/\/products.pap.com.vn\/wp-content\/uploads\/2026\/03\/Bep-a-xao-1-hong-Kingbetter-300x300.jpg 300w, https:\/\/products.pap.com.vn\/wp-content\/uploads\/2026\/03\/Bep-a-xao-1-hong-Kingbetter-150x150.jpg 150w, https:\/\/products.pap.com.vn\/wp-content\/uploads\/2026\/03\/Bep-a-xao-1-hong-Kingbetter-600x600.jpg 600w, https:\/\/products.pap.com.vn\/wp-content\/uploads\/2026\/03\/Bep-a-xao-1-hong-Kingbetter-100x100.jpg 100w\" sizes=\"(max-width: 625px) 100vw, 625px\" \/><figcaption id=\"caption-attachment-533\" class=\"wp-caption-text\">b\u1ebfp \u00e1 Kingbetter YDDD-1200<\/figcaption><\/figure>\n<p>Tham kh\u1ea3o th\u00eam c\u00e1c thi\u1ebft b\u1ecb c\u1ee7a ch\u00fang t\u00f4i t\u1ea1i: <a href=\"http:\/\/products.pap.com.vn\">products.pap.com.vn<\/a><\/p>\n<h3>3. T\u1ea1i sao n\u00ean ch\u1ecdn thi\u1ebft b\u1ecb b\u1ebfp c\u00f4ng nghi\u1ec7p t\u1ea1i P.A.P<\/h3>\n<p><a href=\"http:\/\/pap.com.vn\" target=\"_blank\" rel=\"noopener\">Thi\u1ebft b\u1ecb B\u1ebfp c\u00f4ng nghi\u1ec7p \u0111\u01b0\u1ee3c cung c\u1ea5p b\u1edfi P.A.P<\/a> l\u00e0 nh\u1eefng s\u1ea3n ph\u1ea9m \u0111\u1ea1t chu\u1ea9n ho\u1eb7c \u0111\u01b0\u1ee3c nh\u1eadp kh\u1ea9u ch\u00ednh h\u00e3ng kh\u00f4ng qua trung gian n\u00ean \u0111\u1ea3m b\u1ea3o cho kh\u00e1ch h\u00e0ng s\u1ea3n ph\u1ea9m chu\u1ea9n nh\u1ea5t, ch\u1ea5t l\u01b0\u1ee3ng nh\u1ea5t. Ch\u00fang t\u00f4i cam k\u1ebft b\u1ea3o h\u00e0nh ch\u00ednh h\u00e3ng v\u00e0 cung c\u1ea5p c\u00e1c linh ki\u1ec7n ch\u00ednh h\u00e3ng cho kh\u00e1ch h\u00e0ng. Ch\u1ebf \u0111\u1ed9 b\u1ea3o h\u00e0nh b\u1ea3o tr\u00ec trong v\u00f2ng 24h \u0111\u1ea3m b\u1ea3o ti\u1ebfn \u0111\u1ed9 v\u1eadn h\u00e0nh c\u1ee7a doanh nghi\u1ec7p.<\/p>\n<p>Kh\u00e1m ph\u00e1 th\u00eam v\u1ec1 P.A.P qua c\u00e1c k\u00eanh kh\u00e1c c\u1ee7a ch\u00fang t\u00f4i:<\/p>\n<p>Facebook:\u00a0<a href=\"https:\/\/www.facebook.com\/PAPCommercialKitchenSupplier\" target=\"_blank\" rel=\"noopener\">Commercial Kitchen Equipment and stainless steel by PAP<\/a><\/p>\n<p>Pinterest:\u00a0<a href=\"https:\/\/www.pinterest.com\/PAPKITCHEN2025\/\" target=\"_blank\" rel=\"noopener\">C\u00f4ng Ty TNHH Th\u01b0\u01a1ng M\u1ea1i V\u00e0 D\u1ecbch V\u1ee5 P.A.P<\/a><\/p>\n","protected":false},"excerpt":{"rendered":"<p>B\u1ebfp \u00c1 1 h\u1ecdng \u0111\u1ea5t d\u00f9ng gas Kingbetter YDDD-1200<\/p>\n<ul>\n<li>K\u00edch th\u01b0\u1edbc: 1200*1000*800*350*100mm<\/li>\n<li>Tr\u1ecdng l\u01b0\u1ee3ng: 185 kg<\/li>\n<li>T\u1ea3i nhi\u1ec7t \u0111\u1ecbnh m\u1ee9c: 42kW<\/li>\n<li>Kh\u00ed h\u00f3a l\u1ecfng: 2800pa<\/li>\n<li>Kh\u00ed t\u1ef1 nhi\u00ean: 2800pa<\/li>\n<li>B\u1ec1 m\u1eb7t: inox 304<\/li>\n<li>1 \u00c2u n\u01b0\u1edbc<\/li>\n<\/ul>\n","protected":false},"featured_media":533,"comment_status":"open","ping_status":"closed","template":"","meta":[],"product_brand":[25],"product_cat":[49,17],"product_tag":[],"class_list":{"0":"post-531","1":"product","2":"type-product","3":"status-publish","4":"has-post-thumbnail","6":"product_brand-kingbetter","7":"product_cat-bep-a","8":"product_cat-thiet-bi-bep","10":"first","11":"instock","12":"taxable","13":"shipping-taxable","14":"purchasable","15":"product-type-simple"},"_links":{"self":[{"href":"https:\/\/products.pap.com.vn\/index.php?rest_route=\/wp\/v2\/product\/531","targetHints":{"allow":["GET"]}}],"collection":[{"href":"https:\/\/products.pap.com.vn\/index.php?rest_route=\/wp\/v2\/product"}],"about":[{"href":"https:\/\/products.pap.com.vn\/index.php?rest_route=\/wp\/v2\/types\/product"}],"replies":[{"embeddable":true,"href":"https:\/\/products.pap.com.vn\/index.php?rest_route=%2Fwp%2Fv2%2Fcomments&post=531"}],"version-history":[{"count":1,"href":"https:\/\/products.pap.com.vn\/index.php?rest_route=\/wp\/v2\/product\/531\/revisions"}],"predecessor-version":[{"id":590,"href":"https:\/\/products.pap.com.vn\/index.php?rest_route=\/wp\/v2\/product\/531\/revisions\/590"}],"wp:featuredmedia":[{"embeddable":true,"href":"https:\/\/products.pap.com.vn\/index.php?rest_route=\/wp\/v2\/media\/533"}],"wp:attachment":[{"href":"https:\/\/products.pap.com.vn\/index.php?rest_route=%2Fwp%2Fv2%2Fmedia&parent=531"}],"wp:term":[{"taxonomy":"product_brand","embeddable":true,"href":"https:\/\/products.pap.com.vn\/index.php?rest_route=%2Fwp%2Fv2%2Fproduct_brand&post=531"},{"taxonomy":"product_cat","embeddable":true,"href":"https:\/\/products.pap.com.vn\/index.php?rest_route=%2Fwp%2Fv2%2Fproduct_cat&post=531"},{"taxonomy":"product_tag","embeddable":true,"href":"https:\/\/products.pap.com.vn\/index.php?rest_route=%2Fwp%2Fv2%2Fproduct_tag&post=531"}],"curies":[{"name":"wp","href":"https:\/\/api.w.org\/{rel}","templated":true}]}}