{"id":675,"date":"2026-04-01T10:08:23","date_gmt":"2026-04-01T10:08:23","guid":{"rendered":"https:\/\/products.pap.com.vn\/?post_type=product&#038;p=675"},"modified":"2026-04-01T10:08:24","modified_gmt":"2026-04-01T10:08:24","slug":"ban-mat-2-cua-1m2-finocool","status":"publish","type":"product","link":"https:\/\/products.pap.com.vn\/?product=ban-mat-2-cua-1m2-finocool","title":{"rendered":"B\u00e0n m\u00e1t 2 c\u1eeda tr\u01b0\u1edbc 1m2 FinoCool FN-UC1200"},"content":{"rendered":"<p>B\u00e0n m\u00e1t 2 c\u1eeda tr\u01b0\u1edbc 1m2 FinoCool FN-UC1200 v\u1edbi b\u1ed9 m\u00e1y n\u00e9n ch\u1ea5t l\u01b0\u1ee3ng \u0111\u1ebfn t\u1eeb Embraco Brazil l\u00e0m l\u1ea1nh gi\u00e1n ti\u1ebfp gi\u00fap b\u1ea1n b\u1ea3o qu\u1ea3n th\u1ef1c ph\u1ea9m t\u1ed1t nh\u1ea5t, kh\u00f4ng \u0111\u00f3ng tuy\u1ebft. S\u1ea3n ph\u1ea9m \u0111\u01b0\u1ee3c P.A.P OEM c\u00f3 b\u1ed9 linh ki\u1ec7n ch\u1ea5t l\u01b0\u1ee3ng v\u1edbi gi\u00e1 c\u1ea3 h\u1ee3p l\u00fd ph\u00f9 h\u1ee3p v\u1edbi th\u1ecb tr\u01b0\u1eddng Vi\u1ec7t Nam.<\/p>\n<h1>Th\u00f4ng s\u1ed1 k\u1ef9 thu\u1eadt c\u1ee7a B\u00e0n m\u00e1t 2 c\u1eeda tr\u01b0\u1edbc 1m2 FinoCool FN-UC1200<\/h1>\n<table>\n<thead>\n<tr>\n<th><strong>Th\u00f4ng s\u1ed1 k\u1ef9 thu\u1eadt<\/strong><\/th>\n<th><strong>Chi ti\u1ebft<\/strong><\/th>\n<\/tr>\n<\/thead>\n<tbody>\n<tr>\n<td><strong>Model<\/strong><\/td>\n<td>FN-URC2D<\/td>\n<\/tr>\n<tr>\n<td><strong>K\u00edch th\u01b0\u1edbc (mm)<\/strong><\/td>\n<td>610 \u00d7 800 \u00d7 1980<\/td>\n<\/tr>\n<tr>\n<td><strong>\u0110i\u1ec7n \u00e1p (V\/Hz)<\/strong><\/td>\n<td>220V \/ 50Hz<\/td>\n<\/tr>\n<tr>\n<td><strong>C\u00f4ng su\u1ea5t (W)<\/strong><\/td>\n<td>250 W<\/td>\n<\/tr>\n<tr>\n<td><strong>Dung t\u00edch (L)<\/strong><\/td>\n<td>450 L<\/td>\n<\/tr>\n<tr>\n<td><strong>D\u1ea3i nhi\u1ec7t \u0111\u1ed9 (\u00b0C)<\/strong><\/td>\n<td>0 ~ 10 \u00b0C<\/td>\n<\/tr>\n<tr>\n<td><strong>Ch\u1ebf \u0111\u1ed9 x\u1ea3 \u0111\u00e1<\/strong><\/td>\n<td>T\u1ef1 \u0111\u1ed9ng (Automatic Defrost)<\/td>\n<\/tr>\n<tr>\n<td><strong>S\u1ed1 c\u00e1nh c\u1eeda<\/strong><\/td>\n<td>2 c\u1eeda<\/td>\n<\/tr>\n<tr>\n<td><strong>M\u00e1y n\u00e9n (Compressor)<\/strong><\/td>\n<td>Embraco<\/td>\n<\/tr>\n<tr>\n<td><strong>B\u1ed9 \u0111i\u1ec1u khi\u1ec3n (Controller)<\/strong><\/td>\n<td>Dixell<\/td>\n<\/tr>\n<tr>\n<td><strong>M\u00f4i ch\u1ea5t l\u1ea1nh<\/strong><\/td>\n<td>R290<\/td>\n<\/tr>\n<\/tbody>\n<\/table>\n<h2>\u01afu \u0111i\u1ec3m Thi\u1ebft b\u1ecb l\u1ea1nh c\u00f4ng nghi\u1ec7p Under Counter Refrigerator\u00a0 &#8211; B\u00e0n m\u00e1t 2 c\u1eeda tr\u01b0\u1edbc 1m2 FinoCool FN-UC1200<\/h2>\n<p><span style=\"text-decoration: underline;\"><strong>Thi\u1ebft k\u1ebf g\u1ecdn d\u01b0\u1edbi qu\u1ea7y \u2013 t\u1ed1i \u01b0u kh\u00f4ng gian b\u1ebfp<\/strong><\/span><\/p>\n<p>D\u00f2ng Under Counter \u0111\u01b0\u1ee3c thi\u1ebft k\u1ebf \u0111\u1eb7t g\u1ecdn d\u01b0\u1edbi b\u00e0n thao t\u00e1c, gi\u00fap t\u1eadn d\u1ee5ng t\u1ed1i \u0111a di\u1ec7n t\u00edch trong khu b\u1ebfp v\u00e0 ph\u00f9 h\u1ee3p v\u1edbi nh\u1eefng kh\u00f4ng gian c\u00f3 m\u1eadt \u0111\u1ed9 thi\u1ebft b\u1ecb cao. Nh\u1edd b\u1ed1 tr\u00ed linh ho\u1ea1t, thi\u1ebft b\u1ecb h\u1ed7 tr\u1ee3 t\u1ed1i \u01b0u h\u00f3a d\u00e2y chuy\u1ec1n b\u1ebfp, \u0111\u1ed3ng th\u1eddi gi\u00fap nh\u00e2n vi\u00ean d\u1ec5 d\u00e0ng l\u1ea5y nguy\u00ean li\u1ec7u ngay t\u1ea1i v\u1ecb tr\u00ed ch\u1ebf bi\u1ebfn, t\u1eeb \u0111\u00f3 n\u00e2ng cao hi\u1ec7u su\u1ea5t l\u00e0m vi\u1ec7c v\u00e0 \u0111\u1ea3m b\u1ea3o qu\u00e1 tr\u00ecnh v\u1eadn h\u00e0nh di\u1ec5n ra nhanh ch\u00f3ng, li\u00ean t\u1ee5c.<\/p>\n<p><a href=\"http:\/\/products.pap.com.vn\">Tham kh\u1ea3o c\u00e1c s\u1ea3n ph\u1ea9m c\u1ee7a ch\u00fang t\u00f4i t\u1ea1i \u0111\u00e2y<\/a><\/p>\n<p><strong><span style=\"text-decoration: underline;\">L\u00e0m l\u1ea1nh \u1ed5n \u0111\u1ecbnh \u2013 b\u1ea3o qu\u1ea3n th\u1ef1c ph\u1ea9m an to\u00e0n:<\/span><\/strong><\/p>\n<p>Thi\u1ebft b\u1ecb s\u1eed d\u1ee5ng h\u1ec7 th\u1ed1ng l\u00e0m l\u1ea1nh c\u01b0\u1ee1ng b\u1ee9c b\u1eb1ng qu\u1ea1t gi\u00f3, gi\u00fap lu\u1ed3ng kh\u00ed l\u1ea1nh \u0111\u01b0\u1ee3c ph\u00e2n b\u1ed5 \u0111\u1ed3ng \u0111\u1ec1u trong to\u00e0n b\u1ed9 khoang t\u1ee7, t\u1eeb \u0111\u00f3 <strong>duy tr\u00ec nhi\u1ec7t \u0111\u1ed9 \u1ed5n \u0111\u1ecbnh trong d\u1ea3i t\u1eeb 2\u00a0~ 10\u00b0C<\/strong>. Nh\u1edd kh\u1ea3 n\u0103ng ki\u1ec3m so\u00e1t nhi\u1ec7t \u0111\u1ed9 ch\u00ednh x\u00e1c, th\u1ef1c ph\u1ea9m \u0111\u01b0\u1ee3c b\u1ea3o qu\u1ea3n trong \u0111i\u1ec1u ki\u1ec7n an to\u00e0n, h\u1ea1n ch\u1ebf nguy c\u01a1 h\u01b0 h\u1ecfng ho\u1eb7c suy gi\u1ea3m ch\u1ea5t l\u01b0\u1ee3ng. \u0110\u1ed3ng th\u1eddi, h\u1ec7 th\u1ed1ng l\u00e0m l\u1ea1nh n\u00e0y \u0111\u00e1p \u1ee9ng c\u00e1c y\u00eau c\u1ea7u v\u1ec1 b\u1ea3o qu\u1ea3n th\u1ef1c ph\u1ea9m trong m\u00f4i tr\u01b0\u1eddng b\u1ebfp chuy\u00ean nghi\u1ec7p, g\u00f3p ph\u1ea7n \u0111\u1ea3m b\u1ea3o hi\u1ec7u qu\u1ea3 v\u1eadn h\u00e0nh v\u00e0 an to\u00e0n v\u1ec7 sinh th\u1ef1c ph\u1ea9m.<\/p>\n<div class=\"flex flex-col text-sm pb-25\">\n<section class=\"text-token-text-primary w-full focus:outline-none [--shadow-height:45px] has-data-writing-block:pointer-events-none has-data-writing-block:-mt-(--shadow-height) has-data-writing-block:pt-(--shadow-height) [&amp;:has([data-writing-block])&gt;*]:pointer-events-auto scroll-mt-[calc(var(--header-height)+min(200px,max(70px,20svh)))]\" dir=\"auto\" data-turn-id=\"request-WEB:59facef7-6255-4c67-8d87-e85868f28d22-7\" data-testid=\"conversation-turn-12\" data-scroll-anchor=\"true\" data-turn=\"assistant\">\n<div class=\"text-base my-auto mx-auto pb-10 [--thread-content-margin:var(--thread-content-margin-xs,calc(var(--spacing)*4))] @w-sm\/main:[--thread-content-margin:var(--thread-content-margin-sm,calc(var(--spacing)*6))] @w-lg\/main:[--thread-content-margin:var(--thread-content-margin-lg,calc(var(--spacing)*16))] px-(--thread-content-margin)\">\n<div class=\"[--thread-content-max-width:40rem] @w-lg\/main:[--thread-content-max-width:48rem] mx-auto max-w-(--thread-content-max-width) flex-1 group\/turn-messages focus-visible:outline-hidden relative flex w-full min-w-0 flex-col agent-turn\">\n<div class=\"flex max-w-full flex-col gap-4 grow\">\n<div class=\"min-h-8 text-message relative flex w-full flex-col items-end gap-2 text-start break-words whitespace-normal outline-none keyboard-focused:focus-ring [.text-message+&amp;]:mt-1\" dir=\"auto\" tabindex=\"0\" data-message-author-role=\"assistant\" data-message-id=\"6b1d1609-e045-49d9-8db4-c1912d4f0e09\" data-message-model-slug=\"gpt-5-3\" data-turn-start-message=\"true\">\n<div class=\"flex w-full flex-col gap-1 empty:hidden\">\n<div class=\"markdown prose dark:prose-invert w-full wrap-break-word dark markdown-new-styling\">\n<p data-start=\"0\" data-end=\"554\" data-is-last-node=\"\" data-is-only-node=\"\"><span style=\"text-decoration: underline;\"><strong data-start=\"0\" data-end=\"38\" data-is-only-node=\"\">Ti\u1ebft ki\u1ec7m \u0111i\u1ec7n v\u00e0 v\u1eadn h\u00e0nh b\u1ec1n b\u1ec9:<\/strong><\/span><br data-start=\"38\" data-end=\"41\" \/>C\u00e1c d\u00f2ng b\u00e0n m\u00e1t c\u00f4ng nghi\u1ec7p th\u01b0\u1eddng \u0111\u01b0\u1ee3c trang b\u1ecb m\u00e1y n\u00e9n ch\u1ea5t l\u01b0\u1ee3ng cao k\u1ebft h\u1ee3p v\u1edbi h\u1ec7 th\u1ed1ng c\u00e1ch nhi\u1ec7t hi\u1ec7u qu\u1ea3, gi\u00fap t\u1ed1i \u01b0u kh\u1ea3 n\u0103ng gi\u1eef l\u1ea1nh v\u00e0 gi\u1ea3m hao ph\u00ed n\u0103ng l\u01b0\u1ee3ng trong qu\u00e1 tr\u00ecnh v\u1eadn h\u00e0nh. Nh\u1edd \u0111\u00f3, thi\u1ebft b\u1ecb c\u00f3 th\u1ec3 gi\u1ea3m chi ph\u00ed \u0111i\u1ec7n n\u0103ng trong d\u00e0i h\u1ea1n, duy tr\u00ec ho\u1ea1t \u0111\u1ed9ng \u1ed5n \u0111\u1ecbnh ngay c\u1ea3 trong m\u00f4i tr\u01b0\u1eddng b\u1ebfp c\u00f3 nhi\u1ec7t \u0111\u1ed9 cao v\u00e0 t\u1ea7n su\u1ea5t s\u1eed d\u1ee5ng li\u00ean t\u1ee5c. \u0110\u1ed3ng th\u1eddi, c\u1ea5u h\u00ecnh k\u1ef9 thu\u1eadt b\u1ec1n b\u1ec9 gi\u00fap k\u00e9o d\u00e0i tu\u1ed5i th\u1ecd thi\u1ebft b\u1ecb, h\u1ea1n ch\u1ebf ph\u00e1t sinh chi ph\u00ed s\u1eeda ch\u1eefa v\u00e0 \u0111\u1ea3m b\u1ea3o t\u00ednh \u1ed5n \u0111\u1ecbnh cho ho\u1ea1t \u0111\u1ed9ng kinh doanh.<\/p>\n<\/div>\n<\/div>\n<\/div>\n<\/div>\n<div class=\"mt-3 w-full empty:hidden\"><\/div>\n<\/div>\n<\/div>\n<\/section>\n<\/div>\n<div class=\"pointer-events-none h-px w-px absolute bottom-0\" aria-hidden=\"true\" data-edge=\"true\"><span style=\"text-decoration: underline;\"><strong data-start=\"0\" data-end=\"52\" data-is-only-node=\"\">D\u1ec5 v\u1ec7 sinh v\u00e0 \u0111\u1ea3m b\u1ea3o an to\u00e0n v\u1ec7 sinh th\u1ef1c ph\u1ea9m:<\/strong><\/span><br data-start=\"52\" data-end=\"55\" \/>Thi\u1ebft b\u1ecb \u0111\u01b0\u1ee3c ch\u1ebf t\u1ea1o v\u1edbi to\u00e0n b\u1ed9 th\u00e2n v\u1ecf b\u1eb1ng <strong data-start=\"102\" data-end=\"126\">inox 201 c\u00f4ng nghi\u1ec7p<\/strong>, c\u00f3 b\u1ec1 m\u1eb7t nh\u1eb5n v\u00e0 kh\u1ea3 n\u0103ng ch\u1ed1ng b\u00e1m b\u1ea9n t\u1ed1t, gi\u00fap qu\u00e1 tr\u00ecnh v\u1ec7 sinh di\u1ec5n ra nhanh ch\u00f3ng v\u00e0 thu\u1eadn ti\u1ec7n sau m\u1ed7i ca l\u00e0m vi\u1ec7c. Nh\u1edd \u0111\u1eb7c t\u00ednh v\u1eadt li\u1ec7u b\u1ec1n v\u00e0 \u00edt l\u01b0u gi\u1eef t\u1ea1p ch\u1ea5t, thi\u1ebft b\u1ecb g\u00f3p ph\u1ea7n h\u1ea1n ch\u1ebf s\u1ef1 t\u00edch t\u1ee5 c\u1ee7a vi khu\u1ea9n, \u0111\u1ed3ng th\u1eddi \u0111\u00e1p \u1ee9ng c\u00e1c y\u00eau c\u1ea7u v\u1ec1 v\u1ec7 sinh an to\u00e0n th\u1ef1c ph\u1ea9m trong m\u00f4i tr\u01b0\u1eddng b\u1ebfp chuy\u00ean nghi\u1ec7p, \u0111\u1eb7c bi\u1ec7t t\u1ea1i nh\u00e0 h\u00e0ng, b\u1ebfp \u0103n c\u00f4ng nghi\u1ec7p v\u00e0 c\u01a1 s\u1edf ch\u1ebf bi\u1ebfn th\u1ef1c ph\u1ea9m.<\/div>\n<div aria-hidden=\"true\" data-edge=\"true\">\n<div class=\"flex flex-col text-sm pb-25\">\n<section class=\"text-token-text-primary w-full focus:outline-none [--shadow-height:45px] has-data-writing-block:pointer-events-none has-data-writing-block:-mt-(--shadow-height) has-data-writing-block:pt-(--shadow-height) [&amp;:has([data-writing-block])&gt;*]:pointer-events-auto scroll-mt-[calc(var(--header-height)+min(200px,max(70px,20svh)))]\" dir=\"auto\" data-turn-id=\"request-WEB:59facef7-6255-4c67-8d87-e85868f28d22-9\" data-testid=\"conversation-turn-16\" data-scroll-anchor=\"true\" data-turn=\"assistant\">\n<div class=\"text-base my-auto mx-auto pb-10 [--thread-content-margin:var(--thread-content-margin-xs,calc(var(--spacing)*4))] @w-sm\/main:[--thread-content-margin:var(--thread-content-margin-sm,calc(var(--spacing)*6))] @w-lg\/main:[--thread-content-margin:var(--thread-content-margin-lg,calc(var(--spacing)*16))] px-(--thread-content-margin)\">\n<div class=\"[--thread-content-max-width:40rem] @w-lg\/main:[--thread-content-max-width:48rem] mx-auto max-w-(--thread-content-max-width) flex-1 group\/turn-messages focus-visible:outline-hidden relative flex w-full min-w-0 flex-col agent-turn\">\n<div class=\"flex max-w-full flex-col gap-4 grow\">\n<div class=\"min-h-8 text-message relative flex w-full flex-col items-end gap-2 text-start break-words whitespace-normal outline-none keyboard-focused:focus-ring [.text-message+&amp;]:mt-1\" dir=\"auto\" tabindex=\"0\" data-message-author-role=\"assistant\" data-message-id=\"380b4c22-a18b-4696-bcd3-9d9425ee1db6\" data-message-model-slug=\"gpt-5-3\" data-turn-start-message=\"true\">\n<div class=\"flex w-full flex-col gap-1 empty:hidden\">\n<div class=\"markdown prose dark:prose-invert w-full wrap-break-word dark markdown-new-styling\">\n<p data-start=\"0\" data-end=\"429\" data-is-last-node=\"\" data-is-only-node=\"\"><span style=\"text-decoration: underline;\"><strong>T\u0103ng hi\u1ec7u su\u1ea5t l\u00e0m vi\u1ec7c trong d\u00e2y chuy\u1ec1n b\u1ebfp:<\/strong><\/span><br data-start=\"49\" data-end=\"52\" \/>Vi\u1ec7c b\u1ed1 tr\u00ed b\u00e0n m\u00e1t ngay t\u1ea1i khu v\u1ef1c ch\u1ebf bi\u1ebfn gi\u00fap gi\u1ea3m \u0111\u00e1ng k\u1ec3 th\u1eddi gian di chuy\u1ec3n v\u00e0 thao t\u00e1c c\u1ee7a nh\u00e2n vi\u00ean trong qu\u00e1 tr\u00ecnh chu\u1ea9n b\u1ecb nguy\u00ean li\u1ec7u. Nh\u1edd \u0111\u00f3, quy tr\u00ecnh l\u00e0m vi\u1ec7c tr\u1edf n\u00ean li\u1ec1n m\u1ea1ch v\u00e0 hi\u1ec7u qu\u1ea3 h\u01a1n, g\u00f3p ph\u1ea7n r\u00fat ng\u1eafn th\u1eddi gian ph\u1ee5c v\u1ee5, h\u1ea1n ch\u1ebf sai s\u00f3t trong v\u1eadn h\u00e0nh v\u00e0 n\u00e2ng cao n\u0103ng su\u1ea5t l\u00e0m vi\u1ec7c, \u0111\u1eb7c bi\u1ec7t trong c\u00e1c khung gi\u1edd cao \u0111i\u1ec3m khi nhu c\u1ea7u ph\u1ee5c v\u1ee5 t\u0103ng cao.<\/p>\n<\/div>\n<\/div>\n<\/div>\n<\/div>\n<\/div>\n<\/div>\n<\/section>\n<\/div>\n<h3 class=\"pointer-events-none h-px w-px absolute bottom-0\" aria-hidden=\"true\" data-edge=\"true\">T\u1ea1i sao n\u00ean ch\u1ecdn Finocool v\u00e0 thi\u1ebft b\u1ecb b\u1ebfp c\u00f4ng nghi\u1ec7p t\u1ea1i P.A.P<\/h3>\n<div aria-hidden=\"true\" data-edge=\"true\">V\u1edbi 20 n\u0103m kinh nghi\u1ec7m trong ng\u00e0nh b\u1ebfp c\u00f4ng nghi\u1ec7p ch\u00fang t\u00f4i t\u1ef1 tin c\u00f3 th\u1ec3 nh\u1eadn \u0111\u1ecbnh nh\u1eefng s\u1ea3n ph\u1ea9m ch\u1ea5t l\u01b0\u1ee3ng v\u00e0 mang l\u1ea1i hi\u1ec7u qu\u1ea3 thi\u1ebft th\u1ef1c cho kh\u00e1ch h\u00e0ng. FinoCool ch\u00ednh l\u00e0 s\u1ea3n ph\u1ea9m t\u00e2m huy\u1ebft c\u1ee7a P.A.P mu\u1ed1n mang l\u1ea1i cho kh\u00e1ch h\u00e0ng 1 s\u1ea3n ph\u1ea9m ch\u1ea5t l\u01b0\u1ee3ng \u0111\u1ea1t chu\u1ea9n nh\u01b0ng c\u0169ng \u0111\u1ea3m b\u1ea3o chi ph\u00ed h\u1ee3p l\u00fd \u0111\u1ec3 kh\u00e1ch h\u00e0ng c\u00f3 th\u1ec3 \u0111\u1ea7u t\u01b0 d\u00e0i l\u00e2u v\u00e0o c\u0103n b\u1ebfp c\u1ee7a m\u00ecnh.<\/div>\n<div aria-hidden=\"true\" data-edge=\"true\"><\/div>\n<div aria-hidden=\"true\" data-edge=\"true\">Tham kh\u1ea3o th\u00eam:<\/div>\n<div aria-hidden=\"true\" data-edge=\"true\"><a href=\"http:\/\/pap.com.vn\" target=\"_blank\" rel=\"noopener\">====&gt;&gt;&gt;&gt;&gt;&gt; D\u1ef1 \u00e1n c\u1ee7a P.A.P<\/a><\/div>\n<div aria-hidden=\"true\" data-edge=\"true\"><img fetchpriority=\"high\" decoding=\"async\" class=\"alignnone wp-image-307 size-full\" src=\"https:\/\/products.pap.com.vn\/wp-content\/uploads\/2026\/03\/fino-scaled.jpg\" alt=\"B\u00e0n m\u00e1t 2 c\u1eeda tr\u01b0\u1edbc 1m5 FinoCool FN-UC1500\" width=\"2560\" height=\"1810\" srcset=\"https:\/\/products.pap.com.vn\/wp-content\/uploads\/2026\/03\/fino-scaled.jpg 2560w, https:\/\/products.pap.com.vn\/wp-content\/uploads\/2026\/03\/fino-300x212.jpg 300w, https:\/\/products.pap.com.vn\/wp-content\/uploads\/2026\/03\/fino-1024x724.jpg 1024w, https:\/\/products.pap.com.vn\/wp-content\/uploads\/2026\/03\/fino-768x543.jpg 768w, https:\/\/products.pap.com.vn\/wp-content\/uploads\/2026\/03\/fino-1536x1086.jpg 1536w, https:\/\/products.pap.com.vn\/wp-content\/uploads\/2026\/03\/fino-2048x1448.jpg 2048w, https:\/\/products.pap.com.vn\/wp-content\/uploads\/2026\/03\/fino-600x424.jpg 600w\" sizes=\"(max-width: 2560px) 100vw, 2560px\" \/><\/div>\n<div aria-hidden=\"true\" data-edge=\"true\">\n<p>Facebook:\u00a0<a href=\"https:\/\/www.facebook.com\/PAPCommercialKitchenSupplier\" target=\"_blank\" rel=\"noopener\">Commercial Kitchen Equipment and stainless steel by PAP<\/a><\/p>\n<p>Pinterest:\u00a0<a href=\"https:\/\/www.pinterest.com\/PAPKITCHEN2025\/\" target=\"_blank\" rel=\"noopener\">C\u00f4ng Ty TNHH Th\u01b0\u01a1ng M\u1ea1i V\u00e0 D\u1ecbch V\u1ee5 P.A.P<\/a><\/p>\n<\/div>\n<\/div>\n","protected":false},"excerpt":{"rendered":"<p>B\u00e0n m\u00e1t 2 c\u1eeda tr\u01b0\u1edbc 1m2 FinoCool FN-UC1200 ( Under Counter Refrigerator):<\/p>\n<ul>\n<li>K\u00edch th\u01b0\u1edbc: 1200 x 700 x 850 mm<\/li>\n<li>\u0110i\u1ec7n \u00e1p: 220V ~ 50 Hz<\/li>\n<li>M\u00e1y n\u00e9n: Embraco ( Brazil )<\/li>\n<li>B\u1ed9 \u0111i\u1ec1u khi\u1ec3n: Dixell ( \u00dd )<\/li>\n<li>Nhi\u1ec7t \u0111\u1ed9 l\u1ea1nh: 2 -10 \u0111\u1ed9 C<\/li>\n<li>Dung t\u00edch : 250 L\u00edt.<\/li>\n<\/ul>\n","protected":false},"featured_media":353,"comment_status":"open","ping_status":"closed","template":"","meta":[],"product_brand":[24],"product_cat":[17,75],"product_tag":[],"class_list":{"0":"post-675","1":"product","2":"type-product","3":"status-publish","4":"has-post-thumbnail","6":"product_brand-finocool","7":"product_cat-thiet-bi-bep","8":"product_cat-thiet-bi-lanh","10":"first","11":"instock","12":"taxable","13":"shipping-taxable","14":"purchasable","15":"product-type-simple"},"_links":{"self":[{"href":"https:\/\/products.pap.com.vn\/index.php?rest_route=\/wp\/v2\/product\/675","targetHints":{"allow":["GET"]}}],"collection":[{"href":"https:\/\/products.pap.com.vn\/index.php?rest_route=\/wp\/v2\/product"}],"about":[{"href":"https:\/\/products.pap.com.vn\/index.php?rest_route=\/wp\/v2\/types\/product"}],"replies":[{"embeddable":true,"href":"https:\/\/products.pap.com.vn\/index.php?rest_route=%2Fwp%2Fv2%2Fcomments&post=675"}],"version-history":[{"count":0,"href":"https:\/\/products.pap.com.vn\/index.php?rest_route=\/wp\/v2\/product\/675\/revisions"}],"wp:featuredmedia":[{"embeddable":true,"href":"https:\/\/products.pap.com.vn\/index.php?rest_route=\/wp\/v2\/media\/353"}],"wp:attachment":[{"href":"https:\/\/products.pap.com.vn\/index.php?rest_route=%2Fwp%2Fv2%2Fmedia&parent=675"}],"wp:term":[{"taxonomy":"product_brand","embeddable":true,"href":"https:\/\/products.pap.com.vn\/index.php?rest_route=%2Fwp%2Fv2%2Fproduct_brand&post=675"},{"taxonomy":"product_cat","embeddable":true,"href":"https:\/\/products.pap.com.vn\/index.php?rest_route=%2Fwp%2Fv2%2Fproduct_cat&post=675"},{"taxonomy":"product_tag","embeddable":true,"href":"https:\/\/products.pap.com.vn\/index.php?rest_route=%2Fwp%2Fv2%2Fproduct_tag&post=675"}],"curies":[{"name":"wp","href":"https:\/\/api.w.org\/{rel}","templated":true}]}}