{"id":714,"date":"2026-04-03T02:23:30","date_gmt":"2026-04-03T02:23:30","guid":{"rendered":"https:\/\/products.pap.com.vn\/?post_type=product&#038;p=714"},"modified":"2026-04-03T02:24:46","modified_gmt":"2026-04-03T02:24:46","slug":"bottle-cooler-2-cua-finocool","status":"publish","type":"product","link":"https:\/\/products.pap.com.vn\/?product=bottle-cooler-2-cua-finocool","title":{"rendered":"Bottle Cooler 2 c\u1eeda FinoCool FN-BC2D"},"content":{"rendered":"<p>Bottle Cooler 2 c\u1eeda l\u00e0 s\u1ea3n ph\u1ea9m d\u00f9ng \u0111\u1ec3 tr\u01b0ng b\u00e0y chai v\u00e0 n\u01b0\u1edbc u\u1ed1ng t\u1ea1i c\u00e1c qu\u1ea7y bar, d\u00f9ng cho khu v\u1ef1c FOH mang l\u1ea1i cho b\u1ea1n kh\u00f4ng gian F&amp;B \u0111\u1eb3ng c\u1ea5p v\u00e0 t\u1ed1i \u01b0u \u0111\u01b0\u1ee3c t\u1ed1c \u0111\u1ed9 v\u1eadn h\u00e0ng cho doanh nghi\u1ec7p.<\/p>\n<h1>Th\u00f4ng s\u1ed1 k\u1ef9 thu\u1eadt Bottle Cooler 2 c\u1eeda FinoCool FN-BC2D<\/h1>\n<table>\n<thead>\n<tr>\n<th><strong>Specification<\/strong><\/th>\n<th><strong>Details<\/strong><\/th>\n<\/tr>\n<\/thead>\n<tbody>\n<tr>\n<td><strong>Model<\/strong><\/td>\n<td>FN-BC2D<\/td>\n<\/tr>\n<tr>\n<td><strong>Dimension (mm)<\/strong><\/td>\n<td>920 x 508 x 850<\/td>\n<\/tr>\n<tr>\n<td><strong>Voltage (V\/Hz)<\/strong><\/td>\n<td>220~50<\/td>\n<\/tr>\n<tr>\n<td><strong>Power (W)<\/strong><\/td>\n<td>264<\/td>\n<\/tr>\n<tr>\n<td><strong>Capacity (L)<\/strong><\/td>\n<td>170<\/td>\n<\/tr>\n<tr>\n<td><strong>Temperature (\u00b0C)<\/strong><\/td>\n<td>2 ~ 10<\/td>\n<\/tr>\n<tr>\n<td><strong>Doors<\/strong><\/td>\n<td>2<\/td>\n<\/tr>\n<tr>\n<td><strong>Compressor<\/strong><\/td>\n<td>Embraco<\/td>\n<\/tr>\n<tr>\n<td><strong>Controller<\/strong><\/td>\n<td>Dixell<\/td>\n<\/tr>\n<tr>\n<td><strong>Refrigerant<\/strong><\/td>\n<td>R134a<\/td>\n<\/tr>\n<\/tbody>\n<\/table>\n<p><img fetchpriority=\"high\" decoding=\"async\" class=\"aligncenter wp-image-716 size-full\" src=\"https:\/\/products.pap.com.vn\/wp-content\/uploads\/2026\/04\/bottle-cooler-Finocool-FN-BC2D-2.jpg\" alt=\"Bottle cooler 2 c\u1eeda Fincool FN-BC2D\" width=\"625\" height=\"625\" srcset=\"https:\/\/products.pap.com.vn\/wp-content\/uploads\/2026\/04\/bottle-cooler-Finocool-FN-BC2D-2.jpg 625w, https:\/\/products.pap.com.vn\/wp-content\/uploads\/2026\/04\/bottle-cooler-Finocool-FN-BC2D-2-300x300.jpg 300w, https:\/\/products.pap.com.vn\/wp-content\/uploads\/2026\/04\/bottle-cooler-Finocool-FN-BC2D-2-150x150.jpg 150w, https:\/\/products.pap.com.vn\/wp-content\/uploads\/2026\/04\/bottle-cooler-Finocool-FN-BC2D-2-600x600.jpg 600w, https:\/\/products.pap.com.vn\/wp-content\/uploads\/2026\/04\/bottle-cooler-Finocool-FN-BC2D-2-100x100.jpg 100w\" sizes=\"(max-width: 625px) 100vw, 625px\" \/><\/p>\n<p>=&gt;&gt;&gt;&gt;&gt;&gt; T<a href=\"http:\/\/products.pap.com.vn\">ham kh\u1ea3o th\u00eam c\u00e1c s\u1ea3n ph\u1ea9m c\u1ee7a ch\u00fang t\u00f4i t\u1ea1i \u0111\u00e2y<\/a><\/p>\n<h2>\u01afu \u0111i\u1ec3m c\u1ee7a Bottle Cooler 2 c\u1eeda trong FOH<\/h2>\n<p data-start=\"225\" data-end=\"775\"><strong data-start=\"225\" data-end=\"283\">T\u1ed1i \u01b0u hi\u1ec7u qu\u1ea3 v\u1eadn h\u00e0nh t\u1ea1i khu v\u1ef1c ph\u1ee5c v\u1ee5 tr\u1ef1c ti\u1ebfp<\/strong><br data-start=\"283\" data-end=\"286\" \/>Trong khu v\u1ef1c FOH, n\u01a1i t\u1ed1c \u0111\u1ed9 ph\u1ee5c v\u1ee5 \u1ea3nh h\u01b0\u1edfng tr\u1ef1c ti\u1ebfp \u0111\u1ebfn tr\u1ea3i nghi\u1ec7m kh\u00e1ch h\u00e0ng, Bottle Cooler 2 c\u1eeda gi\u00fap r\u00fat ng\u1eafn \u0111\u00e1ng k\u1ec3 th\u1eddi gian thao t\u00e1c c\u1ee7a nh\u00e2n vi\u00ean. Vi\u1ec7c b\u1ed1 tr\u00ed thi\u1ebft b\u1ecb ngay t\u1ea1i qu\u1ea7y bar ho\u1eb7c khu v\u1ef1c ph\u1ee5c v\u1ee5 cho ph\u00e9p \u0111\u1ed3 u\u1ed1ng lu\u00f4n \u1edf tr\u1ea1ng th\u00e1i s\u1eb5n s\u00e0ng, h\u1ea1n ch\u1ebf vi\u1ec7c di chuy\u1ec3n \u0111\u1ebfn c\u00e1c khu v\u1ef1c l\u01b0u tr\u1eef ph\u00eda sau. \u0110i\u1ec1u n\u00e0y gi\u00fap duy tr\u00ec nh\u1ecbp \u0111\u1ed9 ph\u1ee5c v\u1ee5 \u1ed5n \u0111\u1ecbnh trong nh\u1eefng khung gi\u1edd cao \u0111i\u1ec3m, \u0111\u1ed3ng th\u1eddi gi\u1ea3m \u00e1p l\u1ef1c v\u1eadn h\u00e0nh v\u00e0 t\u0103ng hi\u1ec7u su\u1ea5t l\u00e0m vi\u1ec7c t\u1ed5ng th\u1ec3 c\u1ee7a \u0111\u1ed9i ng\u0169 nh\u00e2n s\u1ef1.<\/p>\n<p data-start=\"777\" data-end=\"1336\"><strong data-start=\"777\" data-end=\"840\">G\u00f3p ph\u1ea7n n\u00e2ng cao h\u00ecnh \u1ea3nh chuy\u00ean nghi\u1ec7p cho kh\u00f4ng gian FOH<\/strong><br data-start=\"840\" data-end=\"843\" \/>Trong m\u00f4i tr\u01b0\u1eddng F&amp;B hi\u1ec7n \u0111\u1ea1i, khu v\u1ef1c ph\u00eda tr\u01b0\u1edbc kh\u00f4ng ch\u1ec9 l\u00e0 n\u01a1i ph\u1ee5c v\u1ee5 m\u00e0 c\u00f2n l\u00e0 n\u01a1i kh\u00e1ch h\u00e0ng quan s\u00e1t v\u00e0 \u0111\u00e1nh gi\u00e1 ch\u1ea5t l\u01b0\u1ee3ng d\u1ecbch v\u1ee5. Bottle Cooler 2 c\u1eeda v\u1edbi thi\u1ebft k\u1ebf g\u1ecdn g\u00e0ng v\u00e0 hi\u1ec7n \u0111\u1ea1i gi\u00fap kh\u00f4ng gian qu\u1ea7y bar tr\u1edf n\u00ean ng\u0103n n\u1eafp v\u00e0 chuy\u00ean nghi\u1ec7p h\u01a1n. S\u1ef1 hi\u1ec7n di\u1ec7n c\u1ee7a thi\u1ebft b\u1ecb tr\u01b0ng b\u00e0y \u0111\u1ed3 u\u1ed1ng r\u00f5 r\u00e0ng, khoa h\u1ecdc t\u1ea1o c\u1ea3m gi\u00e1c tin c\u1eady v\u1ec1 quy tr\u00ecnh b\u1ea3o qu\u1ea3n s\u1ea3n ph\u1ea9m, t\u1eeb \u0111\u00f3 n\u00e2ng cao gi\u00e1 tr\u1ecb h\u00ecnh \u1ea3nh th\u01b0\u01a1ng hi\u1ec7u v\u00e0 t\u1ea1o \u1ea5n t\u01b0\u1ee3ng t\u00edch c\u1ef1c ngay t\u1eeb nh\u1eefng tr\u1ea3i nghi\u1ec7m \u0111\u1ea7u ti\u00ean c\u1ee7a kh\u00e1ch h\u00e0ng.<\/p>\n<p data-start=\"1338\" data-end=\"1847\"><strong data-start=\"1338\" data-end=\"1405\">\u0110\u1ea3m b\u1ea3o ch\u1ea5t l\u01b0\u1ee3ng \u0111\u1ed3 u\u1ed1ng \u1ed5n \u0111\u1ecbnh trong su\u1ed1t th\u1eddi gian ph\u1ee5c v\u1ee5<\/strong><br data-start=\"1405\" data-end=\"1408\" \/>M\u1ed9t trong nh\u1eefng y\u00eau c\u1ea7u quan tr\u1ecdng t\u1ea1i FOH l\u00e0 \u0111\u1ed3 u\u1ed1ng ph\u1ea3i lu\u00f4n \u0111\u1ea1t ch\u1ea5t l\u01b0\u1ee3ng \u0111\u1ed3ng \u0111\u1ec1u khi \u0111\u1ebfn tay kh\u00e1ch h\u00e0ng. Bottle Cooler 2 c\u1eeda gi\u00fap duy tr\u00ec nhi\u1ec7t \u0111\u1ed9 \u1ed5n \u0111\u1ecbnh, h\u1ea1n ch\u1ebf s\u1ef1 bi\u1ebfn \u0111\u1ed5i ch\u1ea5t l\u01b0\u1ee3ng do nhi\u1ec7t \u0111\u1ed9 m\u00f4i tr\u01b0\u1eddng ho\u1eb7c t\u1ea7n su\u1ea5t m\u1edf t\u1ee7 cao. \u0110i\u1ec1u n\u00e0y \u0111\u1eb7c bi\u1ec7t quan tr\u1ecdng \u0111\u1ed1i v\u1edbi c\u00e1c m\u00f4 h\u00ecnh kinh doanh c\u00f3 l\u01b0u l\u01b0\u1ee3ng kh\u00e1ch l\u1edbn, n\u01a1i s\u1ef1 nh\u1ea5t qu\u00e1n trong ch\u1ea5t l\u01b0\u1ee3ng s\u1ea3n ph\u1ea9m l\u00e0 y\u1ebfu t\u1ed1 then ch\u1ed1t \u0111\u1ec3 gi\u1eef ch\u00e2n kh\u00e1ch h\u00e0ng v\u00e0 x\u00e2y d\u1ef1ng uy t\u00edn l\u00e2u d\u00e0i.<\/p>\n<p data-start=\"1338\" data-end=\"1847\"><img decoding=\"async\" class=\"aligncenter wp-image-636 size-large\" src=\"https:\/\/products.pap.com.vn\/wp-content\/uploads\/2026\/04\/P.A.P-PERFECT-AS-POSSIBLE-1080-x-1500-px-A2-Ngang-1024x724.jpg\" alt=\"Bottle cooler 2 c\u1eeda Fincool FN-BC2D\" width=\"800\" height=\"566\" srcset=\"https:\/\/products.pap.com.vn\/wp-content\/uploads\/2026\/04\/P.A.P-PERFECT-AS-POSSIBLE-1080-x-1500-px-A2-Ngang-1024x724.jpg 1024w, https:\/\/products.pap.com.vn\/wp-content\/uploads\/2026\/04\/P.A.P-PERFECT-AS-POSSIBLE-1080-x-1500-px-A2-Ngang-300x212.jpg 300w, https:\/\/products.pap.com.vn\/wp-content\/uploads\/2026\/04\/P.A.P-PERFECT-AS-POSSIBLE-1080-x-1500-px-A2-Ngang-768x543.jpg 768w, https:\/\/products.pap.com.vn\/wp-content\/uploads\/2026\/04\/P.A.P-PERFECT-AS-POSSIBLE-1080-x-1500-px-A2-Ngang-1536x1086.jpg 1536w, https:\/\/products.pap.com.vn\/wp-content\/uploads\/2026\/04\/P.A.P-PERFECT-AS-POSSIBLE-1080-x-1500-px-A2-Ngang-2048x1448.jpg 2048w, https:\/\/products.pap.com.vn\/wp-content\/uploads\/2026\/04\/P.A.P-PERFECT-AS-POSSIBLE-1080-x-1500-px-A2-Ngang-600x424.jpg 600w\" sizes=\"(max-width: 800px) 100vw, 800px\" \/><\/p>\n<p data-start=\"1849\" data-end=\"2389\" data-is-last-node=\"\" data-is-only-node=\"\"><strong data-start=\"1849\" data-end=\"1907\">T\u0103ng kh\u1ea3 n\u0103ng t\u1ed5 ch\u1ee9c v\u00e0 qu\u1ea3n l\u00fd h\u00e0ng h\u00f3a t\u1ea1i qu\u1ea7y bar<\/strong><br data-start=\"1907\" data-end=\"1910\" \/>Kh\u00f4ng gian FOH th\u01b0\u1eddng c\u00f3 di\u1ec7n t\u00edch h\u1ea1n ch\u1ebf, v\u00ec v\u1eady vi\u1ec7c s\u1eafp x\u1ebfp \u0111\u1ed3 u\u1ed1ng m\u1ed9t c\u00e1ch khoa h\u1ecdc l\u00e0 y\u1ebfu t\u1ed1 quan tr\u1ecdng \u0111\u1ec3 duy tr\u00ec s\u1ef1 g\u1ecdn g\u00e0ng v\u00e0 ki\u1ec3m so\u00e1t t\u1ed3n kho hi\u1ec7u qu\u1ea3. Bottle Cooler 2 c\u1eeda cho ph\u00e9p ph\u00e2n chia v\u00e0 tr\u01b0ng b\u00e0y nhi\u1ec1u lo\u1ea1i \u0111\u1ed3 u\u1ed1ng kh\u00e1c nhau trong c\u00f9ng m\u1ed9t thi\u1ebft b\u1ecb, gi\u00fap nh\u00e2n vi\u00ean d\u1ec5 d\u00e0ng quan s\u00e1t, ki\u1ec3m so\u00e1t s\u1ed1 l\u01b0\u1ee3ng v\u00e0 b\u1ed5 sung h\u00e0ng h\u00f3a k\u1ecbp th\u1eddi. \u0110i\u1ec1u n\u00e0y kh\u00f4ng ch\u1ec9 h\u1ed7 tr\u1ee3 c\u00f4ng t\u00e1c v\u1eadn h\u00e0nh h\u1eb1ng ng\u00e0y m\u00e0 c\u00f2n g\u00f3p ph\u1ea7n gi\u1ea3m th\u1ea5t tho\u00e1t v\u00e0 t\u1ed1i \u01b0u chi ph\u00ed qu\u1ea3n l\u00fd trong d\u00e0i h\u1ea1n.<\/p>\n<h3 data-start=\"1849\" data-end=\"2389\">P.A.P \u0111\u01a1n v\u1ecb cung c\u1ea5p thi\u1ebft b\u1ecb b\u1ebfp v\u00e0 thi\u1ebft b\u1ecb l\u1ea1nh uy t\u00edn h\u00e0ng \u0111\u1ea7u<\/h3>\n<p data-start=\"75\" data-end=\"451\">V\u1edbi kinh nghi\u1ec7m ho\u1ea1t \u0111\u1ed9ng trong l\u0129nh v\u1ef1c thi\u1ebft b\u1ecb b\u1ebfp c\u00f4ng nghi\u1ec7p v\u00e0 thi\u1ebft b\u1ecb l\u1ea1nh,<a href=\"http:\/\/pap.com.vn\" target=\"_blank\" rel=\"noopener\"> <strong data-start=\"159\" data-end=\"168\">P.A.P<\/strong> \u0111\u00e3 v\u00e0 \u0111ang tr\u1edf th\u00e0nh \u0111\u1ed1i t\u00e1c tin c\u1eady<\/a> c\u1ee7a nhi\u1ec1u nh\u00e0 h\u00e0ng, kh\u00e1ch s\u1ea1n, qu\u00e1n caf\u00e9, b\u1ebfp \u0103n c\u00f4ng nghi\u1ec7p v\u00e0 m\u00f4 h\u00ecnh F&amp;B tr\u00ean to\u00e0n qu\u1ed1c. Doanh nghi\u1ec7p t\u1eadp trung v\u00e0o vi\u1ec7c cung c\u1ea5p c\u00e1c gi\u1ea3i ph\u00e1p thi\u1ebft b\u1ecb \u0111\u1ed3ng b\u1ed9, \u0111\u00e1p \u1ee9ng y\u00eau c\u1ea7u v\u1eadn h\u00e0nh th\u1ef1c t\u1ebf v\u00e0 ph\u00f9 h\u1ee3p v\u1edbi \u0111\u1eb7c th\u00f9 t\u1eebng m\u00f4 h\u00ecnh kinh doanh.<\/p>\n<p data-start=\"453\" data-end=\"819\">\u0110i\u1ec3m kh\u00e1c bi\u1ec7t c\u1ee7a P.A.P kh\u00f4ng ch\u1ec9 n\u1eb1m \u1edf danh m\u1ee5c s\u1ea3n ph\u1ea9m \u0111a d\u1ea1ng m\u00e0 c\u00f2n \u1edf kh\u1ea3 n\u0103ng t\u01b0 v\u1ea5n gi\u1ea3i ph\u00e1p d\u1ef1a tr\u00ean nhu c\u1ea7u s\u1eed d\u1ee5ng c\u1ee5 th\u1ec3 c\u1ee7a kh\u00e1ch h\u00e0ng. T\u1eeb kh\u00e2u l\u1ef1a ch\u1ecdn thi\u1ebft b\u1ecb, thi\u1ebft k\u1ebf b\u1ed1 tr\u00ed m\u1eb7t b\u1eb1ng \u0111\u1ebfn l\u1eafp \u0111\u1eb7t v\u00e0 v\u1eadn h\u00e0nh, P.A.P lu\u00f4n h\u01b0\u1edbng \u0111\u1ebfn m\u1ee5c ti\u00eau t\u1ed1i \u01b0u hi\u1ec7u qu\u1ea3 s\u1eed d\u1ee5ng, ti\u1ebft ki\u1ec7m chi ph\u00ed \u0111\u1ea7u t\u01b0 v\u00e0 \u0111\u1ea3m b\u1ea3o t\u00ednh b\u1ec1n v\u1eefng trong qu\u00e1 tr\u00ecnh khai th\u00e1c l\u00e2u d\u00e0i.<\/p>\n<p data-start=\"821\" data-end=\"1248\">B\u00ean c\u1ea1nh \u0111\u00f3, P.A.P ch\u00fa tr\u1ecdng \u0111\u1ebfn ch\u1ea5t l\u01b0\u1ee3ng s\u1ea3n ph\u1ea9m v\u00e0 d\u1ecbch v\u1ee5 h\u1eadu m\u00e3i, v\u1edbi c\u00e1c d\u00f2ng thi\u1ebft b\u1ecb \u0111\u01b0\u1ee3c s\u1ea3n xu\u1ea5t ho\u1eb7c l\u1ef1a ch\u1ecdn t\u1eeb nh\u1eefng th\u01b0\u01a1ng hi\u1ec7u uy t\u00edn, \u0111\u00e1p \u1ee9ng ti\u00eau chu\u1ea9n v\u1ec1 \u0111\u1ed9 b\u1ec1n, an to\u00e0n v\u1ec7 sinh v\u00e0 hi\u1ec7u su\u1ea5t l\u00e0m vi\u1ec7c trong m\u00f4i tr\u01b0\u1eddng b\u1ebfp c\u00f4ng nghi\u1ec7p. S\u1ef1 ch\u1ee7 \u0111\u1ed9ng trong ngu\u1ed3n cung v\u00e0 n\u0103ng l\u1ef1c k\u1ef9 thu\u1eadt gi\u00fap doanh nghi\u1ec7p linh ho\u1ea1t trong vi\u1ec7c gia c\u00f4ng, t\u00f9y ch\u1ec9nh thi\u1ebft b\u1ecb theo k\u00edch th\u01b0\u1edbc v\u00e0 y\u00eau c\u1ea7u th\u1ef1c t\u1ebf c\u1ee7a t\u1eebng c\u00f4ng tr\u00ecnh.<\/p>\n<p data-start=\"1250\" data-end=\"1542\" data-is-last-node=\"\" data-is-only-node=\"\">V\u1edbi \u0111\u1ecbnh h\u01b0\u1edbng ph\u00e1t tri\u1ec3n l\u00e2u d\u00e0i trong ng\u00e0nh thi\u1ebft b\u1ecb b\u1ebfp v\u00e0 thi\u1ebft b\u1ecb l\u1ea1nh, <strong data-start=\"1327\" data-end=\"1336\">P.A.P<\/strong> kh\u00f4ng ch\u1ec9 cung c\u1ea5p s\u1ea3n ph\u1ea9m m\u00e0 c\u00f2n \u0111\u1ed3ng h\u00e0nh c\u00f9ng kh\u00e1ch h\u00e0ng trong qu\u00e1 tr\u00ecnh x\u00e2y d\u1ef1ng v\u00e0 v\u1eadn h\u00e0nh h\u1ec7 th\u1ed1ng b\u1ebfp chuy\u00ean nghi\u1ec7p, g\u00f3p ph\u1ea7n n\u00e2ng cao hi\u1ec7u qu\u1ea3 kinh doanh v\u00e0 ch\u1ea5t l\u01b0\u1ee3ng d\u1ecbch v\u1ee5 trong l\u0129nh v\u1ef1c F&amp;B.<\/p>\n<p data-start=\"1250\" data-end=\"1542\" data-is-last-node=\"\" data-is-only-node=\"\">=&gt;&gt;&gt;&gt;&gt;&gt;&gt; Tham kh\u1ea3o th\u00eam v\u1ec1 ch\u00fang t\u00f4i t\u1ea1i \u0111\u00e2y:<\/p>\n<p>Facebook:\u00a0<a href=\"https:\/\/www.facebook.com\/PAPCommercialKitchenSupplier\" target=\"_blank\" rel=\"noopener\">Commercial Kitchen Equipment and stainless steel by PAP<\/a><\/p>\n<p>Pinterest:\u00a0<a href=\"https:\/\/www.pinterest.com\/PAPKITCHEN2025\/\" target=\"_blank\" rel=\"noopener\">C\u00f4ng Ty TNHH Th\u01b0\u01a1ng M\u1ea1i V\u00e0 D\u1ecbch V\u1ee5 P.A.P<\/a><\/p>\n","protected":false},"excerpt":{"rendered":"<p>Bottle Cooler 2 c\u1eeda FinoCool FN-BC2D:<\/p>\n<div class=\"\" data-block=\"true\" data-editor=\"e2nnl\" data-offset-key=\"3i3nv-0-0\">\n<ul>\n<li class=\"_1mf _1mj\" data-offset-key=\"3i3nv-0-0\"><span data-offset-key=\"3i3nv-0-0\">Model: FN-BC2D ( Bottle Cooler 2 door )<\/span><\/li>\n<li class=\"_1mf _1mj\" data-offset-key=\"3i3nv-0-0\"><span data-offset-key=\"8rn5n-0-0\">K\u00edch th\u01b0\u1edbc: 920 x 508 x 850 mm<\/span><\/li>\n<li class=\"_1mf _1mj\" data-offset-key=\"3i3nv-0-0\"><span data-offset-key=\"8eevc-0-0\">Dung t\u00edch: 170 L\u00edt<\/span><\/li>\n<li class=\"_1mf _1mj\" data-offset-key=\"3i3nv-0-0\"><span data-offset-key=\"eb2gj-0-0\">Nhi\u1ec7t \u0111\u1ed9: 2 &#8211; 10 \u0111\u1ed9 C<\/span><\/li>\n<li class=\"_1mf _1mj\" data-offset-key=\"3i3nv-0-0\"><span data-offset-key=\"18kp3-0-0\">C\u00f4ng su\u1ea5t: 220V &#8211; 50 Hz<\/span><\/li>\n<li class=\"_1mf _1mj\" data-offset-key=\"3i3nv-0-0\">B\u1ea3o h\u00e0nh 24 th\u00e1ng<\/li>\n<\/ul>\n<\/div>\n<div class=\"\" data-block=\"true\" data-editor=\"e2nnl\" data-offset-key=\"18kp3-0-0\"><\/div>\n","protected":false},"featured_media":715,"comment_status":"open","ping_status":"closed","template":"","meta":[],"product_brand":[24],"product_cat":[17,75],"product_tag":[],"class_list":{"0":"post-714","1":"product","2":"type-product","3":"status-publish","4":"has-post-thumbnail","6":"product_brand-finocool","7":"product_cat-thiet-bi-bep","8":"product_cat-thiet-bi-lanh","10":"first","11":"instock","12":"taxable","13":"shipping-taxable","14":"purchasable","15":"product-type-simple"},"_links":{"self":[{"href":"https:\/\/products.pap.com.vn\/index.php?rest_route=\/wp\/v2\/product\/714","targetHints":{"allow":["GET"]}}],"collection":[{"href":"https:\/\/products.pap.com.vn\/index.php?rest_route=\/wp\/v2\/product"}],"about":[{"href":"https:\/\/products.pap.com.vn\/index.php?rest_route=\/wp\/v2\/types\/product"}],"replies":[{"embeddable":true,"href":"https:\/\/products.pap.com.vn\/index.php?rest_route=%2Fwp%2Fv2%2Fcomments&post=714"}],"version-history":[{"count":0,"href":"https:\/\/products.pap.com.vn\/index.php?rest_route=\/wp\/v2\/product\/714\/revisions"}],"wp:featuredmedia":[{"embeddable":true,"href":"https:\/\/products.pap.com.vn\/index.php?rest_route=\/wp\/v2\/media\/715"}],"wp:attachment":[{"href":"https:\/\/products.pap.com.vn\/index.php?rest_route=%2Fwp%2Fv2%2Fmedia&parent=714"}],"wp:term":[{"taxonomy":"product_brand","embeddable":true,"href":"https:\/\/products.pap.com.vn\/index.php?rest_route=%2Fwp%2Fv2%2Fproduct_brand&post=714"},{"taxonomy":"product_cat","embeddable":true,"href":"https:\/\/products.pap.com.vn\/index.php?rest_route=%2Fwp%2Fv2%2Fproduct_cat&post=714"},{"taxonomy":"product_tag","embeddable":true,"href":"https:\/\/products.pap.com.vn\/index.php?rest_route=%2Fwp%2Fv2%2Fproduct_tag&post=714"}],"curies":[{"name":"wp","href":"https:\/\/api.w.org\/{rel}","templated":true}]}}